{"id":22729,"date":"2024-12-27T04:26:45","date_gmt":"2024-12-27T04:26:45","guid":{"rendered":"https:\/\/www.metlaninst.com\/?post_type=product&#038;p=22729"},"modified":"2025-02-02T03:53:39","modified_gmt":"2025-02-02T03:53:39","slug":"magnetischer-durchflussmesser-fur-wasser-und-abwasser-mtf-w","status":"publish","type":"product","link":"https:\/\/metlaninst.com\/de\/p\/magnetischer-durchflussmesser-fur-wasser-und-abwasser-mtf-w\/","title":{"rendered":"Magnetischer Durchflussmesser f\u00fcr Wasser und Abwasser (MTF-W)"},"content":{"rendered":"<div class=\"e-con-inner\">\n<div class=\"elementor-element e-con-full e-flex e-con e-child\">\n<div class=\"elementor-widget-container\">\n<h3 class=\"elementor-heading-title elementor-size-default\">Merkmale:<\/h3>\n<\/div>\n<div class=\"elementor-widget-container\">\n<ol class=\"product-description-list\">\n<li>PU-, Neopren- oder PTFE-Auskleidung: ausgezeichnete chemische Best\u00e4ndigkeit<\/li>\n<li>Gro\u00dfe Auswahl an Elektrodenmaterialien<\/li>\n<li>Farben und Aussehen k\u00f6nnen nach Wunsch angepasst werden<\/li>\n<li>Auch in kundenspezifischen Konstruktionen erh\u00e4ltlich<\/li>\n<li>Keine beweglichen Teile, kein Verschlei\u00df, kein Druckverlust<\/li>\n<li>Zuverl\u00e4ssige Messung bei konstanter Genauigkeit<\/li>\n<li>Das Messprinzip ist nahezu unabh\u00e4ngig von Druck, Dichte, Temperatur und Viskosit\u00e4t<\/li>\n<li>F\u00fcr die LCD-Anzeige stehen Englisch, Spanisch, Franz\u00f6sisch und auf Anfrage weitere Sprachen zur Verf\u00fcgung.<\/li>\n<li>Jeder Durchflussmesser wird kalibriert und erh\u00e4lt eine eindeutige Seriennummer, die alle Kalibrierdaten enth\u00e4lt.<\/li>\n<li>Erh\u00e4ltlich mit kompakter oder abgesetzter Version des Senders.<\/li>\n<\/ol>\n<\/div>\n<\/div>\n<div class=\"elementor-element e-con-full e-flex e-con e-child\">\n<div class=\"elementor-widget-container\">\n<h3 class=\"elementor-heading-title elementor-size-default\">Anwendungen:<\/h3>\n<\/div>\n<div class=\"elementor-widget-container\">\n<h5 class=\"first\">Allgemein<\/h5>\n<ul class=\"product-description-list\">\n<li style=\"list-style-type: none;\">\n<ul class=\"product-description-list\">\n<li>Alle einfachen Wasser- und Abwasseranwendungen<\/li>\n<\/ul>\n<\/li>\n<\/ul>\n<h5>Wasser- und Abwasserwirtschaft<\/h5>\n<ul class=\"product-description-list\">\n<li>Entnahme und Bew\u00e4sserung<\/li>\n<li>\u00dcberwachung der Verteilungsnetze<\/li>\n<li>Wasserkreislauf- und Wasseraufbereitungssysteme<\/li>\n<li>Wasseraufbereitung und Entsalzung<\/li>\n<\/ul>\n<\/div>\n<\/div>\n<\/div>","protected":false},"excerpt":{"rendered":"<div class=\"short-description-head\">Dieses magnetisch-induktive Durchflussmessger\u00e4t eignet sich hervorragend f\u00fcr einfache Wasser- und Abwasseranwendungen, mit einem gro\u00dfen Durchmesserbereich und verschlei\u00dffesten Auskleidungsmaterialien. Die Installation in \u00fcberflutungsgef\u00e4hrdeten Messkammern ist mit der IP68-Version m\u00f6glich.<\/div>","protected":false},"featured_media":23251,"template":"","meta":[],"product_brand":[],"product_cat":[118,166,163],"product_tag":[],"class_list":{"0":"post-22729","1":"product","2":"type-product","3":"status-publish","4":"has-post-thumbnail","6":"product_cat-magnetic-flow-meters","7":"product_cat-liquid-flow-meters","8":"product_cat-water-flow-meters","10":"first","11":"instock","12":"shipping-taxable","13":"purchasable","14":"product-type-simple"},"_links":{"self":[{"href":"https:\/\/metlaninst.com\/de\/wp-json\/wp\/v2\/product\/22729","targetHints":{"allow":["GET"]}}],"collection":[{"href":"https:\/\/metlaninst.com\/de\/wp-json\/wp\/v2\/product"}],"about":[{"href":"https:\/\/metlaninst.com\/de\/wp-json\/wp\/v2\/types\/product"}],"version-history":[{"count":22,"href":"https:\/\/metlaninst.com\/de\/wp-json\/wp\/v2\/product\/22729\/revisions"}],"predecessor-version":[{"id":26147,"href":"https:\/\/metlaninst.com\/de\/wp-json\/wp\/v2\/product\/22729\/revisions\/26147"}],"wp:featuredmedia":[{"embeddable":true,"href":"https:\/\/metlaninst.com\/de\/wp-json\/wp\/v2\/media\/23251"}],"wp:attachment":[{"href":"https:\/\/metlaninst.com\/de\/wp-json\/wp\/v2\/media?parent=22729"}],"wp:term":[{"taxonomy":"product_brand","embeddable":true,"href":"https:\/\/metlaninst.com\/de\/wp-json\/wp\/v2\/product_brand?post=22729"},{"taxonomy":"product_cat","embeddable":true,"href":"https:\/\/metlaninst.com\/de\/wp-json\/wp\/v2\/product_cat?post=22729"},{"taxonomy":"product_tag","embeddable":true,"href":"https:\/\/metlaninst.com\/de\/wp-json\/wp\/v2\/product_tag?post=22729"}],"curies":[{"name":"wp","href":"https:\/\/api.w.org\/{rel}","templated":true}]}}