{"id":23193,"date":"2024-10-18T07:18:42","date_gmt":"2024-10-18T07:18:42","guid":{"rendered":"https:\/\/www.metlaninst.com\/?post_type=product&#038;p=23193"},"modified":"2025-02-02T04:03:42","modified_gmt":"2025-02-02T04:03:42","slug":"elektromagnetischer-durchflussmesser-fur-gulle-mtf-s","status":"publish","type":"product","link":"https:\/\/metlaninst.com\/de\/p\/elektromagnetischer-durchflussmesser-fur-gulle-mtf-s\/","title":{"rendered":"Magnetisch-induktiver Durchflussmesser f\u00fcr Schl\u00e4mme (MTF-S)"},"content":{"rendered":"<div class=\"e-con-inner\">\n<div class=\"elementor-element e-con-full e-flex e-con e-child\">\n<div class=\"elementor-widget-container\">\n<h3 class=\"elementor-heading-title elementor-size-default\">Merkmale:<\/h3>\n<\/div>\n<div class=\"elementor-widget-container\">\n<ol class=\"product-description-list\">\n<li>PU-, PFA-, ETFE- oder FEP-Auskleidung: ausgezeichnete Chemikalien- und Abriebfestigkeit<\/li>\n<li>Gro\u00dfe Auswahl an Elektrodenmaterialien<\/li>\n<li>Farben und Aussehen k\u00f6nnen nach Wunsch angepasst werden<\/li>\n<li>Auch in kundenspezifischen Konstruktionen erh\u00e4ltlich<\/li>\n<li>Keine beweglichen Teile, kein Verschlei\u00df, kein Druckverlust<\/li>\n<li>Zuverl\u00e4ssige Messung bei konstanter Genauigkeit<\/li>\n<li>Das Messprinzip ist nahezu unabh\u00e4ngig von Druck, Dichte, Temperatur und Viskosit\u00e4t<\/li>\n<li>F\u00fcr die LCD-Anzeige stehen Englisch, Spanisch, Franz\u00f6sisch und auf Anfrage weitere Sprachen zur Verf\u00fcgung.<\/li>\n<li>Jeder Durchflussmesser wird kalibriert und erh\u00e4lt eine eindeutige Seriennummer, die alle Kalibrierdaten enth\u00e4lt.<\/li>\n<li>Erh\u00e4ltlich mit kompakter oder abgesetzter Version des Senders.<\/li>\n<\/ol>\n<\/div>\n<\/div>\n<div class=\"elementor-element e-con-full e-flex e-con e-child\">\n<div class=\"elementor-widget-container\">\n<h3 class=\"elementor-heading-title elementor-size-default\">Anwendungen:<\/h3>\n<\/div>\n<div class=\"elementor-widget-container\">\n<h5 class=\"first\">Allgemein<\/h5>\n<ul class=\"product-description-list\">\n<li style=\"list-style-type: none;\">\n<ul class=\"product-description-list\">\n<li>Standardanwendungen mit sauberen, aggressiven oder abrasiven Fl\u00fcssigkeiten<\/li>\n<\/ul>\n<\/li>\n<\/ul>\n<h5>Chemische und andere Prozessindustrien<\/h5>\n<ul class=\"product-description-list\">\n<li style=\"list-style-type: none;\">\n<ul class=\"product-description-list\">\n<li>Leitf\u00e4hige fl\u00fcssige Chemikalien<\/li>\n<li>Prozesswasser, K\u00fchlwasser<\/li>\n<\/ul>\n<\/li>\n<\/ul>\n<h5>\u00d6l- und Gasindustrie<\/h5>\n<ul class=\"product-description-list\">\n<li style=\"list-style-type: none;\">\n<ul class=\"product-description-list\">\n<li>Wassereinspritzung (hoher Druck)<\/li>\n<li>Bohrschlamm<\/li>\n<li>Produziertes Wasser<\/li>\n<\/ul>\n<\/li>\n<\/ul>\n<h5>Mineralien und Bergbauindustrie<\/h5>\n<ul class=\"product-description-list\">\n<li style=\"list-style-type: none;\">\n<ul class=\"product-description-list\">\n<li>Hydrozyklon-Zuleitungen<\/li>\n<\/ul>\n<\/li>\n<\/ul>\n<h5>Zellstoff- und Papierindustrie<\/h5>\n<ul class=\"product-description-list\">\n<li style=\"list-style-type: none;\">\n<ul class=\"product-description-list\">\n<li>Chemikalien (Schwarzlauge, Bleichmittel, usw.)<\/li>\n<\/ul>\n<\/li>\n<\/ul>\n<h5>Abwasserindustrie<\/h5>\n<ul class=\"product-description-list\">\n<li>Bew\u00e4sserung<\/li>\n<li>Schlammbehandlung und Abwasserreinigung<\/li>\n<\/ul>\n<\/div>\n<\/div>\n<\/div>","protected":false},"excerpt":{"rendered":"<div class=\"short-description-head\">Der MTF-S ist ein magnetisch-induktiver Durchflussmesser f\u00fcr eine Vielzahl von Standard-Prozessanwendungen mit aggressiven und abrasiven Fl\u00fcssigkeiten, insbesondere Schl\u00e4mmen. Er erm\u00f6glicht eine zuverl\u00e4ssige Durchflussmessung auch unter rauen Prozessbedingungen mit Temperaturen bis zu +180\u00b0C \/ +356\u00b0F, niedriger Leitf\u00e4higkeit (\u22655 \u00b5S\/cm) und Feststoffgehalt.<\/div>","protected":false},"featured_media":23250,"template":"","meta":[],"product_brand":[],"product_cat":[118,166],"product_tag":[],"class_list":{"0":"post-23193","1":"product","2":"type-product","3":"status-publish","4":"has-post-thumbnail","6":"product_cat-magnetic-flow-meters","7":"product_cat-liquid-flow-meters","9":"first","10":"instock","11":"shipping-taxable","12":"purchasable","13":"product-type-simple"},"_links":{"self":[{"href":"https:\/\/metlaninst.com\/de\/wp-json\/wp\/v2\/product\/23193","targetHints":{"allow":["GET"]}}],"collection":[{"href":"https:\/\/metlaninst.com\/de\/wp-json\/wp\/v2\/product"}],"about":[{"href":"https:\/\/metlaninst.com\/de\/wp-json\/wp\/v2\/types\/product"}],"version-history":[{"count":11,"href":"https:\/\/metlaninst.com\/de\/wp-json\/wp\/v2\/product\/23193\/revisions"}],"predecessor-version":[{"id":26157,"href":"https:\/\/metlaninst.com\/de\/wp-json\/wp\/v2\/product\/23193\/revisions\/26157"}],"wp:featuredmedia":[{"embeddable":true,"href":"https:\/\/metlaninst.com\/de\/wp-json\/wp\/v2\/media\/23250"}],"wp:attachment":[{"href":"https:\/\/metlaninst.com\/de\/wp-json\/wp\/v2\/media?parent=23193"}],"wp:term":[{"taxonomy":"product_brand","embeddable":true,"href":"https:\/\/metlaninst.com\/de\/wp-json\/wp\/v2\/product_brand?post=23193"},{"taxonomy":"product_cat","embeddable":true,"href":"https:\/\/metlaninst.com\/de\/wp-json\/wp\/v2\/product_cat?post=23193"},{"taxonomy":"product_tag","embeddable":true,"href":"https:\/\/metlaninst.com\/de\/wp-json\/wp\/v2\/product_tag?post=23193"}],"curies":[{"name":"wp","href":"https:\/\/api.w.org\/{rel}","templated":true}]}}