{"id":23196,"date":"2024-10-17T07:18:59","date_gmt":"2024-10-17T07:18:59","guid":{"rendered":"https:\/\/www.metlaninst.com\/?post_type=product&#038;p=23196"},"modified":"2025-02-02T04:04:37","modified_gmt":"2025-02-02T04:04:37","slug":"sanitare-magnetische-durchflussmesser-mtf-a","status":"publish","type":"product","link":"https:\/\/metlaninst.com\/de\/p\/sanitare-magnetische-durchflussmesser-mtf-a\/","title":{"rendered":"Magnetische Durchflussmessger\u00e4te f\u00fcr den Sanit\u00e4rbereich (MTF-A)"},"content":{"rendered":"<div class=\"e-con-inner\">\n<div class=\"elementor-element e-con-full e-flex e-con e-child\">\n<div class=\"elementor-widget-container\">\n<h3 class=\"elementor-heading-title elementor-size-default\">Merkmale:<\/h3>\n<\/div>\n<div class=\"elementor-widget-container\">\n<ol class=\"product-description-list\">\n<li>PFA-Liner: zertifiziert f\u00fcr hygienische Anwendungen<\/li>\n<li>Gro\u00dfe Auswahl an Elektrodenmaterialien<\/li>\n<li>Farben und Aussehen k\u00f6nnen nach Wunsch angepasst werden<\/li>\n<li>Auch in kundenspezifischen Konstruktionen erh\u00e4ltlich<\/li>\n<li>Keine beweglichen Teile, kein Verschlei\u00df, kein Druckverlust<\/li>\n<li>Zuverl\u00e4ssige Messung bei konstanter Genauigkeit<\/li>\n<li>Das Messprinzip ist nahezu unabh\u00e4ngig von Druck, Dichte, Temperatur und Viskosit\u00e4t<\/li>\n<li>F\u00fcr die LCD-Anzeige stehen Englisch, Spanisch, Franz\u00f6sisch und auf Anfrage weitere Sprachen zur Verf\u00fcgung.<\/li>\n<li>Jeder Durchflussmesser wird kalibriert und erh\u00e4lt eine eindeutige Seriennummer, die alle Kalibrierdaten enth\u00e4lt.<\/li>\n<li>Erh\u00e4ltlich mit kompakter oder abgesetzter Version des Senders.<\/li>\n<\/ol>\n<\/div>\n<\/div>\n<div class=\"elementor-element e-con-full e-flex e-con e-child\">\n<div class=\"elementor-widget-container\">\n<h3 class=\"elementor-heading-title elementor-size-default\">Anwendungen:<\/h3>\n<\/div>\n<div class=\"elementor-widget-container\">\n<h5 class=\"first\">Allgemein<\/h5>\n<ul class=\"product-description-list\">\n<li style=\"list-style-type: none;\">\n<ul class=\"product-description-list\">\n<li>Hygienische Standardanwendungen<\/li>\n<li>F\u00fcr Gro\u00dfproduktionsanlagen mit einem Durchmesser bis DN150 \/ 6\u2033 (andere auf Anfrage)<\/li>\n<\/ul>\n<\/li>\n<\/ul>\n<h5>Lebensmittel- und Getr\u00e4nkeindustrie<\/h5>\n<ul class=\"product-description-list\">\n<li style=\"list-style-type: none;\">\n<ul class=\"product-description-list\">\n<li>Getr\u00e4nke (Softdrinks, Bier, Wein, Fruchts\u00e4fte usw.)<\/li>\n<li>Milch und andere Molkereiprodukte<\/li>\n<li>CIP-Medien (einschlie\u00dflich S\u00e4uren und Laugen)<\/li>\n<\/ul>\n<\/li>\n<\/ul>\n<h5>Pharmazeutische Industrie<\/h5>\n<ul class=\"product-description-list\">\n<li>Verarbeitung von Arzneimitteln, \u00e4tzenden Getr\u00e4nken, S\u00e4uren, Proteinen, Antibiotika<\/li>\n<\/ul>\n<\/div>\n<\/div>\n<\/div>","protected":false},"excerpt":{"rendered":"<div class=\"short-description-head\">MTF-A ist das bevorzugte elektromagnetische Durchflussmessger\u00e4t f\u00fcr hygienische Anwendungen in der Lebensmittel- und Getr\u00e4nkeindustrie sowie in den Biowissenschaften. Er ist einfach zu installieren und zu demontieren, unterst\u00fctzt CIP- oder SIP-Reinigungsverfahren und ist mit einer kompakten oder abgesetzten Version des Messumformers erh\u00e4ltlich.<\/div>","protected":false},"featured_media":23244,"template":"","meta":[],"product_brand":[],"product_cat":[118,166],"product_tag":[],"class_list":{"0":"post-23196","1":"product","2":"type-product","3":"status-publish","4":"has-post-thumbnail","6":"product_cat-magnetic-flow-meters","7":"product_cat-liquid-flow-meters","9":"first","10":"instock","11":"shipping-taxable","12":"purchasable","13":"product-type-simple"},"_links":{"self":[{"href":"https:\/\/metlaninst.com\/de\/wp-json\/wp\/v2\/product\/23196","targetHints":{"allow":["GET"]}}],"collection":[{"href":"https:\/\/metlaninst.com\/de\/wp-json\/wp\/v2\/product"}],"about":[{"href":"https:\/\/metlaninst.com\/de\/wp-json\/wp\/v2\/types\/product"}],"version-history":[{"count":2,"href":"https:\/\/metlaninst.com\/de\/wp-json\/wp\/v2\/product\/23196\/revisions"}],"predecessor-version":[{"id":26158,"href":"https:\/\/metlaninst.com\/de\/wp-json\/wp\/v2\/product\/23196\/revisions\/26158"}],"wp:featuredmedia":[{"embeddable":true,"href":"https:\/\/metlaninst.com\/de\/wp-json\/wp\/v2\/media\/23244"}],"wp:attachment":[{"href":"https:\/\/metlaninst.com\/de\/wp-json\/wp\/v2\/media?parent=23196"}],"wp:term":[{"taxonomy":"product_brand","embeddable":true,"href":"https:\/\/metlaninst.com\/de\/wp-json\/wp\/v2\/product_brand?post=23196"},{"taxonomy":"product_cat","embeddable":true,"href":"https:\/\/metlaninst.com\/de\/wp-json\/wp\/v2\/product_cat?post=23196"},{"taxonomy":"product_tag","embeddable":true,"href":"https:\/\/metlaninst.com\/de\/wp-json\/wp\/v2\/product_tag?post=23196"}],"curies":[{"name":"wp","href":"https:\/\/api.w.org\/{rel}","templated":true}]}}