{"id":23199,"date":"2024-10-16T07:19:27","date_gmt":"2024-10-16T07:19:27","guid":{"rendered":"https:\/\/www.metlaninst.com\/?post_type=product&#038;p=23199"},"modified":"2025-02-02T04:06:00","modified_gmt":"2025-02-02T04:06:00","slug":"magnetischer-durchflussmesser-fur-hochtemperaturmedien-mtf-h","status":"publish","type":"product","link":"https:\/\/metlaninst.com\/de\/p\/magnetischer-durchflussmesser-fur-hochtemperaturmedien-mtf-h\/","title":{"rendered":"Magnetischer Durchflussmesser f\u00fcr Hochtemperaturmedien (MTF-H)"},"content":{"rendered":"<div class=\"e-con-inner\">\n<div class=\"elementor-element e-con-full e-flex e-con e-child\">\n<div class=\"elementor-widget-container\">\n<h3 class=\"elementor-heading-title elementor-size-default\">Merkmale:<\/h3>\n<\/div>\n<div class=\"elementor-widget-container\">\n<ol class=\"product-description-list\">\n<li>PFA\/PTFE\/ETFE\/FEP-Auskleidung: Speziell f\u00fcr Chemie- und Prozessanwendungen mit korrosiven Fl\u00fcssigkeiten und hohen Mediumstemperaturen<\/li>\n<li>Gro\u00dfe Auswahl an Elektrodenmaterialien<\/li>\n<li>Farben und Aussehen k\u00f6nnen nach Wunsch angepasst werden<\/li>\n<li>Auch in kundenspezifischen Konstruktionen erh\u00e4ltlich<\/li>\n<li>Keine beweglichen Teile, kein Verschlei\u00df, kein Druckverlust<\/li>\n<li>Zuverl\u00e4ssige Messung bei konstanter Genauigkeit<\/li>\n<li>Das Messprinzip ist nahezu unabh\u00e4ngig von Druck, Dichte, Temperatur und Viskosit\u00e4t<\/li>\n<li>F\u00fcr die LCD-Anzeige stehen Englisch, Spanisch, Franz\u00f6sisch und auf Anfrage weitere Sprachen zur Verf\u00fcgung.<\/li>\n<li>Jeder Durchflussmesser wird kalibriert und erh\u00e4lt eine eindeutige Seriennummer, die alle Kalibrierdaten enth\u00e4lt.<\/li>\n<li>Erh\u00e4ltlich mit kompakter oder abgesetzter Version des Senders.<\/li>\n<\/ol>\n<\/div>\n<\/div>\n<div class=\"elementor-element e-con-full e-flex e-con e-child\">\n<div class=\"elementor-widget-container\">\n<h3 class=\"elementor-heading-title elementor-size-default\">Anwendungen:<\/h3>\n<\/div>\n<div class=\"elementor-widget-container\">\n<h5 class=\"first\">Allgemein<\/h5>\n<ul class=\"product-description-list\">\n<li style=\"list-style-type: none;\">\n<ul class=\"product-description-list\">\n<li>Anspruchsvolle Anwendungen mit sauberen, aggressiven oder abrasiven Fl\u00fcssigkeiten<\/li>\n<\/ul>\n<\/li>\n<\/ul>\n<h5>Chemische und andere Prozessindustrien<\/h5>\n<ul class=\"product-description-list\">\n<li style=\"list-style-type: none;\">\n<ul class=\"product-description-list\">\n<li>Anorganische und organische Massenproduktion<\/li>\n<li>Stark \u00e4tzende und aggressive Chemikalien (S\u00e4uren, alkalische Medien)<\/li>\n<li>Verarbeitung von korrosiven und aggressiven Chemikalien (S\u00e4uren, alkalische Medien)<\/li>\n<\/ul>\n<\/li>\n<\/ul>\n<h5>Mineralien und Bergbauindustrie<\/h5>\n<ul class=\"product-description-list\">\n<li style=\"list-style-type: none;\">\n<ul class=\"product-description-list\">\n<li>Inhomogene und abrasive Schl\u00e4mme mit feinen Partikeln (Feststoffgehalt)<\/li>\n<li>Hydrozyklon-Zuleitungen<\/li>\n<\/ul>\n<\/li>\n<\/ul>\n<h5>Lebensmittel- und Getr\u00e4nkeindustrie, pharmazeutische Industrie<\/h5>\n<ul class=\"product-description-list\">\n<li style=\"list-style-type: none;\">\n<ul class=\"product-description-list\">\n<li>Mischen, Dosieren, Dosieren von leitf\u00e4higen Fl\u00fcssigkeiten<\/li>\n<\/ul>\n<\/li>\n<\/ul>\n<h5>Abwasserindustrie<\/h5>\n<ul class=\"product-description-list\">\n<li style=\"list-style-type: none;\">\n<ul class=\"product-description-list\">\n<li>Sedimentschl\u00e4mme und Schl\u00e4mme<\/li>\n<li>Dosierung von Koagulations- und Flockungshilfsmitteln<\/li>\n<\/ul>\n<\/li>\n<\/ul>\n<h5>Zellstoff- und Papierindustrie<\/h5>\n<ul class=\"product-description-list\">\n<li>Chemisch aggressive faserige Produkte<\/li>\n<\/ul>\n<\/div>\n<\/div>\n<\/div>","protected":false},"excerpt":{"rendered":"<div class=\"short-description-head\">Der magnetische Durchflussmesser MTF-H ist f\u00fcr chemische und verfahrenstechnische Anwendungen mit korrosiven Fl\u00fcssigkeiten und h\u00f6chsten Mediumstemperaturen bis zu +180\u00b0C \/ +356\u00b0F geeignet. Ein abgesetzter Messumformer ist erh\u00e4ltlich, um die Installationsflexibilit\u00e4t und Betriebssicherheit in anspruchsvollen Umgebungen zu maximieren.<\/div>","protected":false},"featured_media":23248,"template":"","meta":[],"product_brand":[],"product_cat":[118,166],"product_tag":[],"class_list":{"0":"post-23199","1":"product","2":"type-product","3":"status-publish","4":"has-post-thumbnail","6":"product_cat-magnetic-flow-meters","7":"product_cat-liquid-flow-meters","9":"first","10":"instock","11":"shipping-taxable","12":"purchasable","13":"product-type-simple"},"_links":{"self":[{"href":"https:\/\/metlaninst.com\/de\/wp-json\/wp\/v2\/product\/23199","targetHints":{"allow":["GET"]}}],"collection":[{"href":"https:\/\/metlaninst.com\/de\/wp-json\/wp\/v2\/product"}],"about":[{"href":"https:\/\/metlaninst.com\/de\/wp-json\/wp\/v2\/types\/product"}],"version-history":[{"count":5,"href":"https:\/\/metlaninst.com\/de\/wp-json\/wp\/v2\/product\/23199\/revisions"}],"predecessor-version":[{"id":26159,"href":"https:\/\/metlaninst.com\/de\/wp-json\/wp\/v2\/product\/23199\/revisions\/26159"}],"wp:featuredmedia":[{"embeddable":true,"href":"https:\/\/metlaninst.com\/de\/wp-json\/wp\/v2\/media\/23248"}],"wp:attachment":[{"href":"https:\/\/metlaninst.com\/de\/wp-json\/wp\/v2\/media?parent=23199"}],"wp:term":[{"taxonomy":"product_brand","embeddable":true,"href":"https:\/\/metlaninst.com\/de\/wp-json\/wp\/v2\/product_brand?post=23199"},{"taxonomy":"product_cat","embeddable":true,"href":"https:\/\/metlaninst.com\/de\/wp-json\/wp\/v2\/product_cat?post=23199"},{"taxonomy":"product_tag","embeddable":true,"href":"https:\/\/metlaninst.com\/de\/wp-json\/wp\/v2\/product_tag?post=23199"}],"curies":[{"name":"wp","href":"https:\/\/api.w.org\/{rel}","templated":true}]}}