{"id":23215,"date":"2024-12-26T08:16:33","date_gmt":"2024-12-26T08:16:33","guid":{"rendered":"https:\/\/www.metlaninst.com\/?post_type=product&#038;p=23215"},"modified":"2025-02-02T03:54:33","modified_gmt":"2025-02-02T03:54:33","slug":"ferngesteuerter-magnetisch-induktiver-durchflussmesser-mtf-f-200","status":"publish","type":"product","link":"https:\/\/metlaninst.com\/de\/p\/ferngesteuerter-magnetisch-induktiver-durchflussmesser-mtf-f-200\/","title":{"rendered":"Magnetisch-induktiver Durchflussmesser (MTF-F-200)"},"content":{"rendered":"<div class=\"e-con-inner\">\n<div class=\"elementor-element e-con-full e-flex e-con e-child\">\n<div class=\"elementor-widget-container\">\n<h3 class=\"elementor-heading-title elementor-size-default\">Merkmale:<\/h3>\n<\/div>\n<div class=\"elementor-widget-container\">\n<ol class=\"product-description-list\">\n<li>Gro\u00dfe Auswahl an Auskleidungen und Elektrodenmaterialien<\/li>\n<li>Farben und Aussehen k\u00f6nnen nach Wunsch angepasst werden<\/li>\n<li>Auch in kundenspezifischen Konstruktionen erh\u00e4ltlich<\/li>\n<li>Keine beweglichen Teile, kein Verschlei\u00df, kein Druckverlust<\/li>\n<li>Zuverl\u00e4ssige Messung bei konstanter Genauigkeit<\/li>\n<li>Das Messprinzip ist nahezu unabh\u00e4ngig von Druck, Dichte, Temperatur und Viskosit\u00e4t<\/li>\n<li>F\u00fcr die LCD-Anzeige stehen Englisch, Spanisch, Franz\u00f6sisch und auf Anfrage weitere Sprachen zur Verf\u00fcgung.<\/li>\n<li>Jeder Durchflussmesser wird kalibriert und erh\u00e4lt eine eindeutige Seriennummer, die alle Kalibrierdaten enth\u00e4lt.<\/li>\n<li>Erh\u00e4ltlich mit kompakter oder abgesetzter Version des Senders.<\/li>\n<\/ol>\n<\/div>\n<\/div>\n<div class=\"elementor-element e-con-full e-flex e-con e-child\">\n<div class=\"elementor-widget-container\">\n<h3 class=\"elementor-heading-title elementor-size-default\">Anwendungen:<\/h3>\n<\/div>\n<div class=\"elementor-widget-container\">\n<h5 class=\"first\">Allgemein<\/h5>\n<ul class=\"product-description-list\">\n<li style=\"list-style-type: none;\">\n<ul class=\"product-description-list\">\n<li>Anwendungen mit sauberen, aggressiven oder abrasiven Fl\u00fcssigkeiten<\/li>\n<li>Hygienische Standardanwendungen<\/li>\n<li>F\u00fcr gro\u00dfe Produktionsanlagen mit einem Durchmesser bis DN3000 \/ 120\u2033 (andere auf Anfrage)<\/li>\n<\/ul>\n<\/li>\n<\/ul>\n<h5>Chemische und andere Prozessindustrien<\/h5>\n<ul class=\"product-description-list\">\n<li style=\"list-style-type: none;\">\n<ul class=\"product-description-list\">\n<li>Leitf\u00e4hige fl\u00fcssige Chemikalien<\/li>\n<li>Prozesswasser, K\u00fchlwasser<\/li>\n<li>Anorganische und organische Massenproduktion<\/li>\n<li>Stark \u00e4tzende und aggressive Chemikalien (S\u00e4uren, alkalische Medien)<\/li>\n<li>Verarbeitung von korrosiven und aggressiven Chemikalien (S\u00e4uren, alkalische Medien)<\/li>\n<\/ul>\n<\/li>\n<\/ul>\n<h5>Mineralien und Bergbauindustrie<\/h5>\n<ul class=\"product-description-list\">\n<li style=\"list-style-type: none;\">\n<ul class=\"product-description-list\">\n<li>Inhomogene und abrasive Schl\u00e4mme mit feinen Partikeln (Feststoffgehalt)<\/li>\n<li>Hydrozyklon-Zuleitungen<\/li>\n<\/ul>\n<\/li>\n<\/ul>\n<h5>Abwasserindustrie<\/h5>\n<ul class=\"product-description-list\">\n<li style=\"list-style-type: none;\">\n<ul class=\"product-description-list\">\n<li>Sedimentschl\u00e4mme und Schl\u00e4mme<\/li>\n<li>Dosierung von Koagulations- und Flockungshilfsmitteln<\/li>\n<li>Entnahme und Bew\u00e4sserung<\/li>\n<li>\u00dcberwachung der Verteilungsnetze<\/li>\n<li>Wasserkreislauf- und Wasseraufbereitungssysteme<\/li>\n<li>Wasseraufbereitung und Entsalzung<\/li>\n<\/ul>\n<\/li>\n<\/ul>\n<h5>Zellstoff- und Papierindustrie<\/h5>\n<ul class=\"product-description-list\">\n<li style=\"list-style-type: none;\">\n<ul class=\"product-description-list\">\n<li>Chemisch aggressive faserige Produkte<\/li>\n<\/ul>\n<\/li>\n<\/ul>\n<h5>\u00d6l- und Gasindustrie<\/h5>\n<ul class=\"product-description-list\">\n<li>Wassereinspritzung (hoher Druck)<\/li>\n<li>Bohrschlamm<\/li>\n<li>Produziertes Wasser<\/li>\n<\/ul>\n<\/div>\n<\/div>\n<\/div>","protected":false},"excerpt":{"rendered":"<div class=\"short-description-head\">MTF-F-200 ist die abgesetzte Version des magnetisch-induktiven Durchflussmessers MTF-F-100, die eine gro\u00dfe Auswahl an medienber\u00fchrten Werkstoffen und mittlere Temperaturbereiche bis 180 \u00b0C\/356 \u00b0F bietet, um die Installationsflexibilit\u00e4t und Betriebssicherheit in anspruchsvollen Umgebungen zu maximieren.<\/div>","protected":false},"featured_media":23247,"template":"","meta":[],"product_brand":[],"product_cat":[118,166,163],"product_tag":[],"class_list":{"0":"post-23215","1":"product","2":"type-product","3":"status-publish","4":"has-post-thumbnail","6":"product_cat-magnetic-flow-meters","7":"product_cat-liquid-flow-meters","8":"product_cat-water-flow-meters","10":"first","11":"instock","12":"shipping-taxable","13":"purchasable","14":"product-type-simple"},"_links":{"self":[{"href":"https:\/\/metlaninst.com\/de\/wp-json\/wp\/v2\/product\/23215","targetHints":{"allow":["GET"]}}],"collection":[{"href":"https:\/\/metlaninst.com\/de\/wp-json\/wp\/v2\/product"}],"about":[{"href":"https:\/\/metlaninst.com\/de\/wp-json\/wp\/v2\/types\/product"}],"version-history":[{"count":2,"href":"https:\/\/metlaninst.com\/de\/wp-json\/wp\/v2\/product\/23215\/revisions"}],"predecessor-version":[{"id":26148,"href":"https:\/\/metlaninst.com\/de\/wp-json\/wp\/v2\/product\/23215\/revisions\/26148"}],"wp:featuredmedia":[{"embeddable":true,"href":"https:\/\/metlaninst.com\/de\/wp-json\/wp\/v2\/media\/23247"}],"wp:attachment":[{"href":"https:\/\/metlaninst.com\/de\/wp-json\/wp\/v2\/media?parent=23215"}],"wp:term":[{"taxonomy":"product_brand","embeddable":true,"href":"https:\/\/metlaninst.com\/de\/wp-json\/wp\/v2\/product_brand?post=23215"},{"taxonomy":"product_cat","embeddable":true,"href":"https:\/\/metlaninst.com\/de\/wp-json\/wp\/v2\/product_cat?post=23215"},{"taxonomy":"product_tag","embeddable":true,"href":"https:\/\/metlaninst.com\/de\/wp-json\/wp\/v2\/product_tag?post=23215"}],"curies":[{"name":"wp","href":"https:\/\/api.w.org\/{rel}","templated":true}]}}