{"id":23230,"date":"2024-12-26T06:47:23","date_gmt":"2024-12-26T06:47:23","guid":{"rendered":"https:\/\/www.metlaninst.com\/?post_type=product&#038;p=23230"},"modified":"2025-02-02T03:55:25","modified_gmt":"2025-02-02T03:55:25","slug":"magnetische-durchflussmessgerate-mit-einbau-mtf-i","status":"publish","type":"product","link":"https:\/\/metlaninst.com\/de\/p\/magnetische-durchflussmessgerate-mit-einbau-mtf-i\/","title":{"rendered":"Magnetische Durchflussmesser mit Eintauchfunktion (MTF-I)"},"content":{"rendered":"<div class=\"e-con-inner\">\n<div class=\"elementor-element e-con-full e-flex e-con e-child\">\n<div class=\"elementor-widget-container\">\n<h3 class=\"elementor-heading-title elementor-size-default\">Merkmale:<\/h3>\n<\/div>\n<div class=\"elementor-widget-container\">\n<ol class=\"product-description-list\">\n<li>Robuste Konstruktion: keine beweglichen Teile, wartungsfrei und medienber\u00fchrte Teile aus rostfreiem Stahl<\/li>\n<li>Farben und Aussehen k\u00f6nnen nach Wunsch angepasst werden<\/li>\n<li>Auch in kundenspezifischen Konstruktionen erh\u00e4ltlich<\/li>\n<li>Keine beweglichen Teile, kein Verschlei\u00df, kein Druckverlust<\/li>\n<li>Zuverl\u00e4ssige Messung bei konstanter Genauigkeit<\/li>\n<li>Das Messprinzip ist nahezu unabh\u00e4ngig von Druck, Dichte, Temperatur und Viskosit\u00e4t<\/li>\n<li>F\u00fcr die LCD-Anzeige stehen Englisch, Spanisch, Franz\u00f6sisch und auf Anfrage weitere Sprachen zur Verf\u00fcgung.<\/li>\n<li>Jeder Durchflussmesser wird kalibriert und erh\u00e4lt eine eindeutige Seriennummer, die alle Kalibrierdaten enth\u00e4lt.<\/li>\n<li>Erh\u00e4ltlich mit kompakter oder abgesetzter Version des Senders.<\/li>\n<\/ol>\n<\/div>\n<\/div>\n<div class=\"elementor-element e-con-full e-flex e-con e-child\">\n<div class=\"elementor-widget-container\">\n<h3 class=\"elementor-heading-title elementor-size-default\">Anwendungen:<\/h3>\n<\/div>\n<div class=\"elementor-widget-container\">\n<h5 class=\"first\">Allgemein<\/h5>\n<ul class=\"product-description-list\">\n<li>Kosteng\u00fcnstige Durchfluss\u00fcberwachung<\/li>\n<li>K\u00fchlungssysteme<\/li>\n<li>Pumpenschutz<\/li>\n<li>Wasser<\/li>\n<\/ul>\n<\/div>\n<\/div>\n<\/div>","protected":false},"excerpt":{"rendered":"<div class=\"short-description-head\">MTF-I ist ein magnetisch-induktiver Durchflussmesser zur \u00dcberwachung des Durchflusses von leitenden Fl\u00fcssigkeiten, Pasten und Schl\u00e4mmen. Er wird im Allgemeinen bei Anwendungen eingesetzt, bei denen Eintauchinstallationen bevorzugt werden. Es misst die Str\u00f6mungsgeschwindigkeit von leitf\u00e4higen Fl\u00fcssigkeiten in Rohren mit gro\u00dfem Durchmesser.<\/div>","protected":false},"featured_media":23249,"template":"","meta":[],"product_brand":[],"product_cat":[118,166,163],"product_tag":[],"class_list":{"0":"post-23230","1":"product","2":"type-product","3":"status-publish","4":"has-post-thumbnail","6":"product_cat-magnetic-flow-meters","7":"product_cat-liquid-flow-meters","8":"product_cat-water-flow-meters","10":"first","11":"instock","12":"shipping-taxable","13":"purchasable","14":"product-type-simple"},"_links":{"self":[{"href":"https:\/\/metlaninst.com\/de\/wp-json\/wp\/v2\/product\/23230","targetHints":{"allow":["GET"]}}],"collection":[{"href":"https:\/\/metlaninst.com\/de\/wp-json\/wp\/v2\/product"}],"about":[{"href":"https:\/\/metlaninst.com\/de\/wp-json\/wp\/v2\/types\/product"}],"version-history":[{"count":2,"href":"https:\/\/metlaninst.com\/de\/wp-json\/wp\/v2\/product\/23230\/revisions"}],"predecessor-version":[{"id":26150,"href":"https:\/\/metlaninst.com\/de\/wp-json\/wp\/v2\/product\/23230\/revisions\/26150"}],"wp:featuredmedia":[{"embeddable":true,"href":"https:\/\/metlaninst.com\/de\/wp-json\/wp\/v2\/media\/23249"}],"wp:attachment":[{"href":"https:\/\/metlaninst.com\/de\/wp-json\/wp\/v2\/media?parent=23230"}],"wp:term":[{"taxonomy":"product_brand","embeddable":true,"href":"https:\/\/metlaninst.com\/de\/wp-json\/wp\/v2\/product_brand?post=23230"},{"taxonomy":"product_cat","embeddable":true,"href":"https:\/\/metlaninst.com\/de\/wp-json\/wp\/v2\/product_cat?post=23230"},{"taxonomy":"product_tag","embeddable":true,"href":"https:\/\/metlaninst.com\/de\/wp-json\/wp\/v2\/product_tag?post=23230"}],"curies":[{"name":"wp","href":"https:\/\/api.w.org\/{rel}","templated":true}]}}