{"id":23234,"date":"2024-10-19T08:53:01","date_gmt":"2024-10-19T08:53:01","guid":{"rendered":"https:\/\/www.metlaninst.com\/?post_type=product&#038;p=23234"},"modified":"2025-02-02T04:02:56","modified_gmt":"2025-02-02T04:02:56","slug":"magnetisch-induktiver-durchflussmesser-fur-flussigkeiten-mit-niedriger-leitfahigkeit-mtf-c","status":"publish","type":"product","link":"https:\/\/metlaninst.com\/de\/p\/magnetisch-induktiver-durchflussmesser-fur-flussigkeiten-mit-niedriger-leitfahigkeit-mtf-c\/","title":{"rendered":"Magnetisch-induktiver Durchflussmesser f\u00fcr Fl\u00fcssigkeiten mit niedriger Leitf\u00e4higkeit (MTF-C)"},"content":{"rendered":"<div class=\"e-con-inner\">\n<div class=\"elementor-element e-con-full e-flex e-con e-child\">\n<div class=\"elementor-widget-container\">\n<h3 class=\"elementor-heading-title elementor-size-default\">Merkmale:<\/h3>\n<\/div>\n<div class=\"elementor-widget-container\">\n<ol class=\"product-description-list\">\n<li>Verf\u00fcgbar f\u00fcr Fl\u00fcssigkeiten mit niedriger Leitf\u00e4higkeit \u22653 \u03bcS\/cm<\/li>\n<li>Gro\u00dfe Auswahl an Auskleidungen und Elektrodenmaterialien<\/li>\n<li>Farben und Aussehen k\u00f6nnen nach Wunsch angepasst werden<\/li>\n<li>Auch in kundenspezifischen Konstruktionen erh\u00e4ltlich<\/li>\n<li>Keine beweglichen Teile, kein Verschlei\u00df, kein Druckverlust<\/li>\n<li>Zuverl\u00e4ssige Messung bei konstanter Genauigkeit<\/li>\n<li>Das Messprinzip ist nahezu unabh\u00e4ngig von Druck, Dichte, Temperatur und Viskosit\u00e4t<\/li>\n<li>F\u00fcr die LCD-Anzeige stehen Englisch, Spanisch, Franz\u00f6sisch und auf Anfrage weitere Sprachen zur Verf\u00fcgung.<\/li>\n<li>Jeder Durchflussmesser wird kalibriert und erh\u00e4lt eine eindeutige Seriennummer, die alle Kalibrierdaten enth\u00e4lt.<\/li>\n<\/ol>\n<\/div>\n<\/div>\n<div class=\"elementor-element e-con-full e-flex e-con e-child\">\n<div class=\"elementor-widget-container\">\n<h3 class=\"elementor-heading-title elementor-size-default\">Anwendungen:<\/h3>\n<\/div>\n<div class=\"elementor-widget-container\">\n<h5 class=\"first\">Allgemein<\/h5>\n<ul class=\"product-description-list\">\n<li style=\"list-style-type: none;\">\n<ul class=\"product-description-list\">\n<li>Fortgeschrittene Anwendungen mit Medien niedriger Leitf\u00e4higkeit (\u22653 \u03bcS\/cm)<\/li>\n<li>Aggressive und abrasive Medien<\/li>\n<\/ul>\n<\/li>\n<\/ul>\n<h5>Chemische und andere Prozessindustrien<\/h5>\n<ul class=\"product-description-list\">\n<li style=\"list-style-type: none;\">\n<ul class=\"product-description-list\">\n<li>Pr\u00e4zise volumetrische Dosierung von Zusatzstoffen<\/li>\n<li>\u00c4tzende, abrasive Fl\u00fcssigkeiten und Schl\u00e4mme<\/li>\n<li>Dosierung von Klebstoffen und faserigen Produkten<\/li>\n<li>Emulsionen, einschlie\u00dflich Latex, Emulsionsfarben usw.<\/li>\n<li>(Bio-)Alkohole, Spirituosen, Glykole, Glycerin<\/li>\n<li>\u00d6kologische Massenproduktion<\/li>\n<li>Produkte auf \u00d6lbasis<\/li>\n<\/ul>\n<\/li>\n<\/ul>\n<h5>Lebensmittel- und Getr\u00e4nkeindustrie<\/h5>\n<ul class=\"product-description-list\">\n<li style=\"list-style-type: none;\">\n<ul class=\"product-description-list\">\n<li>Hygienisches Mischen, Dosieren und Abf\u00fcllen<\/li>\n<li>Fette und \u00f6lige Produkte (z. B. Pflanzen\u00f6le)<\/li>\n<li>Cremige und Milchprodukte (z. B. Fett, Sahne, Milch, K\u00e4se, Joghurt mit Fruchtanteilen)<\/li>\n<\/ul>\n<\/li>\n<\/ul>\n<h5>Mineralien und Bergbauindustrie<\/h5>\n<ul class=\"product-description-list\">\n<li style=\"list-style-type: none;\">\n<ul class=\"product-description-list\">\n<li>Inhomogene und abrasive Fluide<\/li>\n<li>Zement und \u00e4hnliche Anwendungen<\/li>\n<\/ul>\n<\/li>\n<\/ul>\n<h5>Wasser- und Abwasserwirtschaft<\/h5>\n<ul class=\"product-description-list\">\n<li style=\"list-style-type: none;\">\n<ul class=\"product-description-list\">\n<li>Schl\u00e4mme und Abw\u00e4sser<\/li>\n<li>Wasser gemischt mit Fetten, \u00d6len und Fetten (z. B. in der anaeroben Co-Verg\u00e4rung)<\/li>\n<li>Bew\u00e4sserung<\/li>\n<\/ul>\n<\/li>\n<\/ul>\n<h5>Zellstoff- und Papierindustrie<\/h5>\n<ul class=\"product-description-list\">\n<li>Chemisch aggressive faserige Produkte<\/li>\n<li>Produkte, die einen Film zur Isolierung der Elektroden bilden (Wasserglas)<\/li>\n<\/ul>\n<\/div>\n<\/div>\n<\/div>","protected":false},"excerpt":{"rendered":"<div class=\"short-description-head\">MTF-C ist ein magnetisch-induktives Durchflussmessger\u00e4t f\u00fcr die Messung von Fl\u00fcssigkeiten mit sehr niedriger Leitf\u00e4higkeit (\u22653 \u03bcS\/cm). Dieser Durchflussmesser ist besonders f\u00fcr Anwendungen mit klebrigen und fettigen Medien geeignet, die zur Bildung eines Isolierfilms neigen.<\/div>","protected":false},"featured_media":23313,"template":"","meta":[],"product_brand":[],"product_cat":[118,166],"product_tag":[],"class_list":{"0":"post-23234","1":"product","2":"type-product","3":"status-publish","4":"has-post-thumbnail","6":"product_cat-magnetic-flow-meters","7":"product_cat-liquid-flow-meters","9":"first","10":"instock","11":"shipping-taxable","12":"purchasable","13":"product-type-simple"},"_links":{"self":[{"href":"https:\/\/metlaninst.com\/de\/wp-json\/wp\/v2\/product\/23234","targetHints":{"allow":["GET"]}}],"collection":[{"href":"https:\/\/metlaninst.com\/de\/wp-json\/wp\/v2\/product"}],"about":[{"href":"https:\/\/metlaninst.com\/de\/wp-json\/wp\/v2\/types\/product"}],"version-history":[{"count":3,"href":"https:\/\/metlaninst.com\/de\/wp-json\/wp\/v2\/product\/23234\/revisions"}],"predecessor-version":[{"id":26156,"href":"https:\/\/metlaninst.com\/de\/wp-json\/wp\/v2\/product\/23234\/revisions\/26156"}],"wp:featuredmedia":[{"embeddable":true,"href":"https:\/\/metlaninst.com\/de\/wp-json\/wp\/v2\/media\/23313"}],"wp:attachment":[{"href":"https:\/\/metlaninst.com\/de\/wp-json\/wp\/v2\/media?parent=23234"}],"wp:term":[{"taxonomy":"product_brand","embeddable":true,"href":"https:\/\/metlaninst.com\/de\/wp-json\/wp\/v2\/product_brand?post=23234"},{"taxonomy":"product_cat","embeddable":true,"href":"https:\/\/metlaninst.com\/de\/wp-json\/wp\/v2\/product_cat?post=23234"},{"taxonomy":"product_tag","embeddable":true,"href":"https:\/\/metlaninst.com\/de\/wp-json\/wp\/v2\/product_tag?post=23234"}],"curies":[{"name":"wp","href":"https:\/\/api.w.org\/{rel}","templated":true}]}}