{"id":23332,"date":"2024-11-10T06:07:02","date_gmt":"2024-11-10T06:07:02","guid":{"rendered":"https:\/\/www.metlaninst.com\/?post_type=product&#038;p=23332"},"modified":"2025-04-25T09:25:05","modified_gmt":"2025-04-25T09:25:05","slug":"coriolis-massedurchflussmesser-fur-fortgeschrittene-prozessanwendungen-mass-a","status":"publish","type":"product","link":"https:\/\/metlaninst.com\/de\/p\/coriolis-massedurchflussmesser-fur-fortgeschrittene-prozessanwendungen-mass-a\/","title":{"rendered":"Coriolis-Massedurchflussmessger\u00e4te f\u00fcr fortgeschrittene Prozessanwendungen (MASS-A)"},"content":{"rendered":"<div class=\"e-con-inner\">\n<div class=\"elementor-element e-con-full e-flex e-con e-child\">\n<div class=\"elementor-widget-container\">\n<h3 class=\"elementor-heading-title elementor-size-default\">Merkmale:<\/h3>\n<\/div>\n<div class=\"elementor-widget-container\">\n<ol class=\"product-description-list\">\n<li>Zertifiziert f\u00fcr den hygienischen Einsatz<\/li>\n<li>Unterst\u00fctzung von CIP- oder SIP-Reinigungsverfahren<\/li>\n<li>Hochgenaue Messung von Masse, Dichte und Volumenstrom<\/li>\n<li>Auch in kundenspezifischen Konstruktionen erh\u00e4ltlich<\/li>\n<li>F\u00fcr die LCD-Anzeige stehen Englisch, Spanisch, Franz\u00f6sisch und auf Anfrage weitere Sprachen zur Verf\u00fcgung.<\/li>\n<li>Jeder Durchflussmesser wird kalibriert und erh\u00e4lt eine eindeutige Seriennummer, die alle Kalibrierdaten enth\u00e4lt.<\/li>\n<\/ol>\n<\/div>\n<\/div>\n<div class=\"elementor-element e-con-full e-flex e-con e-child\">\n<div class=\"elementor-widget-container\">\n<h3 class=\"elementor-heading-title elementor-size-default\">Anwendungen:<\/h3>\n<\/div>\n<div class=\"elementor-widget-container\">\n<h5 class=\"first\">Allgemein<\/h5>\n<ul class=\"product-description-list\">\n<li style=\"list-style-type: none;\">\n<ul class=\"product-description-list\">\n<li>Messung von Fl\u00fcssigkeiten, Gasen und gasmitgerissenen Fl\u00fcssigkeiten<\/li>\n<li>Sehr aggressive, hochkorrosive oder scherempfindliche Medien<\/li>\n<li>Produkte, die eine niedrige Flie\u00dfgeschwindigkeit erfordern<\/li>\n<li>Inhomogene Gemische<\/li>\n<li>Schl\u00e4mme oder Produkte mit eingeschleppten Feststoffen<\/li>\n<li>Depot\u00fcbertrag (Fiskalisches Z\u00e4hlen)<\/li>\n<\/ul>\n<\/li>\n<\/ul>\n<h5>Chemische und andere Prozessindustrien<\/h5>\n<ul class=\"product-description-list\">\n<li style=\"list-style-type: none;\">\n<ul class=\"product-description-list\">\n<li>Messung von Konzentration, Dichte<\/li>\n<li>Sch\u00fcttgutverladung<\/li>\n<li>Abf\u00fcllung in Reaktoren<\/li>\n<li>S\u00e4uren, Basen, Phosgen und andere chloridhaltige Stoffe, schwefelhaltige Stoffe<\/li>\n<\/ul>\n<\/li>\n<\/ul>\n<h5>Lebensmittel- und Getr\u00e4nkeindustrie<\/h5>\n<ul class=\"product-description-list\">\n<li style=\"list-style-type: none;\">\n<ul class=\"product-description-list\">\n<li>Mischen, Dosieren, Abf\u00fcllen<\/li>\n<li>Messung von Durchfluss, Dichte und spezifischem Gewicht in Brauprozessen<\/li>\n<li>Dosierung von Hopfenextrakt<\/li>\n<li>Milchannahme, Dosierung und Trennverfahren in Molkereien<\/li>\n<li>Messung von Brix, Dichte und Durchfluss in Fruchts\u00e4ften<\/li>\n<li>\u00f6lige und fettige Produkte (z. B. cremige Spinatmischungen usw.)<\/li>\n<li>Fl\u00fcssige Schokolade, Honig, Marmelade, Sirup, Eiscreme usw.<\/li>\n<li>CO2-Einspritzung<\/li>\n<li>Alkoholische Getr\u00e4nke (Whisky, Wein, Wodka usw.)<\/li>\n<\/ul>\n<\/li>\n<\/ul>\n<h5>Pharmazeutische Industrie<\/h5>\n<ul class=\"product-description-list\">\n<li style=\"list-style-type: none;\">\n<ul class=\"product-description-list\">\n<li>Mischen, Dosieren, Abf\u00fcllen<\/li>\n<li>L\u00f6sungsmittel-Extraktion<\/li>\n<\/ul>\n<\/li>\n<\/ul>\n<h5>\u00d6l- und Gasindustrie<\/h5>\n<ul class=\"product-description-list\">\n<li style=\"list-style-type: none;\">\n<ul class=\"product-description-list\">\n<li>Dosierskids, Sch\u00fcttgut- und Tankwagenverladung, Pipeline-Transfer, Inline-Dichtemessung<\/li>\n<li>Fl\u00fcssige Kohlenwasserstoffe, verfl\u00fcssigte Gase (Propan usw.)<\/li>\n<\/ul>\n<\/li>\n<\/ul>\n<h5>Zellstoff- und Papierindustrie<\/h5>\n<ul class=\"product-description-list\">\n<li style=\"list-style-type: none;\">\n<ul class=\"product-description-list\">\n<li>Papiervorrat, Zellstoff<\/li>\n<li>Beschichtung von K\u00fcchen<\/li>\n<\/ul>\n<\/li>\n<\/ul>\n<h5>Wasser- und Abwasserwirtschaft<\/h5>\n<ul class=\"product-description-list\">\n<li>Flockungsmitteldosierung<\/li>\n<li>Durchfluss- und Dichtemessung des Schlamms<\/li>\n<\/ul>\n<\/div>\n<\/div>\n<\/div>","protected":false},"excerpt":{"rendered":"<div class=\"short-description-head\">Der MASS-A ist ein Coriolis-Massedurchflussmesser der Spitzenklasse f\u00fcr anspruchsvolle Anwendungen im Prozess- und eichpflichtigen Verkehr. Er ist die ideale L\u00f6sung, wenn es um die hochgenaue Messung von Gasen und scherempfindlichen oder viskosen Fl\u00fcssigkeiten, Schl\u00e4mmen, sehr aggressiven Medien oder Medien mit geringer Flie\u00dfgeschwindigkeit geht.<\/div>","protected":false},"featured_media":23344,"template":"","meta":[],"product_brand":[],"product_cat":[171,15],"product_tag":[],"class_list":{"0":"post-23332","1":"product","2":"type-product","3":"status-publish","4":"has-post-thumbnail","6":"product_cat-coriolis-flow-meters","7":"product_cat-uncategorized","9":"first","10":"instock","11":"shipping-taxable","12":"purchasable","13":"product-type-simple"},"_links":{"self":[{"href":"https:\/\/metlaninst.com\/de\/wp-json\/wp\/v2\/product\/23332","targetHints":{"allow":["GET"]}}],"collection":[{"href":"https:\/\/metlaninst.com\/de\/wp-json\/wp\/v2\/product"}],"about":[{"href":"https:\/\/metlaninst.com\/de\/wp-json\/wp\/v2\/types\/product"}],"version-history":[{"count":3,"href":"https:\/\/metlaninst.com\/de\/wp-json\/wp\/v2\/product\/23332\/revisions"}],"predecessor-version":[{"id":26152,"href":"https:\/\/metlaninst.com\/de\/wp-json\/wp\/v2\/product\/23332\/revisions\/26152"}],"wp:featuredmedia":[{"embeddable":true,"href":"https:\/\/metlaninst.com\/de\/wp-json\/wp\/v2\/media\/23344"}],"wp:attachment":[{"href":"https:\/\/metlaninst.com\/de\/wp-json\/wp\/v2\/media?parent=23332"}],"wp:term":[{"taxonomy":"product_brand","embeddable":true,"href":"https:\/\/metlaninst.com\/de\/wp-json\/wp\/v2\/product_brand?post=23332"},{"taxonomy":"product_cat","embeddable":true,"href":"https:\/\/metlaninst.com\/de\/wp-json\/wp\/v2\/product_cat?post=23332"},{"taxonomy":"product_tag","embeddable":true,"href":"https:\/\/metlaninst.com\/de\/wp-json\/wp\/v2\/product_tag?post=23332"}],"curies":[{"name":"wp","href":"https:\/\/api.w.org\/{rel}","templated":true}]}}