{"id":23336,"date":"2024-11-09T06:37:56","date_gmt":"2024-11-09T06:37:56","guid":{"rendered":"https:\/\/www.metlaninst.com\/?post_type=product&#038;p=23336"},"modified":"2025-04-25T09:25:23","modified_gmt":"2025-04-25T09:25:23","slug":"coriolis-massedurchflussmesser-fur-anwendungen-mit-geringem-durchfluss-und-dosierung-masse-l","status":"publish","type":"product","link":"https:\/\/metlaninst.com\/de\/p\/coriolis-massedurchflussmesser-fur-anwendungen-mit-geringem-durchfluss-und-dosierung-masse-l\/","title":{"rendered":"Coriolis-Massedurchflussmesser f\u00fcr Anwendungen mit geringem Durchfluss und Dosierung (MASS-L)"},"content":{"rendered":"<div class=\"e-con-inner\">\n<div class=\"elementor-element e-con-full e-flex e-con e-child\">\n<div class=\"elementor-widget-container\">\n<h3 class=\"elementor-heading-title elementor-size-default\">Merkmale:<\/h3>\n<\/div>\n<div class=\"elementor-widget-container\">\n<ol class=\"product-description-list\">\n<li>Zertifiziert f\u00fcr den hygienischen Einsatz<\/li>\n<li>Unterst\u00fctzung von CIP- oder SIP-Reinigungsverfahren<\/li>\n<li>Perfekt f\u00fcr Anwendungen mit geringem Durchfluss<\/li>\n<li>Hochgenaue Messung von Masse, Dichte und Volumenstrom<\/li>\n<li>Auch in kundenspezifischen Konstruktionen erh\u00e4ltlich<\/li>\n<li>F\u00fcr die LCD-Anzeige stehen Englisch, Spanisch, Franz\u00f6sisch und auf Anfrage weitere Sprachen zur Verf\u00fcgung.<\/li>\n<li>Jeder Durchflussmesser wird kalibriert und erh\u00e4lt eine eindeutige Seriennummer, die alle Kalibrierdaten enth\u00e4lt.<\/li>\n<\/ol>\n<\/div>\n<\/div>\n<div class=\"elementor-element e-con-full e-flex e-con e-child\">\n<div class=\"elementor-widget-container\">\n<h3 class=\"elementor-heading-title elementor-size-default\">Anwendungen:<\/h3>\n<\/div>\n<div class=\"elementor-widget-container\">\n<h5 class=\"first\">Allgemein<\/h5>\n<ul class=\"product-description-list\">\n<li style=\"list-style-type: none;\">\n<ul class=\"product-description-list\">\n<li>Dosier- und Abf\u00fcllanwendungen mit sehr geringen Durchflussmengen<\/li>\n<li>Messung von Fl\u00fcssigkeiten, Gasen und gasmitgerissenen Fl\u00fcssigkeiten<\/li>\n<\/ul>\n<\/li>\n<\/ul>\n<h5>\u00d6l- und Gasindustrie<\/h5>\n<ul class=\"product-description-list\">\n<li style=\"list-style-type: none;\">\n<ul class=\"product-description-list\">\n<li>Odorierung von Erdgas und Propan<\/li>\n<li>Chemische Injektion<\/li>\n<\/ul>\n<\/li>\n<\/ul>\n<h5>Chemische und andere Prozessindustrien<\/h5>\n<ul class=\"product-description-list\">\n<li style=\"list-style-type: none;\">\n<ul class=\"product-description-list\">\n<li>Konzentrations- und Dichtemessung von kleinen Volumina<\/li>\n<li>Abf\u00fcllung in Reaktoren<\/li>\n<\/ul>\n<\/li>\n<\/ul>\n<h5>Pharmazeutische Industrie<\/h5>\n<ul class=\"product-description-list\">\n<li style=\"list-style-type: none;\">\n<ul class=\"product-description-list\">\n<li>Duftspender und hochpr\u00e4zise Beschichtungen<\/li>\n<li>Dosierung der Inhaltsstoffe<\/li>\n<\/ul>\n<\/li>\n<\/ul>\n<h5>Lebensmittel- und Getr\u00e4nkeindustrie<\/h5>\n<ul class=\"product-description-list\">\n<li style=\"list-style-type: none;\">\n<ul class=\"product-description-list\">\n<li>CO2-Injektion und -Dosierung<\/li>\n<\/ul>\n<\/li>\n<\/ul>\n<h5>Maschinen und Apparate (OEM-Industrie)<\/h5>\n<ul class=\"product-description-list\">\n<li style=\"list-style-type: none;\">\n<ul class=\"product-description-list\">\n<li>Motorenpr\u00fcfst\u00e4nde (z. B. in der Automobilindustrie)<\/li>\n<\/ul>\n<\/li>\n<\/ul>\n<h5>Zellstoff- und Papierindustrie<\/h5>\n<ul class=\"product-description-list\">\n<li>Zusatzstoffe, Bleichmittel und Farbstoffe<\/li>\n<\/ul>\n<\/div>\n<\/div>\n<\/div>","protected":false},"excerpt":{"rendered":"<div class=\"short-description-head\">Der MASS-L ist ein kosteng\u00fcnstiger Coriolis-Massedurchflussmesser f\u00fcr die genaue Durchflussmessung von Fl\u00fcssigkeiten und Gasen in einer Vielzahl von anspruchsvollen Anwendungen mit geringem Durchfluss und Dosierung. Dieser Durchflussmesser ist auch f\u00fcr den hygienischen Einsatz zertifiziert und unterst\u00fctzt CIP\/SIP-Reinigungsverfahren.<\/div>","protected":false},"featured_media":23346,"template":"","meta":[],"product_brand":[],"product_cat":[171,15],"product_tag":[],"class_list":{"0":"post-23336","1":"product","2":"type-product","3":"status-publish","4":"has-post-thumbnail","6":"product_cat-coriolis-flow-meters","7":"product_cat-uncategorized","9":"first","10":"instock","11":"shipping-taxable","12":"purchasable","13":"product-type-simple"},"_links":{"self":[{"href":"https:\/\/metlaninst.com\/de\/wp-json\/wp\/v2\/product\/23336","targetHints":{"allow":["GET"]}}],"collection":[{"href":"https:\/\/metlaninst.com\/de\/wp-json\/wp\/v2\/product"}],"about":[{"href":"https:\/\/metlaninst.com\/de\/wp-json\/wp\/v2\/types\/product"}],"version-history":[{"count":2,"href":"https:\/\/metlaninst.com\/de\/wp-json\/wp\/v2\/product\/23336\/revisions"}],"predecessor-version":[{"id":26154,"href":"https:\/\/metlaninst.com\/de\/wp-json\/wp\/v2\/product\/23336\/revisions\/26154"}],"wp:featuredmedia":[{"embeddable":true,"href":"https:\/\/metlaninst.com\/de\/wp-json\/wp\/v2\/media\/23346"}],"wp:attachment":[{"href":"https:\/\/metlaninst.com\/de\/wp-json\/wp\/v2\/media?parent=23336"}],"wp:term":[{"taxonomy":"product_brand","embeddable":true,"href":"https:\/\/metlaninst.com\/de\/wp-json\/wp\/v2\/product_brand?post=23336"},{"taxonomy":"product_cat","embeddable":true,"href":"https:\/\/metlaninst.com\/de\/wp-json\/wp\/v2\/product_cat?post=23336"},{"taxonomy":"product_tag","embeddable":true,"href":"https:\/\/metlaninst.com\/de\/wp-json\/wp\/v2\/product_tag?post=23336"}],"curies":[{"name":"wp","href":"https:\/\/api.w.org\/{rel}","templated":true}]}}