{"id":23340,"date":"2024-11-08T06:45:44","date_gmt":"2024-11-08T06:45:44","guid":{"rendered":"https:\/\/www.metlaninst.com\/?post_type=product&#038;p=23340"},"modified":"2025-04-25T09:25:36","modified_gmt":"2025-04-25T09:25:36","slug":"coriolis-massedurchflussmesser-fur-kryogene-anwendungen-mass-c","status":"publish","type":"product","link":"https:\/\/metlaninst.com\/de\/p\/coriolis-massedurchflussmesser-fur-kryogene-anwendungen-mass-c\/","title":{"rendered":"Coriolis-Massedurchflussmessger\u00e4te f\u00fcr kryogene Anwendungen (MASS-C)"},"content":{"rendered":"<div class=\"e-con-inner\">\n<div class=\"elementor-element e-con-full e-flex e-con e-child\">\n<div class=\"elementor-widget-container\">\n<h3 class=\"elementor-heading-title elementor-size-default\">Merkmale:<\/h3>\n<\/div>\n<div class=\"elementor-widget-container\">\n<ol class=\"product-description-list\">\n<li>Konzipiert f\u00fcr kryogene Medien wie LNG mit Temperaturen bis zu -200\u00b0C \/ -328\u00b0F<\/li>\n<li>Geeignet f\u00fcr den Einsatz in sicherheitsgerichteten Systemen<\/li>\n<li>Hochgenaue Messung von Masse, Dichte und Volumenstrom<\/li>\n<li>Auch in kundenspezifischen Konstruktionen erh\u00e4ltlich<\/li>\n<li>F\u00fcr die LCD-Anzeige stehen Englisch, Spanisch, Franz\u00f6sisch und auf Anfrage weitere Sprachen zur Verf\u00fcgung.<\/li>\n<li>Jeder Durchflussmesser wird kalibriert und erh\u00e4lt eine eindeutige Seriennummer, die alle Kalibrierdaten enth\u00e4lt.<\/li>\n<\/ol>\n<\/div>\n<\/div>\n<div class=\"elementor-element e-con-full e-flex e-con e-child\">\n<div class=\"elementor-widget-container\">\n<h3 class=\"elementor-heading-title elementor-size-default\">Anwendungen:<\/h3>\n<\/div>\n<div class=\"elementor-widget-container\">\n<h5 class=\"first\">Allgemein<\/h5>\n<ul class=\"product-description-list\">\n<li style=\"list-style-type: none;\">\n<ul class=\"product-description-list\">\n<li>Kryogene Temperaturen bis zu -200\u00b0C \/ -328\u00b0F<\/li>\n<li>Superkritische Gase<\/li>\n<li>Gewahrsams\u00fcbertragung (CT)<\/li>\n<li>Sicherheitstechnische Systeme<\/li>\n<\/ul>\n<\/li>\n<\/ul>\n<h5>Chemische und andere Prozessindustrien<\/h5>\n<ul class=\"product-description-list\">\n<li style=\"list-style-type: none;\">\n<ul class=\"product-description-list\">\n<li>Konzentrations- und Dichtemessung<\/li>\n<li>Sch\u00fcttgutverladung<\/li>\n<li>Dosierung und Vermischung mit Reaktoren<\/li>\n<li>Cracken von Kohlenwasserstoffen<\/li>\n<\/ul>\n<\/li>\n<\/ul>\n<h5>\u00d6l- und Gasindustrie<\/h5>\n<ul class=\"product-description-list\">\n<li style=\"list-style-type: none;\">\n<ul class=\"product-description-list\">\n<li>Dosierschlitten, Sch\u00fcttgutverladung, Pipeline-Transfer<\/li>\n<li>Verfl\u00fcssigtes Erdgas (LNG)<\/li>\n<li>Sch\u00fcttgutverladung<\/li>\n<li>Mehrphasenmessung in Upstream-Anwendungen<\/li>\n<\/ul>\n<\/li>\n<\/ul>\n<h5>Lebensmittel- und Getr\u00e4nkeindustrie<\/h5>\n<ul class=\"product-description-list\">\n<li style=\"list-style-type: none;\">\n<ul class=\"product-description-list\">\n<li>Mischen, Dosieren, Abf\u00fcllen<\/li>\n<li>Messung des Massendurchflusses von Speiseeis und Milch<\/li>\n<li>Messung von Durchfluss, Dichte und spezifischem Gewicht in Brauprozessen<\/li>\n<li>Dosierung von Hopfenextrakt<\/li>\n<li>Messung von Brix, Dichte und Durchfluss in Fruchts\u00e4ften<\/li>\n<li>Dosierung von nat\u00fcrlichen \u00d6len, Fetten, Gem\u00fcse (z. B. Spinat) usw.<\/li>\n<li>CO2-Einspritzung bei der Herstellung von Erfrischungsgetr\u00e4nken<\/li>\n<\/ul>\n<\/li>\n<\/ul>\n<h5>Pharmazeutische Industrie<\/h5>\n<ul class=\"product-description-list\">\n<li style=\"list-style-type: none;\">\n<ul class=\"product-description-list\">\n<li>Mischen, Dosieren, Abf\u00fcllen<\/li>\n<li>L\u00f6sungsmittel-Extraktion<\/li>\n<\/ul>\n<\/li>\n<\/ul>\n<h5>Schiffsindustrie<\/h5>\n<ul class=\"product-description-list\">\n<li style=\"list-style-type: none;\">\n<ul class=\"product-description-list\">\n<li>Bunkerung und Messung des Kraftstoffverbrauchs<\/li>\n<\/ul>\n<\/li>\n<\/ul>\n<h5>Zellstoff- und Papierindustrie<\/h5>\n<ul class=\"product-description-list\">\n<li>Zusatzstoffe, Bleichmittel und Farbstoffe<\/li>\n<li>Kristallisierende, erstarrende und kryogene Produkte<\/li>\n<\/ul>\n<\/div>\n<\/div>\n<\/div>","protected":false},"excerpt":{"rendered":"<div class=\"short-description-head\">MASS-C ist das Standard-Hochleistungs-Coriolis-Massedurchflussmessger\u00e4t f\u00fcr die Prozessindustrie, das optimale Ger\u00e4t f\u00fcr kryogene Medien wie Fl\u00fcssiggas (LNG) mit Temperaturen bis zu -200\u00b0C \/ -328\u00b0F.<\/div>","protected":false},"featured_media":23345,"template":"","meta":[],"product_brand":[],"product_cat":[171,15],"product_tag":[],"class_list":{"0":"post-23340","1":"product","2":"type-product","3":"status-publish","4":"has-post-thumbnail","6":"product_cat-coriolis-flow-meters","7":"product_cat-uncategorized","9":"first","10":"instock","11":"shipping-taxable","12":"purchasable","13":"product-type-simple"},"_links":{"self":[{"href":"https:\/\/metlaninst.com\/de\/wp-json\/wp\/v2\/product\/23340","targetHints":{"allow":["GET"]}}],"collection":[{"href":"https:\/\/metlaninst.com\/de\/wp-json\/wp\/v2\/product"}],"about":[{"href":"https:\/\/metlaninst.com\/de\/wp-json\/wp\/v2\/types\/product"}],"version-history":[{"count":2,"href":"https:\/\/metlaninst.com\/de\/wp-json\/wp\/v2\/product\/23340\/revisions"}],"predecessor-version":[{"id":26155,"href":"https:\/\/metlaninst.com\/de\/wp-json\/wp\/v2\/product\/23340\/revisions\/26155"}],"wp:featuredmedia":[{"embeddable":true,"href":"https:\/\/metlaninst.com\/de\/wp-json\/wp\/v2\/media\/23345"}],"wp:attachment":[{"href":"https:\/\/metlaninst.com\/de\/wp-json\/wp\/v2\/media?parent=23340"}],"wp:term":[{"taxonomy":"product_brand","embeddable":true,"href":"https:\/\/metlaninst.com\/de\/wp-json\/wp\/v2\/product_brand?post=23340"},{"taxonomy":"product_cat","embeddable":true,"href":"https:\/\/metlaninst.com\/de\/wp-json\/wp\/v2\/product_cat?post=23340"},{"taxonomy":"product_tag","embeddable":true,"href":"https:\/\/metlaninst.com\/de\/wp-json\/wp\/v2\/product_tag?post=23340"}],"curies":[{"name":"wp","href":"https:\/\/api.w.org\/{rel}","templated":true}]}}