{"id":25440,"date":"2024-12-15T04:47:16","date_gmt":"2024-12-15T04:47:16","guid":{"rendered":"https:\/\/www.metlaninst.com\/?post_type=product&#038;p=25440"},"modified":"2025-02-02T03:52:38","modified_gmt":"2025-02-02T03:52:38","slug":"wirbeldurchflussmesser-fur-hochtemperaturmedien-lugbmt-h","status":"publish","type":"product","link":"https:\/\/metlaninst.com\/de\/p\/wirbeldurchflussmesser-fur-hochtemperaturmedien-lugbmt-h\/","title":{"rendered":"Vortex-Durchflussmesser f\u00fcr Hochtemperaturmedien (LUGBMT-H)"},"content":{"rendered":"<div class=\"e-con-inner\">\n<div class=\"elementor-element e-con-full e-flex e-con e-child\">\n<div class=\"elementor-widget-container\">\n<h3 class=\"elementor-heading-title elementor-size-default\">Merkmale:<\/h3>\n<\/div>\n<div class=\"elementor-widget-container\">\n<div>\n<ol>\n<li data-zone-id=\"0\" data-line-index=\"0\" data-line=\"true\">F\u00fcr Hochtemperaturanwendungen bis zu +400\u00b0C \/ +750\u00b0F<\/li>\n<li data-zone-id=\"0\" data-line-index=\"1\" data-line=\"true\">Farben und Aussehen k\u00f6nnen nach Wunsch angepasst werden<b><\/b><\/li>\n<li data-zone-id=\"0\" data-line-index=\"2\" data-line=\"true\">Auch in kundenspezifischen Konstruktionen erh\u00e4ltlich<\/li>\n<li data-zone-id=\"0\" data-line-index=\"3\" data-line=\"true\">F\u00fcr die LCD-Anzeige stehen Englisch, Spanisch, Franz\u00f6sisch und auf Anfrage weitere Sprachen zur Verf\u00fcgung.<\/li>\n<li data-zone-id=\"0\" data-line-index=\"4\" data-line=\"true\">Jeder Durchflussmesser wird kalibriert und erh\u00e4lt eine eindeutige Seriennummer, die alle Kalibrierdaten enth\u00e4lt.<\/li>\n<\/ol>\n<\/div>\n<\/div>\n<\/div>\n<div class=\"elementor-element e-con-full e-flex e-con e-child\">\n<div class=\"elementor-widget-container\">\n<h3 class=\"elementor-heading-title elementor-size-default\">Anwendungen:<\/h3>\n<\/div>\n<div class=\"elementor-widget-container\">\n<h5 class=\"first\">Allgemein<\/h5>\n<div>\n<ul>\n<li data-zone-id=\"0\" data-line-index=\"0\" data-line=\"true\">Messung von (nicht-)leitenden Medien \u00fcber +250\u00b0C \/ +482\u00b0F<\/li>\n<li data-zone-id=\"0\" data-line-index=\"0\" data-line=\"true\">\u00dcberwachung von Warmwasserkreisl\u00e4ufen<\/li>\n<li data-zone-id=\"0\" data-line-index=\"2\" data-line=\"true\">Messung des Verbrauchs von Hochtemperatur-Industriegasen<\/li>\n<\/ul>\n<\/div>\n<h5>Chemische und petrochemische Industrie<\/h5>\n<div>\n<ul>\n<li data-zone-id=\"0\" data-line-index=\"0\" data-line=\"true\">\u00dcberwachung von Steamcrackern<\/li>\n<li data-zone-id=\"0\" data-line-index=\"0\" data-line=\"true\">Messung von hei\u00dfem Stickstoff \u00fcber +250\u00b0C \/ +482\u00b0F<\/li>\n<li data-zone-id=\"0\" data-line-index=\"2\" data-line=\"true\">Beseitigung von Feuchtigkeit aus Prozesssystemen<\/li>\n<\/ul>\n<\/div>\n<h5>Konventionelle und erneuerbare Energiewirtschaft<\/h5>\n<div>\n<ul>\n<li data-zone-id=\"0\" data-line-index=\"0\" data-line=\"true\">\u00dcberwachung von Dampf und Kondensat<\/li>\n<\/ul>\n<\/div>\n<h5>Eisen-, Stahl- und Metallindustrie<\/h5>\n<ul>\n<li>\u00dcberwachung von K\u00fchlwasser in einem Hochofen<\/li>\n<\/ul>\n<h5>Lebensmittel- und Getr\u00e4nkeindustrie<\/h5>\n<ul>\n<li>\u00dcberwachung von Dampfkesseln<\/li>\n<\/ul>\n<\/div>\n<\/div>\n<\/div>","protected":false},"excerpt":{"rendered":"<div class=\"short-description-head\">\n<div>\n<div data-zone-id=\"0\" data-line-index=\"0\" data-line=\"true\">LUGBMT-H ist ein Vortex-Durchflussmesser f\u00fcr Hochtemperaturanwendungen bis zu +400\u00b0C \/ +750\u00b0F. Dieser Durchflussmesser ist besonders f\u00fcr die Messung von ges\u00e4ttigtem und \u00fcberhitztem Dampf \u00fcber +240\u00b0C \/ +464\u00b0F geeignet. Weitere Anwendungen sind Hochtemperaturmedien wie Thermo\u00f6l oder andere W\u00e4rmetr\u00e4gerfl\u00fcssigkeiten sowie Hochtemperatur-Prozess- und Hilfsgase.<\/div>\n<\/div>\n<\/div>","protected":false},"featured_media":25444,"template":"","meta":[],"product_brand":[],"product_cat":[121,208,205,164,166],"product_tag":[],"class_list":{"0":"post-25440","1":"product","2":"type-product","3":"status-publish","4":"has-post-thumbnail","6":"product_cat-vortex-flow-meters","7":"product_cat-gas-flow-meters","8":"product_cat-steam-flow-meters","9":"product_cat-air-flow-meters","10":"product_cat-liquid-flow-meters","12":"first","13":"instock","14":"shipping-taxable","15":"purchasable","16":"product-type-simple"},"_links":{"self":[{"href":"https:\/\/metlaninst.com\/de\/wp-json\/wp\/v2\/product\/25440","targetHints":{"allow":["GET"]}}],"collection":[{"href":"https:\/\/metlaninst.com\/de\/wp-json\/wp\/v2\/product"}],"about":[{"href":"https:\/\/metlaninst.com\/de\/wp-json\/wp\/v2\/types\/product"}],"version-history":[{"count":3,"href":"https:\/\/metlaninst.com\/de\/wp-json\/wp\/v2\/product\/25440\/revisions"}],"predecessor-version":[{"id":25446,"href":"https:\/\/metlaninst.com\/de\/wp-json\/wp\/v2\/product\/25440\/revisions\/25446"}],"wp:featuredmedia":[{"embeddable":true,"href":"https:\/\/metlaninst.com\/de\/wp-json\/wp\/v2\/media\/25444"}],"wp:attachment":[{"href":"https:\/\/metlaninst.com\/de\/wp-json\/wp\/v2\/media?parent=25440"}],"wp:term":[{"taxonomy":"product_brand","embeddable":true,"href":"https:\/\/metlaninst.com\/de\/wp-json\/wp\/v2\/product_brand?post=25440"},{"taxonomy":"product_cat","embeddable":true,"href":"https:\/\/metlaninst.com\/de\/wp-json\/wp\/v2\/product_cat?post=25440"},{"taxonomy":"product_tag","embeddable":true,"href":"https:\/\/metlaninst.com\/de\/wp-json\/wp\/v2\/product_tag?post=25440"}],"curies":[{"name":"wp","href":"https:\/\/api.w.org\/{rel}","templated":true}]}}