{"id":25448,"date":"2024-12-15T05:03:38","date_gmt":"2024-12-15T05:03:38","guid":{"rendered":"https:\/\/www.metlaninst.com\/?post_type=product&#038;p=25448"},"modified":"2025-02-02T03:52:06","modified_gmt":"2025-02-02T03:52:06","slug":"wirbeldurchflussmesser-fur-hochdruck-lugbmt-p","status":"publish","type":"product","link":"https:\/\/metlaninst.com\/de\/p\/wirbeldurchflussmesser-fur-hochdruck-lugbmt-p\/","title":{"rendered":"Vortex-Durchflussmesser f\u00fcr Hochdruck (LUGBMT-P)"},"content":{"rendered":"<div class=\"e-con-inner\">\n<div class=\"elementor-element e-con-full e-flex e-con e-child\">\n<div class=\"elementor-widget-container\">\n<h3 class=\"elementor-heading-title elementor-size-default\">Merkmale:<\/h3>\n<\/div>\n<div class=\"elementor-widget-container\">\n<ol>\n<li data-zone-id=\"0\" data-line-index=\"0\" data-line=\"true\">Der Spezialist f\u00fcr Anwendungen mit hohem Prozessdruck bis zu 250 bar (3625.95 psi)<\/li>\n<li data-zone-id=\"0\" data-line-index=\"1\" data-line=\"true\">Farben und Aussehen k\u00f6nnen nach Wunsch angepasst werden<b><\/b><\/li>\n<li data-zone-id=\"0\" data-line-index=\"2\" data-line=\"true\">Auch in kundenspezifischen Konstruktionen erh\u00e4ltlich<\/li>\n<li data-zone-id=\"0\" data-line-index=\"3\" data-line=\"true\">F\u00fcr die LCD-Anzeige stehen Englisch, Spanisch, Franz\u00f6sisch und auf Anfrage weitere Sprachen zur Verf\u00fcgung.<\/li>\n<li data-zone-id=\"0\" data-line-index=\"4\" data-line=\"true\">Jeder Durchflussmesser wird kalibriert und erh\u00e4lt eine eindeutige Seriennummer, die alle Kalibrierdaten enth\u00e4lt.<\/li>\n<\/ol>\n<\/div>\n<\/div>\n<div class=\"elementor-element e-con-full e-flex e-con e-child\">\n<div class=\"elementor-widget-container\">\n<h3 class=\"elementor-heading-title elementor-size-default\">Anwendungen:<\/h3>\n<\/div>\n<div class=\"elementor-widget-container\">\n<h5 class=\"first\">Allgemein<\/h5>\n<div>\n<ul>\n<li data-zone-id=\"0\" data-line-index=\"0\" data-line=\"true\">Geeignet f\u00fcr Hochdruckanwendungen mit Gasen und Dampf<\/li>\n<li data-zone-id=\"0\" data-line-index=\"0\" data-line=\"true\">Integrierte Messung zur Temperatur- und Druckregelung in Prozessanlagen<\/li>\n<li data-zone-id=\"0\" data-line-index=\"0\" data-line=\"true\">\u00dcberwachung von Dampf- und Gasprozessen mit hoher Genauigkeit<\/li>\n<\/ul>\n<\/div>\n<h5>\u00d6l und Gas, Chemie<\/h5>\n<div>\n<ul>\n<li data-zone-id=\"0\" data-line-index=\"0\" data-line=\"true\">\u00dcberwachung von Prozessgasen und Dampf unter hohem Druck<\/li>\n<li data-zone-id=\"0\" data-line-index=\"0\" data-line=\"true\">Dampfmessung in Raffinerien und petrochemischen Anlagen<\/li>\n<\/ul>\n<\/div>\n<h5>Energiewirtschaft<\/h5>\n<div>\n<ul>\n<li data-zone-id=\"0\" data-line-index=\"0\" data-line=\"true\">Kontrolle von Dampf und Kondensat in konventionellen und erneuerbaren Kraftwerken<\/li>\n<\/ul>\n<\/div>\n<h5>Eisen-, Stahl- und Metallindustrie<\/h5>\n<ul>\n<li>Dampfmessung in K\u00fchlprozessen<\/li>\n<\/ul>\n<h5>Schifffahrt &amp; Offshore<\/h5>\n<ul>\n<li>Dampfmanagement in Schiffsanwendungen, geeignet f\u00fcr raue Umgebungen<\/li>\n<\/ul>\n<\/div>\n<\/div>\n<\/div>","protected":false},"excerpt":{"rendered":"<div class=\"short-description-head\">\n<div data-zone-id=\"0\" data-line-index=\"0\" data-line=\"true\">LUGBMT-P ist der Vortex-Durchflussmesser f\u00fcr Hochdruck-Anschlussleitungen bis zu 250 bar (3625,95 psi). Das Durchflussmessger\u00e4t ist ideal geeignet f\u00fcr die zuverl\u00e4ssige Prozesskontrolle in anspruchsvollen Gas- und Dampfanwendungen mit hohem Prozessdruck.<\/div>\n<\/div>","protected":false},"featured_media":25452,"template":"","meta":[],"product_brand":[],"product_cat":[121,208,205,164,166],"product_tag":[],"class_list":{"0":"post-25448","1":"product","2":"type-product","3":"status-publish","4":"has-post-thumbnail","6":"product_cat-vortex-flow-meters","7":"product_cat-gas-flow-meters","8":"product_cat-steam-flow-meters","9":"product_cat-air-flow-meters","10":"product_cat-liquid-flow-meters","12":"first","13":"instock","14":"shipping-taxable","15":"purchasable","16":"product-type-simple"},"_links":{"self":[{"href":"https:\/\/metlaninst.com\/de\/wp-json\/wp\/v2\/product\/25448","targetHints":{"allow":["GET"]}}],"collection":[{"href":"https:\/\/metlaninst.com\/de\/wp-json\/wp\/v2\/product"}],"about":[{"href":"https:\/\/metlaninst.com\/de\/wp-json\/wp\/v2\/types\/product"}],"version-history":[{"count":1,"href":"https:\/\/metlaninst.com\/de\/wp-json\/wp\/v2\/product\/25448\/revisions"}],"predecessor-version":[{"id":25457,"href":"https:\/\/metlaninst.com\/de\/wp-json\/wp\/v2\/product\/25448\/revisions\/25457"}],"wp:featuredmedia":[{"embeddable":true,"href":"https:\/\/metlaninst.com\/de\/wp-json\/wp\/v2\/media\/25452"}],"wp:attachment":[{"href":"https:\/\/metlaninst.com\/de\/wp-json\/wp\/v2\/media?parent=25448"}],"wp:term":[{"taxonomy":"product_brand","embeddable":true,"href":"https:\/\/metlaninst.com\/de\/wp-json\/wp\/v2\/product_brand?post=25448"},{"taxonomy":"product_cat","embeddable":true,"href":"https:\/\/metlaninst.com\/de\/wp-json\/wp\/v2\/product_cat?post=25448"},{"taxonomy":"product_tag","embeddable":true,"href":"https:\/\/metlaninst.com\/de\/wp-json\/wp\/v2\/product_tag?post=25448"}],"curies":[{"name":"wp","href":"https:\/\/api.w.org\/{rel}","templated":true}]}}