{"id":25462,"date":"2024-12-25T05:56:08","date_gmt":"2024-12-25T05:56:08","guid":{"rendered":"https:\/\/www.metlaninst.com\/?post_type=product&#038;p=25462"},"modified":"2025-02-02T03:46:16","modified_gmt":"2025-02-02T03:46:16","slug":"wirbeldurchflussmesser-lugbmt-100","status":"publish","type":"product","link":"https:\/\/metlaninst.com\/de\/p\/wirbeldurchflussmesser-lugbmt-100\/","title":{"rendered":"Vortex-Durchflussmessger\u00e4te (LUGBMT-100)"},"content":{"rendered":"<div class=\"e-con-inner\">\n<div class=\"elementor-element e-con-full e-flex e-con e-child\">\n<div class=\"elementor-widget-container\">\n<h3 class=\"elementor-heading-title elementor-size-default\">Merkmale:<\/h3>\n<\/div>\n<div class=\"elementor-widget-container\">\n<ol>\n<li data-zone-id=\"0\" data-line-index=\"0\" data-line=\"true\">Versionen f\u00fcr hohe Temperaturen und hohen Druck verf\u00fcgbar<\/li>\n<li data-zone-id=\"0\" data-line-index=\"1\" data-line=\"true\">Farben und Aussehen k\u00f6nnen nach Wunsch angepasst werden<b><\/b><\/li>\n<li data-zone-id=\"0\" data-line-index=\"2\" data-line=\"true\">Auch in kundenspezifischen Konstruktionen erh\u00e4ltlich<\/li>\n<li data-zone-id=\"0\" data-line-index=\"3\" data-line=\"true\">F\u00fcr die LCD-Anzeige stehen Englisch, Spanisch, Franz\u00f6sisch und auf Anfrage weitere Sprachen zur Verf\u00fcgung.<\/li>\n<li data-zone-id=\"0\" data-line-index=\"4\" data-line=\"true\">Jeder Durchflussmesser wird kalibriert und erh\u00e4lt eine eindeutige Seriennummer, die alle Kalibrierdaten enth\u00e4lt.<\/li>\n<\/ol>\n<\/div>\n<\/div>\n<div class=\"elementor-element e-con-full e-flex e-con e-child\">\n<div class=\"elementor-widget-container\">\n<h3 class=\"elementor-heading-title elementor-size-default\">Anwendungen:<\/h3>\n<\/div>\n<div class=\"elementor-widget-container\">\n<h5 class=\"first\">Allgemein<\/h5>\n<div>\n<ul>\n<li data-zone-id=\"0\" data-line-index=\"0\" data-line=\"true\">Anwendungen im Versorgungsbereich: Energieverteilung in Hilfs- und Versorgungsstromkreisen<\/li>\n<li data-zone-id=\"0\" data-line-index=\"0\" data-line=\"true\">Messung von (nicht-)leitf\u00e4higen Fl\u00fcssigkeiten, Gasen, ges\u00e4ttigtem und - \u00fcberhitztem Dampf<\/li>\n<li data-zone-id=\"0\" data-line-index=\"0\" data-line=\"true\">Brutto-\/Netto-W\u00e4rmemessung von Dampf und Hei\u00dfwasser<\/li>\n<li data-zone-id=\"0\" data-line-index=\"0\" data-line=\"true\">Messung des Verbrauchs von Industriegasen (Erdgas, Stickstoff usw.)<\/li>\n<li data-zone-id=\"0\" data-line-index=\"0\" data-line=\"true\">Messung des Verbrauchs in Druckluftsystemen<\/li>\n<\/ul>\n<\/div>\n<h5>Chemische und andere Prozessindustrien<\/h5>\n<div>\n<ul>\n<li data-zone-id=\"0\" data-line-index=\"0\" data-line=\"true\">Kohlenwasserstoffe, Thermo\u00f6le usw.<\/li>\n<li data-zone-id=\"0\" data-line-index=\"0\" data-line=\"true\">L\u00f6sungsmittel<\/li>\n<li data-zone-id=\"0\" data-line-index=\"0\" data-line=\"true\">Entsalztes Wasser<\/li>\n<li data-zone-id=\"0\" data-line-index=\"0\" data-line=\"true\">Gase, Schwei\u00dfgase, Dampf<\/li>\n<li data-zone-id=\"0\" data-line-index=\"0\" data-line=\"true\">Petrochemische Produkte (Benzol, Ethylen, usw.)<\/li>\n<\/ul>\n<\/div>\n<h5>Eisen-, Stahl- und Metallindustrie<\/h5>\n<div>\n<ul>\n<li data-zone-id=\"0\" data-line-index=\"0\" data-line=\"true\">K\u00fchlkreisl\u00e4ufe<\/li>\n<li data-zone-id=\"0\" data-line-index=\"0\" data-line=\"true\">Pressluft<\/li>\n<li data-zone-id=\"0\" data-line-index=\"0\" data-line=\"true\">Inerte Gase<\/li>\n<li data-zone-id=\"0\" data-line-index=\"0\" data-line=\"true\">Sauerstoff<\/li>\n<li data-zone-id=\"0\" data-line-index=\"0\" data-line=\"true\">Erdgas<\/li>\n<li data-zone-id=\"0\" data-line-index=\"0\" data-line=\"true\">Dampf<\/li>\n<\/ul>\n<\/div>\n<h5>Lebensmittel- und Getr\u00e4nkeindustrie<\/h5>\n<ul>\n<li>Gereinigtes und entsalztes Wasser<\/li>\n<li>CO2<\/li>\n<li>Verbrauch des Brenners<\/li>\n<li>Dampf<\/li>\n<\/ul>\n<h5>Zellstoff- und Papierindustrie<\/h5>\n<ul>\n<li>Druckluft, Dampf usw.<\/li>\n<\/ul>\n<h5>\u00d6l- und Gasindustrie<\/h5>\n<ul>\n<li>Petrochemische Produkte (Benzol, Ethylen, Dampf usw.)<\/li>\n<li>Erdgas<\/li>\n<\/ul>\n<\/div>\n<\/div>\n<\/div>","protected":false},"excerpt":{"rendered":"<div class=\"short-description-head\">\n<div data-zone-id=\"0\" data-line-index=\"0\" data-line=\"true\">Der Wirbeldurchflussmesser LUGBMT-100 eignet sich f\u00fcr die Messung von Dampf sowie einer Vielzahl von Fl\u00fcssigkeiten und Gasen. Stellen Sie hier das gew\u00fcnschte Durchflussmessger\u00e4t f\u00fcr Ihre Anwendungen und Branchen zusammen, und beachten Sie bitte, dass Farben und Aussehen nach Wunsch personalisiert werden k\u00f6nnen.<\/div>\n<\/div>","protected":false},"featured_media":25453,"template":"","meta":[],"product_brand":[],"product_cat":[121,205,164,166,163],"product_tag":[],"class_list":{"0":"post-25462","1":"product","2":"type-product","3":"status-publish","4":"has-post-thumbnail","6":"product_cat-vortex-flow-meters","7":"product_cat-steam-flow-meters","8":"product_cat-air-flow-meters","9":"product_cat-liquid-flow-meters","10":"product_cat-water-flow-meters","12":"first","13":"instock","14":"shipping-taxable","15":"purchasable","16":"product-type-simple"},"_links":{"self":[{"href":"https:\/\/metlaninst.com\/de\/wp-json\/wp\/v2\/product\/25462","targetHints":{"allow":["GET"]}}],"collection":[{"href":"https:\/\/metlaninst.com\/de\/wp-json\/wp\/v2\/product"}],"about":[{"href":"https:\/\/metlaninst.com\/de\/wp-json\/wp\/v2\/types\/product"}],"version-history":[{"count":1,"href":"https:\/\/metlaninst.com\/de\/wp-json\/wp\/v2\/product\/25462\/revisions"}],"predecessor-version":[{"id":25465,"href":"https:\/\/metlaninst.com\/de\/wp-json\/wp\/v2\/product\/25462\/revisions\/25465"}],"wp:featuredmedia":[{"embeddable":true,"href":"https:\/\/metlaninst.com\/de\/wp-json\/wp\/v2\/media\/25453"}],"wp:attachment":[{"href":"https:\/\/metlaninst.com\/de\/wp-json\/wp\/v2\/media?parent=25462"}],"wp:term":[{"taxonomy":"product_brand","embeddable":true,"href":"https:\/\/metlaninst.com\/de\/wp-json\/wp\/v2\/product_brand?post=25462"},{"taxonomy":"product_cat","embeddable":true,"href":"https:\/\/metlaninst.com\/de\/wp-json\/wp\/v2\/product_cat?post=25462"},{"taxonomy":"product_tag","embeddable":true,"href":"https:\/\/metlaninst.com\/de\/wp-json\/wp\/v2\/product_tag?post=25462"}],"curies":[{"name":"wp","href":"https:\/\/api.w.org\/{rel}","templated":true}]}}