{"id":25474,"date":"2024-12-15T06:26:16","date_gmt":"2024-12-15T06:26:16","guid":{"rendered":"https:\/\/www.metlaninst.com\/?post_type=product&#038;p=25474"},"modified":"2025-02-02T03:51:40","modified_gmt":"2025-02-02T03:51:40","slug":"hochdruckflussigkeitsturbinendurchflussmesser-lwgymt-p","status":"publish","type":"product","link":"https:\/\/metlaninst.com\/de\/p\/hochdruckflussigkeitsturbinendurchflussmesser-lwgymt-p\/","title":{"rendered":"Hochdruck-Fl\u00fcssigkeitsturbinen-Durchflussmesser (LWGYMT-P)"},"content":{"rendered":"<div class=\"e-con-inner\">\n<div class=\"elementor-element e-con-full e-flex e-con e-child\">\n<div class=\"elementor-widget-container\">\n<h3 class=\"elementor-heading-title elementor-size-default\">Merkmale:<\/h3>\n<\/div>\n<div class=\"elementor-widget-container\">\n<ol>\n<li data-zone-id=\"0\" data-line-index=\"0\" data-line=\"true\">F\u00fcr Hochdruckanwendungen bis zu 250 bar (3625,95 psi)<\/li>\n<li data-zone-id=\"0\" data-line-index=\"1\" data-line=\"true\">Farben und Aussehen k\u00f6nnen nach Wunsch angepasst werden<b><\/b><\/li>\n<li data-zone-id=\"0\" data-line-index=\"2\" data-line=\"true\">Auch in kundenspezifischen Konstruktionen erh\u00e4ltlich<\/li>\n<li data-zone-id=\"0\" data-line-index=\"3\" data-line=\"true\">F\u00fcr die LCD-Anzeige stehen Englisch, Spanisch, Franz\u00f6sisch und auf Anfrage weitere Sprachen zur Verf\u00fcgung.<\/li>\n<li data-zone-id=\"0\" data-line-index=\"4\" data-line=\"true\">Jeder Durchflussmesser wird kalibriert und erh\u00e4lt eine eindeutige Seriennummer, die alle Kalibrierdaten enth\u00e4lt.<\/li>\n<\/ol>\n<\/div>\n<\/div>\n<div class=\"elementor-element e-con-full e-flex e-con e-child\">\n<div class=\"elementor-widget-container\">\n<h3 class=\"elementor-heading-title elementor-size-default\">Anwendungen:<\/h3>\n<\/div>\n<div class=\"elementor-widget-container\">\n<h5 class=\"first\">Allgemein<\/h5>\n<div>\n<ul>\n<li data-zone-id=\"0\" data-line-index=\"0\" data-line=\"true\">Messung des Fl\u00fcssigkeitsdurchflusses unter hohem Druck bis PN250<\/li>\n<li data-zone-id=\"0\" data-line-index=\"0\" data-line=\"true\">Geeignet f\u00fcr Temperaturen von -4\u00b0F bis +248\u00b0F<\/li>\n<li data-zone-id=\"0\" data-line-index=\"0\" data-line=\"true\">Pr\u00e4zise Messung f\u00fcr kritische Durchflussregelungsanwendungen<\/li>\n<\/ul>\n<\/div>\n<h5>\u00d6l- und Gasindustrie<\/h5>\n<div>\n<ul>\n<li data-zone-id=\"0\" data-line-index=\"0\" data-line=\"true\">\u00dcberwachung von Hochdruckfl\u00fcssigkeiten beim Bohren und F\u00f6rdern von Brunnen<\/li>\n<li data-zone-id=\"0\" data-line-index=\"0\" data-line=\"true\">Messung von Hochdruck-Injektionsfl\u00fcssigkeiten auf \u00d6lfeldern<\/li>\n<\/ul>\n<\/div>\n<h5>Industrielle Fertigung<\/h5>\n<div>\n<ul>\n<li data-zone-id=\"0\" data-line-index=\"0\" data-line=\"true\">Steuerung des Hochdruck-K\u00fchlmittel- und Schmiermittelflusses<\/li>\n<li data-zone-id=\"0\" data-line-index=\"0\" data-line=\"true\">Prozess\u00fcberwachung in hochbelasteten Fertigungsumgebungen<\/li>\n<\/ul>\n<\/div>\n<h5>Stromerzeugung<\/h5>\n<ul>\n<li>Hochdruckwasser- und Fl\u00fcssigkeits\u00fcberwachung in Kraftwerken<\/li>\n<\/ul>\n<\/div>\n<\/div>\n<\/div>","protected":false},"excerpt":{"rendered":"<div class=\"short-description-head\">\n<div data-zone-id=\"0\" data-line-index=\"0\" data-line=\"true\">Der Turbinendurchflussmesser LWGYMT-P ist speziell f\u00fcr den sicheren Betrieb in anspruchsvollen Hochdruckanwendungen bis zu 250 bar (3625,95 psi) ausgelegt. Dieser Durchflussmesser besteht aus einer Edelstahlkonstruktion und einem Flanschanschluss. Kontaktieren Sie uns f\u00fcr andere Anschl\u00fcsse.<\/div>\n<\/div>","protected":false},"featured_media":25541,"template":"","meta":[],"product_brand":[],"product_cat":[120,166],"product_tag":[],"class_list":{"0":"post-25474","1":"product","2":"type-product","3":"status-publish","4":"has-post-thumbnail","6":"product_cat-turbine-flow-meters","7":"product_cat-liquid-flow-meters","9":"first","10":"instock","11":"shipping-taxable","12":"purchasable","13":"product-type-simple"},"_links":{"self":[{"href":"https:\/\/metlaninst.com\/de\/wp-json\/wp\/v2\/product\/25474","targetHints":{"allow":["GET"]}}],"collection":[{"href":"https:\/\/metlaninst.com\/de\/wp-json\/wp\/v2\/product"}],"about":[{"href":"https:\/\/metlaninst.com\/de\/wp-json\/wp\/v2\/types\/product"}],"version-history":[{"count":2,"href":"https:\/\/metlaninst.com\/de\/wp-json\/wp\/v2\/product\/25474\/revisions"}],"predecessor-version":[{"id":25489,"href":"https:\/\/metlaninst.com\/de\/wp-json\/wp\/v2\/product\/25474\/revisions\/25489"}],"wp:featuredmedia":[{"embeddable":true,"href":"https:\/\/metlaninst.com\/de\/wp-json\/wp\/v2\/media\/25541"}],"wp:attachment":[{"href":"https:\/\/metlaninst.com\/de\/wp-json\/wp\/v2\/media?parent=25474"}],"wp:term":[{"taxonomy":"product_brand","embeddable":true,"href":"https:\/\/metlaninst.com\/de\/wp-json\/wp\/v2\/product_brand?post=25474"},{"taxonomy":"product_cat","embeddable":true,"href":"https:\/\/metlaninst.com\/de\/wp-json\/wp\/v2\/product_cat?post=25474"},{"taxonomy":"product_tag","embeddable":true,"href":"https:\/\/metlaninst.com\/de\/wp-json\/wp\/v2\/product_tag?post=25474"}],"curies":[{"name":"wp","href":"https:\/\/api.w.org\/{rel}","templated":true}]}}