{"id":25490,"date":"2024-12-15T06:38:39","date_gmt":"2024-12-15T06:38:39","guid":{"rendered":"https:\/\/www.metlaninst.com\/?post_type=product&#038;p=25490"},"modified":"2025-02-11T15:26:26","modified_gmt":"2025-02-11T15:26:26","slug":"flussigkeitsturbinen-durchflussmesser-mit-niedrigem-durchfluss-lwgymt-f","status":"publish","type":"product","link":"https:\/\/metlaninst.com\/de\/p\/flussigkeitsturbinen-durchflussmesser-mit-niedrigem-durchfluss-lwgymt-f\/","title":{"rendered":"Turbinen-Durchflussmesser f\u00fcr Fl\u00fcssigkeiten mit niedrigem Durchfluss (LWGYMT-F)"},"content":{"rendered":"<div class=\"e-con-inner\">\n<div class=\"elementor-element e-con-full e-flex e-con e-child\">\n<div class=\"elementor-widget-container\">\n<h3 class=\"elementor-heading-title elementor-size-default\">Merkmale:<\/h3>\n<\/div>\n<div class=\"elementor-widget-container\">\n<ol>\n<li data-zone-id=\"0\" data-line-index=\"0\" data-line=\"true\">Speziell f\u00fcr Anwendungen mit geringem Durchfluss entwickelt<\/li>\n<li data-zone-id=\"0\" data-line-index=\"1\" data-line=\"true\">Farben und Aussehen k\u00f6nnen nach Wunsch angepasst werden<b><\/b><\/li>\n<li data-zone-id=\"0\" data-line-index=\"2\" data-line=\"true\">Auch in kundenspezifischen Konstruktionen erh\u00e4ltlich<\/li>\n<li data-zone-id=\"0\" data-line-index=\"3\" data-line=\"true\">F\u00fcr die LCD-Anzeige stehen Englisch, Spanisch, Franz\u00f6sisch und auf Anfrage weitere Sprachen zur Verf\u00fcgung.<\/li>\n<li data-zone-id=\"0\" data-line-index=\"4\" data-line=\"true\">Jeder Durchflussmesser wird kalibriert und erh\u00e4lt eine eindeutige Seriennummer, die alle Kalibrierdaten enth\u00e4lt.<\/li>\n<\/ol>\n<\/div>\n<\/div>\n<div class=\"elementor-element e-con-full e-flex e-con e-child\">\n<div class=\"elementor-widget-container\">\n<h3 class=\"elementor-heading-title elementor-size-default\">Anwendungen:<\/h3>\n<\/div>\n<div class=\"elementor-widget-container\">\n<h5 class=\"first\">Allgemein<\/h5>\n<div>\n<ul>\n<li data-zone-id=\"0\" data-line-index=\"0\" data-line=\"true\">Messung von Fl\u00fcssigkeiten mit niedriger Viskosit\u00e4t und pr\u00e4ziser Wiederholbarkeit<\/li>\n<li data-zone-id=\"0\" data-line-index=\"0\" data-line=\"true\">Geeignet f\u00fcr niedrige Durchflussmengen unter hohen Druckbedingungen<\/li>\n<\/ul>\n<\/div>\n<h5>\u00d6l- und Gasindustrie<\/h5>\n<div>\n<ul>\n<li data-zone-id=\"0\" data-line-index=\"0\" data-line=\"true\">\u00dcberwachung von Chemikalieninjektionen mit geringem Durchfluss<\/li>\n<li data-zone-id=\"0\" data-line-index=\"0\" data-line=\"true\">Messung von Schmierfl\u00fcssigkeiten in Bohrsystemen<\/li>\n<\/ul>\n<\/div>\n<h5>Industrielle Fertigung<\/h5>\n<div>\n<ul>\n<li data-zone-id=\"0\" data-line-index=\"0\" data-line=\"true\">Kontrolle von K\u00fchl- und Schmierfl\u00fcssigkeiten in Maschinen<\/li>\n<li data-zone-id=\"0\" data-line-index=\"0\" data-line=\"true\">Prozess\u00fcberwachung f\u00fcr den Transfer von Fl\u00fcssigkeiten mit geringem Volumen<\/li>\n<\/ul>\n<\/div>\n<h5>Stromerzeugung<\/h5>\n<ul>\n<li>Pr\u00e4zisionsmessung von Hydrauliksystemen mit geringem Durchfluss<\/li>\n<\/ul>\n<\/div>\n<\/div>\n<\/div>","protected":false},"excerpt":{"rendered":"<div class=\"short-description-head\">\n<div data-zone-id=\"0\" data-line-index=\"0\" data-line=\"true\">LWGYMT-F ist ein Turbinen-Durchflussmessger\u00e4t mit einer Messkapazit\u00e4t ab 0,04 m\u00b3\/h, das f\u00fcr den Betrieb in sauberen, niedrigviskosen Fl\u00fcssigkeitsanwendungen konzipiert ist. Er kann Arbeitsdr\u00fccke bis zu 160 bar (2320,6 psi) bew\u00e4ltigen und bietet eine Wiederholbarkeit von \u00b10,25 % \u00fcber den angegebenen Durchflussbereich.<\/div>\n<\/div>","protected":false},"featured_media":25482,"template":"","meta":[],"product_brand":[],"product_cat":[120,166],"product_tag":[],"class_list":{"0":"post-25490","1":"product","2":"type-product","3":"status-publish","4":"has-post-thumbnail","6":"product_cat-turbine-flow-meters","7":"product_cat-liquid-flow-meters","9":"first","10":"instock","11":"shipping-taxable","12":"purchasable","13":"product-type-simple"},"_links":{"self":[{"href":"https:\/\/metlaninst.com\/de\/wp-json\/wp\/v2\/product\/25490","targetHints":{"allow":["GET"]}}],"collection":[{"href":"https:\/\/metlaninst.com\/de\/wp-json\/wp\/v2\/product"}],"about":[{"href":"https:\/\/metlaninst.com\/de\/wp-json\/wp\/v2\/types\/product"}],"version-history":[{"count":1,"href":"https:\/\/metlaninst.com\/de\/wp-json\/wp\/v2\/product\/25490\/revisions"}],"predecessor-version":[{"id":25493,"href":"https:\/\/metlaninst.com\/de\/wp-json\/wp\/v2\/product\/25490\/revisions\/25493"}],"wp:featuredmedia":[{"embeddable":true,"href":"https:\/\/metlaninst.com\/de\/wp-json\/wp\/v2\/media\/25482"}],"wp:attachment":[{"href":"https:\/\/metlaninst.com\/de\/wp-json\/wp\/v2\/media?parent=25490"}],"wp:term":[{"taxonomy":"product_brand","embeddable":true,"href":"https:\/\/metlaninst.com\/de\/wp-json\/wp\/v2\/product_brand?post=25490"},{"taxonomy":"product_cat","embeddable":true,"href":"https:\/\/metlaninst.com\/de\/wp-json\/wp\/v2\/product_cat?post=25490"},{"taxonomy":"product_tag","embeddable":true,"href":"https:\/\/metlaninst.com\/de\/wp-json\/wp\/v2\/product_tag?post=25490"}],"curies":[{"name":"wp","href":"https:\/\/api.w.org\/{rel}","templated":true}]}}