{"id":25494,"date":"2024-12-15T08:30:23","date_gmt":"2024-12-15T08:30:23","guid":{"rendered":"https:\/\/www.metlaninst.com\/?post_type=product&#038;p=25494"},"modified":"2025-03-15T08:03:52","modified_gmt":"2025-03-15T08:03:52","slug":"hochgenauer-flussigkeitsturbinen-durchflussmesser-lwgymt-a","status":"publish","type":"product","link":"https:\/\/metlaninst.com\/de\/p\/hochgenauer-flussigkeitsturbinen-durchflussmesser-lwgymt-a\/","title":{"rendered":"Hochpr\u00e4ziser Turbinen-Durchflussmesser f\u00fcr Fl\u00fcssigkeiten (LWGYMT-AJWL)"},"content":{"rendered":"<div class=\"e-con-inner\">\n<div class=\"elementor-element e-con-full e-flex e-con e-child\">\n<div class=\"elementor-widget-container\">\n<h3 class=\"elementor-heading-title elementor-size-default\">Merkmale:<\/h3>\n<\/div>\n<div class=\"elementor-widget-container\">\n<ol>\n<li data-zone-id=\"0\" data-line-index=\"0\" data-line=\"true\">Hohe Genauigkeit bis zu \u00b10,2 %, mit guter Wiederholbarkeit.<\/li>\n<li data-zone-id=\"0\" data-line-index=\"0\" data-line=\"true\">1:20-Abschaltverh\u00e4ltnis.<\/li>\n<li data-zone-id=\"0\" data-line-index=\"0\" data-line=\"true\">Platzsparende Konstruktion mit einer Mindestbohrung von DN0,5.<\/li>\n<li data-zone-id=\"0\" data-line-index=\"1\" data-line=\"true\">Farben und Aussehen k\u00f6nnen nach Wunsch angepasst werden<b><\/b><\/li>\n<li data-zone-id=\"0\" data-line-index=\"2\" data-line=\"true\">Auch in kundenspezifischen Konstruktionen erh\u00e4ltlich<\/li>\n<li data-zone-id=\"0\" data-line-index=\"3\" data-line=\"true\">F\u00fcr die LCD-Anzeige stehen Englisch, Spanisch, Franz\u00f6sisch und auf Anfrage weitere Sprachen zur Verf\u00fcgung.<\/li>\n<li data-zone-id=\"0\" data-line-index=\"4\" data-line=\"true\">Jeder Durchflussmesser wird kalibriert und erh\u00e4lt eine eindeutige Seriennummer, die alle Kalibrierdaten enth\u00e4lt.<\/li>\n<\/ol>\n<\/div>\n<\/div>\n<div class=\"elementor-element e-con-full e-flex e-con e-child\">\n<div class=\"elementor-widget-container\">\n<h3 class=\"elementor-heading-title elementor-size-default\">Anwendungen:<\/h3>\n<\/div>\n<div class=\"elementor-widget-container\">\n<h5 class=\"first\">Allgemein<\/h5>\n<div>\n<ul>\n<li data-zone-id=\"0\" data-line-index=\"0\" data-line=\"true\">Messung von Fl\u00fcssigkeiten mit niedriger Viskosit\u00e4t mit hoher Genauigkeit<\/li>\n<li data-zone-id=\"0\" data-line-index=\"0\" data-line=\"true\">Geeignet f\u00fcr Hochdrucksysteme bis zu 160 bar (2320,6 psi)<\/li>\n<\/ul>\n<\/div>\n<h5>\u00d6l- und Gasindustrie<\/h5>\n<div>\n<ul>\n<li data-zone-id=\"0\" data-line-index=\"0\" data-line=\"true\">eichpflichtige Anwendungen in der \u00d6l- und Gasindustrie, die eine genaue Durchflussmessung unter hohen Druckbedingungen gew\u00e4hrleisten<\/li>\n<\/ul>\n<\/div>\n<h5>Industrielle Fertigung<\/h5>\n<div>\n<ul>\n<li data-zone-id=\"0\" data-line-index=\"0\" data-line=\"true\">Pr\u00e4zise \u00dcberwachung von K\u00fchlung, Prozessfl\u00fcssigkeiten und Schmiermitteln<\/li>\n<li data-zone-id=\"0\" data-line-index=\"0\" data-line=\"true\">Luft- und Raumfahrt<\/li>\n<li data-zone-id=\"0\" data-line-index=\"0\" data-line=\"true\">Einsatz in der Luft- und Raumfahrt, wo hochpr\u00e4zise Durchflussmessungen erforderlich sind<\/li>\n<\/ul>\n<\/div>\n<\/div>\n<\/div>\n<\/div>","protected":false},"excerpt":{"rendered":"<div class=\"short-description-head\">\n<div data-zone-id=\"0\" data-line-index=\"0\" data-line=\"true\">Der Turbinendurchflussmesser LWGYMT-A wird mit extrem engen Toleranzen gebaut, die durch unsere Pr\u00e4zisionsfertigungsprozesse, strenge Qualit\u00e4tskontrollen und interne Kalibrierungsm\u00f6glichkeiten erreicht werden. Dies erm\u00f6glicht eine Genauigkeit von \u00b10,2 % und eine Wiederholbarkeit von \u00b10,1 % f\u00fcr saubere, niedrigviskose Fl\u00fcssigkeiten.<\/div>\n<\/div>","protected":false},"featured_media":26615,"template":"","meta":[],"product_brand":[],"product_cat":[120,166],"product_tag":[],"class_list":{"0":"post-25494","1":"product","2":"type-product","3":"status-publish","4":"has-post-thumbnail","6":"product_cat-turbine-flow-meters","7":"product_cat-liquid-flow-meters","9":"first","10":"instock","11":"shipping-taxable","12":"purchasable","13":"product-type-simple"},"_links":{"self":[{"href":"https:\/\/metlaninst.com\/de\/wp-json\/wp\/v2\/product\/25494","targetHints":{"allow":["GET"]}}],"collection":[{"href":"https:\/\/metlaninst.com\/de\/wp-json\/wp\/v2\/product"}],"about":[{"href":"https:\/\/metlaninst.com\/de\/wp-json\/wp\/v2\/types\/product"}],"version-history":[{"count":4,"href":"https:\/\/metlaninst.com\/de\/wp-json\/wp\/v2\/product\/25494\/revisions"}],"predecessor-version":[{"id":26620,"href":"https:\/\/metlaninst.com\/de\/wp-json\/wp\/v2\/product\/25494\/revisions\/26620"}],"wp:featuredmedia":[{"embeddable":true,"href":"https:\/\/metlaninst.com\/de\/wp-json\/wp\/v2\/media\/26615"}],"wp:attachment":[{"href":"https:\/\/metlaninst.com\/de\/wp-json\/wp\/v2\/media?parent=25494"}],"wp:term":[{"taxonomy":"product_brand","embeddable":true,"href":"https:\/\/metlaninst.com\/de\/wp-json\/wp\/v2\/product_brand?post=25494"},{"taxonomy":"product_cat","embeddable":true,"href":"https:\/\/metlaninst.com\/de\/wp-json\/wp\/v2\/product_cat?post=25494"},{"taxonomy":"product_tag","embeddable":true,"href":"https:\/\/metlaninst.com\/de\/wp-json\/wp\/v2\/product_tag?post=25494"}],"curies":[{"name":"wp","href":"https:\/\/api.w.org\/{rel}","templated":true}]}}