{"id":25498,"date":"2024-12-15T07:11:58","date_gmt":"2024-12-15T07:11:58","guid":{"rendered":"https:\/\/www.metlaninst.com\/?post_type=product&#038;p=25498"},"modified":"2025-02-02T03:50:15","modified_gmt":"2025-02-02T03:50:15","slug":"flussigkeitsturbinen-durchflussmesser-lwgymt-100","status":"publish","type":"product","link":"https:\/\/metlaninst.com\/de\/p\/flussigkeitsturbinen-durchflussmesser-lwgymt-100\/","title":{"rendered":"Turbinen-Durchflussmesser f\u00fcr Fl\u00fcssigkeiten (LWGYMT-100)"},"content":{"rendered":"<div class=\"e-con-inner\">\n<div class=\"elementor-element e-con-full e-flex e-con e-child\">\n<div class=\"elementor-widget-container\">\n<h3 class=\"elementor-heading-title elementor-size-default\">Merkmale:<\/h3>\n<\/div>\n<div class=\"elementor-widget-container\">\n<ol>\n<li data-zone-id=\"0\" data-line-index=\"0\" data-line=\"true\">Speziell f\u00fcr Fl\u00fcssigkeitsanwendungen entwickelt<\/li>\n<li data-zone-id=\"0\" data-line-index=\"1\" data-line=\"true\">Farben und Aussehen k\u00f6nnen nach Wunsch angepasst werden<b><\/b><\/li>\n<li data-zone-id=\"0\" data-line-index=\"2\" data-line=\"true\">Auch in kundenspezifischen Konstruktionen erh\u00e4ltlich<\/li>\n<li data-zone-id=\"0\" data-line-index=\"3\" data-line=\"true\">F\u00fcr die LCD-Anzeige stehen Englisch, Spanisch, Franz\u00f6sisch und auf Anfrage weitere Sprachen zur Verf\u00fcgung.<\/li>\n<li data-zone-id=\"0\" data-line-index=\"4\" data-line=\"true\">Jeder Durchflussmesser wird kalibriert und erh\u00e4lt eine eindeutige Seriennummer, die alle Kalibrierdaten enth\u00e4lt.<\/li>\n<\/ol>\n<\/div>\n<\/div>\n<div class=\"elementor-element e-con-full e-flex e-con e-child\">\n<div class=\"elementor-widget-container\">\n<h3 class=\"elementor-heading-title elementor-size-default\">Anwendungen:<\/h3>\n<\/div>\n<div class=\"elementor-widget-container\">\n<h5>\u00d6l- und Gasindustrie<\/h5>\n<div>\n<ul>\n<li data-zone-id=\"0\" data-line-index=\"0\" data-line=\"true\">\u00dcberwachung des Transfers von fl\u00fcssigen Kohlenwasserstoffen<\/li>\n<li data-zone-id=\"0\" data-line-index=\"0\" data-line=\"true\">Messung in Hochdruck-Rohrleitungssystemen<\/li>\n<\/ul>\n<\/div>\n<h5>Industrielle Fertigung<\/h5>\n<div>\n<ul>\n<li data-zone-id=\"0\" data-line-index=\"0\" data-line=\"true\">Steuerung und \u00dcberwachung von Prozessfl\u00fcssigkeiten, einschlie\u00dflich K\u00fchl- und Schmiermitteln<\/li>\n<\/ul>\n<h5>Stromerzeugung<\/h5>\n<div>\n<ul>\n<li data-zone-id=\"0\" data-line-index=\"0\" data-line=\"true\">Messung verschiedener Fluide in Kraftwerken f\u00fcr die Systemeffizienz<\/li>\n<\/ul>\n<\/div>\n<\/div>\n<\/div>\n<\/div>\n<\/div>","protected":false},"excerpt":{"rendered":"<div class=\"short-description-head\">\n<div data-zone-id=\"0\" data-line-index=\"0\" data-line=\"true\">Die LWGYMT-100 ist eine \u00e4u\u00dferst vielseitige Produktlinie, die vollst\u00e4ndig aus Edelstahl gefertigte Pr\u00e4zisionskomponenten mit Edelstahlrotoren bietet. Sie ist speziell f\u00fcr Fl\u00fcssigkeitsanwendungen konzipiert und kann mit einer Vielzahl von Prozessanschl\u00fcssen konfiguriert werden, darunter Gewinde- und Flanschanschl\u00fcsse.<\/div>\n<\/div>","protected":false},"featured_media":25480,"template":"","meta":[],"product_brand":[],"product_cat":[120,166,165,163],"product_tag":[],"class_list":{"0":"post-25498","1":"product","2":"type-product","3":"status-publish","4":"has-post-thumbnail","6":"product_cat-turbine-flow-meters","7":"product_cat-liquid-flow-meters","8":"product_cat-oil-flow-meters","9":"product_cat-water-flow-meters","11":"first","12":"instock","13":"shipping-taxable","14":"purchasable","15":"product-type-simple"},"_links":{"self":[{"href":"https:\/\/metlaninst.com\/de\/wp-json\/wp\/v2\/product\/25498","targetHints":{"allow":["GET"]}}],"collection":[{"href":"https:\/\/metlaninst.com\/de\/wp-json\/wp\/v2\/product"}],"about":[{"href":"https:\/\/metlaninst.com\/de\/wp-json\/wp\/v2\/types\/product"}],"version-history":[{"count":1,"href":"https:\/\/metlaninst.com\/de\/wp-json\/wp\/v2\/product\/25498\/revisions"}],"predecessor-version":[{"id":25501,"href":"https:\/\/metlaninst.com\/de\/wp-json\/wp\/v2\/product\/25498\/revisions\/25501"}],"wp:featuredmedia":[{"embeddable":true,"href":"https:\/\/metlaninst.com\/de\/wp-json\/wp\/v2\/media\/25480"}],"wp:attachment":[{"href":"https:\/\/metlaninst.com\/de\/wp-json\/wp\/v2\/media?parent=25498"}],"wp:term":[{"taxonomy":"product_brand","embeddable":true,"href":"https:\/\/metlaninst.com\/de\/wp-json\/wp\/v2\/product_brand?post=25498"},{"taxonomy":"product_cat","embeddable":true,"href":"https:\/\/metlaninst.com\/de\/wp-json\/wp\/v2\/product_cat?post=25498"},{"taxonomy":"product_tag","embeddable":true,"href":"https:\/\/metlaninst.com\/de\/wp-json\/wp\/v2\/product_tag?post=25498"}],"curies":[{"name":"wp","href":"https:\/\/api.w.org\/{rel}","templated":true}]}}