{"id":25502,"date":"2024-12-15T07:16:41","date_gmt":"2024-12-15T07:16:41","guid":{"rendered":"https:\/\/www.metlaninst.com\/?post_type=product&#038;p=25502"},"modified":"2025-02-02T03:49:53","modified_gmt":"2025-02-02T03:49:53","slug":"gasturbinen-durchflussmesser-lwgymt-g","status":"publish","type":"product","link":"https:\/\/metlaninst.com\/de\/p\/gasturbinen-durchflussmesser-lwgymt-g\/","title":{"rendered":"Durchflussmessger\u00e4te f\u00fcr Gasturbinen (LWGYMT-G)"},"content":{"rendered":"<div class=\"e-con-inner\">\n<div class=\"elementor-element e-con-full e-flex e-con e-child\">\n<div class=\"elementor-widget-container\">\n<h3 class=\"elementor-heading-title elementor-size-default\">Merkmale:<\/h3>\n<\/div>\n<div class=\"elementor-widget-container\">\n<ol>\n<li data-zone-id=\"0\" data-line-index=\"0\" data-line=\"true\">Speziell f\u00fcr Gasanwendungen entwickelt<\/li>\n<li data-zone-id=\"0\" data-line-index=\"1\" data-line=\"true\">Farben und Aussehen k\u00f6nnen nach Wunsch angepasst werden<b><\/b><\/li>\n<li data-zone-id=\"0\" data-line-index=\"2\" data-line=\"true\">Auch in kundenspezifischen Konstruktionen erh\u00e4ltlich<\/li>\n<li data-zone-id=\"0\" data-line-index=\"3\" data-line=\"true\">F\u00fcr die LCD-Anzeige stehen Englisch, Spanisch, Franz\u00f6sisch und auf Anfrage weitere Sprachen zur Verf\u00fcgung.<\/li>\n<li data-zone-id=\"0\" data-line-index=\"4\" data-line=\"true\">Jeder Durchflussmesser wird kalibriert und erh\u00e4lt eine eindeutige Seriennummer, die alle Kalibrierdaten enth\u00e4lt.<\/li>\n<\/ol>\n<\/div>\n<\/div>\n<div class=\"elementor-element e-con-full e-flex e-con e-child\">\n<div class=\"elementor-widget-container\">\n<h3 class=\"elementor-heading-title elementor-size-default\">Anwendungen:<\/h3>\n<\/div>\n<div class=\"elementor-widget-container\">\n<h5>Allgemein<\/h5>\n<div>\n<ul>\n<li data-zone-id=\"0\" data-line-index=\"0\" data-line=\"true\">Genaue Messung des Gasflusses in verschiedenen industriellen Umgebungen<\/li>\n<\/ul>\n<\/div>\n<h5>\u00d6l- und Gasindustrie<\/h5>\n<div>\n<ul>\n<li data-zone-id=\"0\" data-line-index=\"0\" data-line=\"true\">\u00dcberwachung von Erdgaspipelines<\/li>\n<li data-zone-id=\"0\" data-line-index=\"0\" data-line=\"true\">Genaue Messung in Gaseinspritz- und Gasaufbereitungssystemen<\/li>\n<\/ul>\n<\/div>\n<h5>Industrielle Fertigung<\/h5>\n<div>\n<ul>\n<li data-zone-id=\"0\" data-line-index=\"0\" data-line=\"true\">Messung von Gasen in der industriellen Verarbeitung und in chemischen Anwendungen<\/li>\n<\/ul>\n<h5>Stromerzeugung<\/h5>\n<div>\n<ul>\n<li data-zone-id=\"0\" data-line-index=\"0\" data-line=\"true\">\u00dcberwachung von Gasstr\u00f6men zur Effizienzsteigerung in Kraftwerken<\/li>\n<\/ul>\n<\/div>\n<\/div>\n<\/div>\n<\/div>\n<\/div>","protected":false},"excerpt":{"rendered":"<div class=\"short-description-head\">\n<div data-zone-id=\"0\" data-line-index=\"0\" data-line=\"true\">Der LWGYMT-G ist ein Turbinendurchflussmesser f\u00fcr die Gasmessung, der f\u00fcr schwierige Bedingungen ausgelegt ist und \u00fcber eine lange Lebensdauer hinweg genaue Ergebnisse liefert. Er bietet einen gro\u00dfen Durchfluss- und Anwendungsbereich.<\/div>\n<\/div>","protected":false},"featured_media":25487,"template":"","meta":[],"product_brand":[],"product_cat":[120,208,164],"product_tag":[],"class_list":{"0":"post-25502","1":"product","2":"type-product","3":"status-publish","4":"has-post-thumbnail","6":"product_cat-turbine-flow-meters","7":"product_cat-gas-flow-meters","8":"product_cat-air-flow-meters","10":"first","11":"instock","12":"shipping-taxable","13":"purchasable","14":"product-type-simple"},"_links":{"self":[{"href":"https:\/\/metlaninst.com\/de\/wp-json\/wp\/v2\/product\/25502","targetHints":{"allow":["GET"]}}],"collection":[{"href":"https:\/\/metlaninst.com\/de\/wp-json\/wp\/v2\/product"}],"about":[{"href":"https:\/\/metlaninst.com\/de\/wp-json\/wp\/v2\/types\/product"}],"version-history":[{"count":1,"href":"https:\/\/metlaninst.com\/de\/wp-json\/wp\/v2\/product\/25502\/revisions"}],"predecessor-version":[{"id":25507,"href":"https:\/\/metlaninst.com\/de\/wp-json\/wp\/v2\/product\/25502\/revisions\/25507"}],"wp:featuredmedia":[{"embeddable":true,"href":"https:\/\/metlaninst.com\/de\/wp-json\/wp\/v2\/media\/25487"}],"wp:attachment":[{"href":"https:\/\/metlaninst.com\/de\/wp-json\/wp\/v2\/media?parent=25502"}],"wp:term":[{"taxonomy":"product_brand","embeddable":true,"href":"https:\/\/metlaninst.com\/de\/wp-json\/wp\/v2\/product_brand?post=25502"},{"taxonomy":"product_cat","embeddable":true,"href":"https:\/\/metlaninst.com\/de\/wp-json\/wp\/v2\/product_cat?post=25502"},{"taxonomy":"product_tag","embeddable":true,"href":"https:\/\/metlaninst.com\/de\/wp-json\/wp\/v2\/product_tag?post=25502"}],"curies":[{"name":"wp","href":"https:\/\/api.w.org\/{rel}","templated":true}]}}