{"id":25512,"date":"2024-09-15T13:05:03","date_gmt":"2024-09-15T13:05:03","guid":{"rendered":"https:\/\/www.metlaninst.com\/?post_type=product&#038;p=25512"},"modified":"2025-02-08T04:46:23","modified_gmt":"2025-02-08T04:46:23","slug":"v-konus-unterschiedlicher-druck-durchflussmesser-mtkb-v","status":"publish","type":"product","link":"https:\/\/metlaninst.com\/de\/p\/v-konus-unterschiedlicher-druck-durchflussmesser-mtkb-v\/","title":{"rendered":"V-Kegel Differenzdruck-Durchflussmesser (MTKB-V)"},"content":{"rendered":"<div class=\"e-con-inner\">\n<div class=\"elementor-element e-con-full e-flex e-con e-child\">\n<div class=\"elementor-widget-container\">\n<h3 class=\"elementor-heading-title elementor-size-default\">Merkmale:<\/h3>\n<\/div>\n<div class=\"elementor-widget-container\">\n<ol>\n<li data-zone-id=\"0\" data-line-index=\"1\" data-line=\"true\">Farben und Aussehen k\u00f6nnen nach Wunsch angepasst werden<b><\/b><\/li>\n<li data-zone-id=\"0\" data-line-index=\"2\" data-line=\"true\">Auch in kundenspezifischen Konstruktionen erh\u00e4ltlich<\/li>\n<li data-zone-id=\"0\" data-line-index=\"3\" data-line=\"true\">F\u00fcr die LCD-Anzeige stehen Englisch, Spanisch, Franz\u00f6sisch und auf Anfrage weitere Sprachen zur Verf\u00fcgung.<\/li>\n<li data-zone-id=\"0\" data-line-index=\"4\" data-line=\"true\">Jeder Durchflussmesser wird kalibriert und erh\u00e4lt eine eindeutige Seriennummer, die alle Kalibrierdaten enth\u00e4lt.<\/li>\n<\/ol>\n<\/div>\n<\/div>\n<div class=\"elementor-element e-con-full e-flex e-con e-child\">\n<div class=\"elementor-widget-container\">\n<h3 class=\"elementor-heading-title elementor-size-default\">Anwendungen:<\/h3>\n<\/div>\n<div class=\"elementor-widget-container\">\n<h5>Allgemein<\/h5>\n<div>\n<ul>\n<li data-zone-id=\"0\" data-line-index=\"0\" data-line=\"true\">Durchflussmessung von leitf\u00e4higen und nicht leitf\u00e4higen Fl\u00fcssigkeiten, Gasen und Dampf in Anwendungen mit begrenzten Zu- und Abl\u00e4ufen<\/li>\n<li data-zone-id=\"0\" data-line-index=\"0\" data-line=\"true\">Anwendungen mit gest\u00f6rten Str\u00f6mungsprofilen<\/li>\n<\/ul>\n<\/div>\n<h5>\u00d6l- und Gasindustrie<\/h5>\n<div>\n<ul>\n<li data-zone-id=\"0\" data-line-index=\"0\" data-line=\"true\">Offshore und FPSO: Separatoren, Gaslift, Wassereinspritzung, chemische Einspritzung, Kohlenwasserstoffd\u00e4mpfe<\/li>\n<li data-zone-id=\"0\" data-line-index=\"0\" data-line=\"true\">LNG: Gasmessung in Verfl\u00fcssigungs- und Wiedervergasungsanlagen<\/li>\n<li data-zone-id=\"0\" data-line-index=\"0\" data-line=\"true\">CO2-Injektion, Wasserinjektion, Kohlenwasserstoffgase, Produktionsbohrlochkopf, Nassgas<\/li>\n<\/ul>\n<\/div>\n<h5>Stromerzeugung, Versorgungsunternehmen<\/h5>\n<div>\n<ul>\n<li data-zone-id=\"0\" data-line-index=\"0\" data-line=\"true\">Dampfmessung in engen R\u00e4umen<\/li>\n<\/ul>\n<div><\/div>\n<\/div>\n<\/div>\n<\/div>\n<\/div>","protected":false},"excerpt":{"rendered":"<div class=\"short-description-head\">\n<div data-zone-id=\"0\" data-line-index=\"0\" data-line=\"true\">Das MTKB-V Cone-Durchflussmessger\u00e4t ist ein Differenzdruck-Durchflussmessger\u00e4t (DP), das speziell f\u00fcr Anwendungen mit hohen Genauigkeitsanforderungen und gest\u00f6rten Durchflussprofilen in beengten Einbaur\u00e4umen entwickelt wurde.<\/div>\n<\/div>","protected":false},"featured_media":25515,"template":"","meta":[],"product_brand":[],"product_cat":[122,208,205,164,166],"product_tag":[],"class_list":{"0":"post-25512","1":"product","2":"type-product","3":"status-publish","4":"has-post-thumbnail","6":"product_cat-differential-pressure-flow-meters","7":"product_cat-gas-flow-meters","8":"product_cat-steam-flow-meters","9":"product_cat-air-flow-meters","10":"product_cat-liquid-flow-meters","12":"first","13":"instock","14":"shipping-taxable","15":"purchasable","16":"product-type-variable"},"_links":{"self":[{"href":"https:\/\/metlaninst.com\/de\/wp-json\/wp\/v2\/product\/25512","targetHints":{"allow":["GET"]}}],"collection":[{"href":"https:\/\/metlaninst.com\/de\/wp-json\/wp\/v2\/product"}],"about":[{"href":"https:\/\/metlaninst.com\/de\/wp-json\/wp\/v2\/types\/product"}],"version-history":[{"count":2,"href":"https:\/\/metlaninst.com\/de\/wp-json\/wp\/v2\/product\/25512\/revisions"}],"predecessor-version":[{"id":25517,"href":"https:\/\/metlaninst.com\/de\/wp-json\/wp\/v2\/product\/25512\/revisions\/25517"}],"wp:featuredmedia":[{"embeddable":true,"href":"https:\/\/metlaninst.com\/de\/wp-json\/wp\/v2\/media\/25515"}],"wp:attachment":[{"href":"https:\/\/metlaninst.com\/de\/wp-json\/wp\/v2\/media?parent=25512"}],"wp:term":[{"taxonomy":"product_brand","embeddable":true,"href":"https:\/\/metlaninst.com\/de\/wp-json\/wp\/v2\/product_brand?post=25512"},{"taxonomy":"product_cat","embeddable":true,"href":"https:\/\/metlaninst.com\/de\/wp-json\/wp\/v2\/product_cat?post=25512"},{"taxonomy":"product_tag","embeddable":true,"href":"https:\/\/metlaninst.com\/de\/wp-json\/wp\/v2\/product_tag?post=25512"}],"curies":[{"name":"wp","href":"https:\/\/api.w.org\/{rel}","templated":true}]}}