{"id":25518,"date":"2024-09-15T13:21:21","date_gmt":"2024-09-15T13:21:21","guid":{"rendered":"https:\/\/www.metlaninst.com\/?post_type=product&#038;p=25518"},"modified":"2025-02-08T04:46:11","modified_gmt":"2025-02-08T04:46:11","slug":"blenden-durchflussmessgerat-mtkb-o","status":"publish","type":"product","link":"https:\/\/metlaninst.com\/de\/p\/blenden-durchflussmessgerat-mtkb-o\/","title":{"rendered":"Messblende Durchflussmesser (MTKB-O)"},"content":{"rendered":"<div class=\"e-con-inner\">\n<div class=\"elementor-element e-con-full e-flex e-con e-child\">\n<div class=\"elementor-widget-container\">\n<h3 class=\"elementor-heading-title elementor-size-default\">Merkmale:<\/h3>\n<\/div>\n<div class=\"elementor-widget-container\">\n<ol>\n<li data-zone-id=\"0\" data-line-index=\"1\" data-line=\"true\">Farben und Aussehen k\u00f6nnen nach Wunsch angepasst werden<b><\/b><\/li>\n<li data-zone-id=\"0\" data-line-index=\"2\" data-line=\"true\">Auch in kundenspezifischen Konstruktionen erh\u00e4ltlich<\/li>\n<li data-zone-id=\"0\" data-line-index=\"3\" data-line=\"true\">F\u00fcr die LCD-Anzeige stehen Englisch, Spanisch, Franz\u00f6sisch und auf Anfrage weitere Sprachen zur Verf\u00fcgung.<\/li>\n<li data-zone-id=\"0\" data-line-index=\"4\" data-line=\"true\">Jeder Durchflussmesser wird kalibriert und erh\u00e4lt eine eindeutige Seriennummer, die alle Kalibrierdaten enth\u00e4lt.<\/li>\n<\/ol>\n<\/div>\n<\/div>\n<div class=\"elementor-element e-con-full e-flex e-con e-child\">\n<div class=\"elementor-widget-container\">\n<h3 class=\"elementor-heading-title elementor-size-default\">Anwendungen:<\/h3>\n<\/div>\n<div class=\"elementor-widget-container\">\n<h5>Allgemein<\/h5>\n<div>\n<ul>\n<li data-zone-id=\"0\" data-line-index=\"0\" data-line=\"true\">Allgemeine Durchflussanwendungen mit leitenden und nicht leitenden Fl\u00fcssigkeiten, Gasen und Dampf<\/li>\n<li data-zone-id=\"0\" data-line-index=\"0\" data-line=\"true\">Prozessabl\u00e4ufe in der chemischen, petrochemischen und anderen Prozessindustrien<\/li>\n<li data-zone-id=\"0\" data-line-index=\"0\" data-line=\"true\">Durchflussmessung von raffinierten Produkten<\/li>\n<li data-zone-id=\"0\" data-line-index=\"0\" data-line=\"true\">\u00d6l- und Gasf\u00f6rderung, Gaslift, Produktionswasser<\/li>\n<li data-zone-id=\"0\" data-line-index=\"0\" data-line=\"true\">Gasverarbeitungsanlagen<\/li>\n<li data-zone-id=\"0\" data-line-index=\"0\" data-line=\"true\">Wasser- und Abwasserbehandlung (z. B. Bel\u00fcftung)<\/li>\n<li data-zone-id=\"0\" data-line-index=\"0\" data-line=\"true\">Demineralisiertes Wasser<\/li>\n<li data-zone-id=\"0\" data-line-index=\"0\" data-line=\"true\">Dampf- und Kondensatfluss in Versorgungsunternehmen<\/li>\n<\/ul>\n<\/div>\n<\/div>\n<\/div>\n<\/div>","protected":false},"excerpt":{"rendered":"<div class=\"short-description-head\">\n<div data-zone-id=\"0\" data-line-index=\"0\" data-line=\"true\">Das Blenden-Durchflussmessger\u00e4t MTKB-O ist ein wirtschaftliches Differenzdruck-Durchflussmessger\u00e4t f\u00fcr eine breite Palette von Anwendungen - von Halbwasser \u00fcber Chemikalien bis hin zu Dampf - mit einer hohen Genauigkeit von bis zu \u00b10,075%.<\/div>\n<\/div>","protected":false},"featured_media":25521,"template":"","meta":[],"product_brand":[],"product_cat":[122,205,164,166],"product_tag":[],"class_list":{"0":"post-25518","1":"product","2":"type-product","3":"status-publish","4":"has-post-thumbnail","6":"product_cat-differential-pressure-flow-meters","7":"product_cat-steam-flow-meters","8":"product_cat-air-flow-meters","9":"product_cat-liquid-flow-meters","11":"first","12":"instock","13":"shipping-taxable","14":"purchasable","15":"product-type-variable"},"_links":{"self":[{"href":"https:\/\/metlaninst.com\/de\/wp-json\/wp\/v2\/product\/25518","targetHints":{"allow":["GET"]}}],"collection":[{"href":"https:\/\/metlaninst.com\/de\/wp-json\/wp\/v2\/product"}],"about":[{"href":"https:\/\/metlaninst.com\/de\/wp-json\/wp\/v2\/types\/product"}],"version-history":[{"count":1,"href":"https:\/\/metlaninst.com\/de\/wp-json\/wp\/v2\/product\/25518\/revisions"}],"predecessor-version":[{"id":25523,"href":"https:\/\/metlaninst.com\/de\/wp-json\/wp\/v2\/product\/25518\/revisions\/25523"}],"wp:featuredmedia":[{"embeddable":true,"href":"https:\/\/metlaninst.com\/de\/wp-json\/wp\/v2\/media\/25521"}],"wp:attachment":[{"href":"https:\/\/metlaninst.com\/de\/wp-json\/wp\/v2\/media?parent=25518"}],"wp:term":[{"taxonomy":"product_brand","embeddable":true,"href":"https:\/\/metlaninst.com\/de\/wp-json\/wp\/v2\/product_brand?post=25518"},{"taxonomy":"product_cat","embeddable":true,"href":"https:\/\/metlaninst.com\/de\/wp-json\/wp\/v2\/product_cat?post=25518"},{"taxonomy":"product_tag","embeddable":true,"href":"https:\/\/metlaninst.com\/de\/wp-json\/wp\/v2\/product_tag?post=25518"}],"curies":[{"name":"wp","href":"https:\/\/api.w.org\/{rel}","templated":true}]}}