{"id":25592,"date":"2024-09-20T07:49:55","date_gmt":"2024-09-20T07:49:55","guid":{"rendered":"https:\/\/www.metlaninst.com\/?post_type=product&#038;p=25592"},"modified":"2025-02-08T04:45:59","modified_gmt":"2025-02-08T04:45:59","slug":"rotameter-metall-durchflussmesser-mit-variablem-bereich-mtlz-m","status":"publish","type":"product","link":"https:\/\/metlaninst.com\/de\/p\/rotameter-metall-durchflussmesser-mit-variablem-bereich-mtlz-m\/","title":{"rendered":"Schwebek\u00f6rper-Durchflussmessger\u00e4te aus Metall (MTLZ-M)"},"content":{"rendered":"<div class=\"e-con-inner\">\n<div class=\"elementor-element e-con-full e-flex e-con e-child\">\n<div class=\"elementor-widget-container\">\n<h3 class=\"elementor-heading-title elementor-size-default\">Merkmale:<\/h3>\n<\/div>\n<div class=\"elementor-widget-container\">\n<ol>\n<li data-zone-id=\"0\" data-line-index=\"0\" data-line=\"true\">Einfache, kosteng\u00fcnstige Installation: Messung und Anzeige ohne zus\u00e4tzliche Stromversorgung m\u00f6glich<\/li>\n<li data-zone-id=\"0\" data-line-index=\"1\" data-line=\"true\">Farben und Aussehen k\u00f6nnen nach Wunsch angepasst werden<b><\/b><\/li>\n<li data-zone-id=\"0\" data-line-index=\"2\" data-line=\"true\">Auch in kundenspezifischen Konstruktionen erh\u00e4ltlich<\/li>\n<li data-zone-id=\"0\" data-line-index=\"3\" data-line=\"true\">F\u00fcr die LCD-Anzeige stehen Englisch, Spanisch, Franz\u00f6sisch und auf Anfrage weitere Sprachen zur Verf\u00fcgung.<\/li>\n<li data-zone-id=\"0\" data-line-index=\"4\" data-line=\"true\">Jeder Durchflussmesser wird kalibriert und erh\u00e4lt eine eindeutige Seriennummer, die alle Kalibrierdaten enth\u00e4lt.<\/li>\n<\/ol>\n<\/div>\n<\/div>\n<div class=\"elementor-element e-con-full e-flex e-con e-child\">\n<div class=\"elementor-widget-container\">\n<h3 class=\"elementor-heading-title elementor-size-default\">Anwendungen:<\/h3>\n<\/div>\n<div class=\"elementor-widget-container\">\n<h5>Chemische und andere Prozessindustrien<\/h5>\n<div>\n<ul>\n<li data-zone-id=\"0\" data-line-index=\"0\" data-line=\"true\">Zusatzstoffe (z. B. Katalysatoren, Tenside, Schaumverh\u00fcter, Emulgatoren)<\/li>\n<li data-zone-id=\"0\" data-line-index=\"0\" data-line=\"true\">S\u00e4uren, Basen, Phosgen und andere chloridhaltige Stoffe, schwefelhaltige Stoffe<\/li>\n<li data-zone-id=\"0\" data-line-index=\"0\" data-line=\"true\">Kondenswasser und K\u00fchlwasser<\/li>\n<li data-zone-id=\"0\" data-line-index=\"0\" data-line=\"true\">Stickstoffinertisierung von Beh\u00e4ltern und Tanks<\/li>\n<li data-zone-id=\"0\" data-line-index=\"0\" data-line=\"true\">\u00dcberwachung des Probenflusses f\u00fcr die Prozessanalyse<\/li>\n<li data-zone-id=\"0\" data-line-index=\"0\" data-line=\"true\">Gasdurchdringung in Fl\u00fcssigkeiten<\/li>\n<\/ul>\n<\/div>\n<h5>\u00d6l- und Gasindustrie<\/h5>\n<div>\n<ul>\n<li data-zone-id=\"0\" data-line-index=\"0\" data-line=\"true\">Injektionskufen f\u00fcr Korrosions-, Kesselstein- und Hydratinhibitoren<\/li>\n<li data-zone-id=\"0\" data-line-index=\"0\" data-line=\"true\">Stickstoff, Rauchgase usw.<\/li>\n<li data-zone-id=\"0\" data-line-index=\"0\" data-line=\"true\">Emulgatoren<\/li>\n<\/ul>\n<h5>Lebensmittel- und Getr\u00e4nkeindustrie<\/h5>\n<div>\n<ul>\n<li data-zone-id=\"0\" data-line-index=\"0\" data-line=\"true\">Pflanzen\u00f6l, Trinkwasser, Milch, Kohlendioxid<\/li>\n<li data-zone-id=\"0\" data-line-index=\"0\" data-line=\"true\">Reinigungsmittel<\/li>\n<\/ul>\n<h5>Wasser- und Abwasserwirtschaft<\/h5>\n<div>\n<ul>\n<li data-zone-id=\"0\" data-line-index=\"0\" data-line=\"true\">Einblasen von Sauerstoff in Belebungsbecken<\/li>\n<li data-zone-id=\"0\" data-line-index=\"0\" data-line=\"true\">Lufteinblasung zur Reduzierung des Eisengehalts<\/li>\n<\/ul>\n<h5>Konventionelle und nukleare Energiewirtschaft<\/h5>\n<div>\n<ul>\n<li data-zone-id=\"0\" data-line-index=\"0\" data-line=\"true\">Schweres Wasser, boriertes Wasser, Tritium usw.<\/li>\n<li data-zone-id=\"0\" data-line-index=\"0\" data-line=\"true\">Hydrazin<\/li>\n<li data-zone-id=\"0\" data-line-index=\"0\" data-line=\"true\">Schwefels\u00e4ure<\/li>\n<li data-zone-id=\"0\" data-line-index=\"0\" data-line=\"true\">Phosphat, Stickstoff, Wasserstoff, Schwefel<\/li>\n<li data-zone-id=\"0\" data-line-index=\"0\" data-line=\"true\">Gereinigtes Wasser, Salzwasser usw.<\/li>\n<li data-zone-id=\"0\" data-line-index=\"0\" data-line=\"true\">Dampf, Luft, Gase, Kesselwaschwasser usw.<\/li>\n<li data-zone-id=\"0\" data-line-index=\"0\" data-line=\"true\">Diesel, R\u00fccklauf von Heiz\u00f6l usw.<\/li>\n<\/ul>\n<\/div>\n<\/div>\n<\/div>\n<\/div>\n<\/div>\n<\/div>\n<\/div>","protected":false},"excerpt":{"rendered":"<div class=\"short-description-head\">\n<div data-zone-id=\"0\" data-line-index=\"0\" data-line=\"true\">Der Schwebek\u00f6rper-Durchflussmesser MTLZ-M ist in verschiedenen Werkstoffen und in vielen verschiedenen Ausf\u00fchrungen erh\u00e4ltlich. Der robuste Ganzmetall-Durchflussmesser kann auch in Anwendungen mit hohen Dr\u00fccken (bis zu 200 bar), Temperaturen (-80 bis 350 \u00b0C) oder aggressiven Medien eingesetzt werden.<\/div>\n<\/div>","protected":false},"featured_media":25595,"template":"","meta":[],"product_brand":[],"product_cat":[203,208,164,166,163],"product_tag":[],"class_list":{"0":"post-25592","1":"product","2":"type-product","3":"status-publish","4":"has-post-thumbnail","6":"product_cat-rotameters-flow-meter","7":"product_cat-gas-flow-meters","8":"product_cat-air-flow-meters","9":"product_cat-liquid-flow-meters","10":"product_cat-water-flow-meters","12":"first","13":"instock","14":"shipping-taxable","15":"purchasable","16":"product-type-simple"},"_links":{"self":[{"href":"https:\/\/metlaninst.com\/de\/wp-json\/wp\/v2\/product\/25592","targetHints":{"allow":["GET"]}}],"collection":[{"href":"https:\/\/metlaninst.com\/de\/wp-json\/wp\/v2\/product"}],"about":[{"href":"https:\/\/metlaninst.com\/de\/wp-json\/wp\/v2\/types\/product"}],"version-history":[{"count":3,"href":"https:\/\/metlaninst.com\/de\/wp-json\/wp\/v2\/product\/25592\/revisions"}],"predecessor-version":[{"id":25602,"href":"https:\/\/metlaninst.com\/de\/wp-json\/wp\/v2\/product\/25592\/revisions\/25602"}],"wp:featuredmedia":[{"embeddable":true,"href":"https:\/\/metlaninst.com\/de\/wp-json\/wp\/v2\/media\/25595"}],"wp:attachment":[{"href":"https:\/\/metlaninst.com\/de\/wp-json\/wp\/v2\/media?parent=25592"}],"wp:term":[{"taxonomy":"product_brand","embeddable":true,"href":"https:\/\/metlaninst.com\/de\/wp-json\/wp\/v2\/product_brand?post=25592"},{"taxonomy":"product_cat","embeddable":true,"href":"https:\/\/metlaninst.com\/de\/wp-json\/wp\/v2\/product_cat?post=25592"},{"taxonomy":"product_tag","embeddable":true,"href":"https:\/\/metlaninst.com\/de\/wp-json\/wp\/v2\/product_tag?post=25592"}],"curies":[{"name":"wp","href":"https:\/\/api.w.org\/{rel}","templated":true}]}}