{"id":25726,"date":"2024-12-27T05:06:06","date_gmt":"2024-12-27T05:06:06","guid":{"rendered":"https:\/\/www.metlaninst.com\/?post_type=product&#038;p=25726"},"modified":"2025-09-11T09:06:52","modified_gmt":"2025-09-11T09:06:52","slug":"doppelrotor-verdrangungsdurchflussmesser-mtdp-abr","status":"publish","type":"product","link":"https:\/\/metlaninst.com\/de\/p\/doppelrotor-verdrangungsdurchflussmesser-mtdp-abr\/","title":{"rendered":"Doppelrotor-Verdr\u00e4ngungsdurchflussmesser (MT-ABR)"},"content":{"rendered":"<div class=\"e-con-inner\">\n<div class=\"elementor-element e-con-full e-flex e-con e-child\">\n<div class=\"elementor-widget-container\">\n<h3 class=\"elementor-heading-title elementor-size-default\">Merkmale:<\/h3>\n<\/div>\n<div class=\"elementor-widget-container\">\n<ol>\n<li data-zone-id=\"0\" data-line-index=\"0\" data-line=\"true\">Hohe Genauigkeit bis zu \u00b10,1 %, hoher Prozessdruck bis zu 110 bar (1595 psi)<\/li>\n<li data-zone-id=\"0\" data-line-index=\"0\" data-line=\"true\">\u00c4u\u00dferst lange Lebensdauer, wirtschaftlich und wartungsarm<\/li>\n<li data-zone-id=\"0\" data-line-index=\"0\" data-line=\"true\">Zwei einfache Rotoren ohne Metall-zu-Metall-Kontakt sind die einzigen beweglichen Teile in der Messkammer.<\/li>\n<li data-zone-id=\"0\" data-line-index=\"0\" data-line=\"true\">Keine oszillierenden, hin- und hergehenden oder gleitenden Teile oder Kurbeln, die das ausgewuchtete Drehsystem abnutzen oder st\u00f6ren<\/li>\n<li data-zone-id=\"0\" data-line-index=\"0\" data-line=\"true\">Stabiler Lauf mit tiefer Stimme<\/li>\n<li data-zone-id=\"0\" data-line-index=\"0\" data-line=\"true\">Gute Antist\u00f6rungsleistung und lange Nutzungsdauer<\/li>\n<li data-zone-id=\"0\" data-line-index=\"0\" data-line=\"true\">Starke Anwendbarkeit bei Viskosit\u00e4ts\u00e4nderungen<\/li>\n<li data-zone-id=\"0\" data-line-index=\"0\" data-line=\"true\">Perfekt f\u00fcr: Benzin \/ Fl\u00fcssiggas (LPG), Kerosin, leichtes Diesel\u00f6l, Roh\u00f6l, schweres Heiz\u00f6l, Fl\u00fcssigkeiten mit hoher Viskosit\u00e4t, Fl\u00fcssigkeiten mit hohem Wassergehalt und Fl\u00fcssigkeiten mit sehr hoher Viskosit\u00e4t<\/li>\n<li data-zone-id=\"0\" data-line-index=\"0\" data-line=\"true\">Die einzigartige schraubenf\u00f6rmige Rotorkonstruktion bietet eine Reihe von Vorteilen gegen\u00fcber herk\u00f6mmlichen PD-Z\u00e4hlern mit Zahnradantrieb, wie z. B. einen geringeren Druckabfall, die weitgehende Eliminierung von Pulsationen in der Str\u00f6mung, eine verbesserte Partikeltoleranz und einen geringeren Wartungsaufwand.<\/li>\n<li data-zone-id=\"0\" data-line-index=\"0\" data-line=\"true\">Auch in kundenspezifischen Konstruktionen erh\u00e4ltlich<\/li>\n<li data-zone-id=\"0\" data-line-index=\"0\" data-line=\"true\">F\u00fcr die LCD-Anzeige stehen Englisch, Spanisch, Franz\u00f6sisch und auf Anfrage weitere Sprachen zur Verf\u00fcgung.<\/li>\n<li data-zone-id=\"0\" data-line-index=\"0\" data-line=\"true\">Jeder Durchflussmesser wird kalibriert und erh\u00e4lt eine eindeutige Seriennummer, die alle Kalibrierdaten enth\u00e4lt.<\/li>\n<\/ol>\n<\/div>\n<\/div>\n<div class=\"elementor-element e-con-full e-flex e-con e-child\">\n<div class=\"elementor-widget-container\">\n<h3 class=\"elementor-heading-title elementor-size-default\">Anwendungen:<\/h3>\n<\/div>\n<div class=\"elementor-widget-container\">\n<div>\n<ul>\n<li data-zone-id=\"0\" data-line-index=\"0\" data-line=\"true\">\u00d6l und Gas<\/li>\n<li data-zone-id=\"0\" data-line-index=\"0\" data-line=\"true\">Wasser und Abwasser<\/li>\n<li data-zone-id=\"0\" data-line-index=\"0\" data-line=\"true\">Chemische Industrie und chemische Injektion<\/li>\n<li data-zone-id=\"0\" data-line-index=\"0\" data-line=\"true\">Stromerzeugung<\/li>\n<li data-zone-id=\"0\" data-line-index=\"0\" data-line=\"true\">Pharmazeutika<\/li>\n<li data-zone-id=\"0\" data-line-index=\"0\" data-line=\"true\">Essen und Trinken<\/li>\n<li data-zone-id=\"0\" data-line-index=\"0\" data-line=\"true\">Zellstoff und Papier<\/li>\n<li data-zone-id=\"0\" data-line-index=\"0\" data-line=\"true\">Metall und Bergbau<\/li>\n<li data-zone-id=\"0\" data-line-index=\"0\" data-line=\"true\">Luft- und Raumfahrt<\/li>\n<li data-zone-id=\"0\" data-line-index=\"0\" data-line=\"true\">Hydraulische Pr\u00fcfung<\/li>\n<\/ul>\n<\/div>\n<\/div>\n<\/div>\n<\/div>","protected":false},"excerpt":{"rendered":"<div class=\"short-description-head\">\n<div data-zone-id=\"0\" data-line-index=\"0\" data-line=\"true\">Der Bi-Rotor-Verdr\u00e4ngungsdurchflussmesser verf\u00fcgt \u00fcber zwei pr\u00e4zise bearbeitete rotierende Elemente, die als <strong>schraubenf\u00f6rmige Rotoren<\/strong> die sich im Innengeh\u00e4use des Z\u00e4hlers drehen und ineinandergreifen, um eine Messkammer mit bekanntem Volumen zu bilden, die zur genauen Bestimmung des Volumendurchflusses als Funktion der Geschwindigkeit der Rotoren verwendet werden kann. Er wird in den anspruchsvollsten Anwendungen eingesetzt, die Genauigkeit, lange Lebensdauer und Robustheit erfordern, und ist die perfekte Wahl f\u00fcr Kraftstoff und \u00d6l. Er ist in zwei Konfigurationen erh\u00e4ltlich: mit integrierter mechanischer Registrierung oder mit elektronischem Ausgang. Der Bi-Rotor-Durchflussmesser hat eine hohe Genauigkeit von bis zu \u00b10,1 % und einen hohen Prozessdruck von bis zu 110 bar (1595 psi).<\/div>\n<\/div>","protected":false},"featured_media":25729,"template":"","meta":[],"product_brand":[],"product_cat":[209,166,165],"product_tag":[],"class_list":{"0":"post-25726","1":"product","2":"type-product","3":"status-publish","4":"has-post-thumbnail","6":"product_cat-positive-displacement-flow-meters","7":"product_cat-liquid-flow-meters","8":"product_cat-oil-flow-meters","10":"first","11":"instock","12":"shipping-taxable","13":"purchasable","14":"product-type-simple"},"_links":{"self":[{"href":"https:\/\/metlaninst.com\/de\/wp-json\/wp\/v2\/product\/25726","targetHints":{"allow":["GET"]}}],"collection":[{"href":"https:\/\/metlaninst.com\/de\/wp-json\/wp\/v2\/product"}],"about":[{"href":"https:\/\/metlaninst.com\/de\/wp-json\/wp\/v2\/types\/product"}],"version-history":[{"count":8,"href":"https:\/\/metlaninst.com\/de\/wp-json\/wp\/v2\/product\/25726\/revisions"}],"predecessor-version":[{"id":27094,"href":"https:\/\/metlaninst.com\/de\/wp-json\/wp\/v2\/product\/25726\/revisions\/27094"}],"wp:featuredmedia":[{"embeddable":true,"href":"https:\/\/metlaninst.com\/de\/wp-json\/wp\/v2\/media\/25729"}],"wp:attachment":[{"href":"https:\/\/metlaninst.com\/de\/wp-json\/wp\/v2\/media?parent=25726"}],"wp:term":[{"taxonomy":"product_brand","embeddable":true,"href":"https:\/\/metlaninst.com\/de\/wp-json\/wp\/v2\/product_brand?post=25726"},{"taxonomy":"product_cat","embeddable":true,"href":"https:\/\/metlaninst.com\/de\/wp-json\/wp\/v2\/product_cat?post=25726"},{"taxonomy":"product_tag","embeddable":true,"href":"https:\/\/metlaninst.com\/de\/wp-json\/wp\/v2\/product_tag?post=25726"}],"curies":[{"name":"wp","href":"https:\/\/api.w.org\/{rel}","templated":true}]}}