{"id":26104,"date":"2024-01-16T08:06:44","date_gmt":"2024-01-16T08:06:44","guid":{"rendered":"https:\/\/www.metlaninst.com\/?post_type=product&#038;p=26104"},"modified":"2025-12-23T03:20:27","modified_gmt":"2025-12-23T03:20:27","slug":"luftabscheider-siebe-mt-lpgx","status":"publish","type":"product","link":"https:\/\/metlaninst.com\/de\/p\/luftabscheider-siebe-mt-lpgx\/","title":{"rendered":"Luftabscheider \/ Schmutzf\u00e4nger (MT-LPGX)"},"content":{"rendered":"<div class=\"e-con-inner\">\n<div class=\"elementor-element e-con-full e-flex e-con e-child\">\n<div class=\"elementor-widget-container\">\n<h3 class=\"elementor-heading-title elementor-size-default\">Merkmale:<\/h3>\n<\/div>\n<div class=\"elementor-widget-container\">\n<ol>\n<li data-zone-id=\"0\" data-line-index=\"0\" data-line=\"true\">Wird zusammen mit dem Durchflussmesser stromaufw\u00e4rts installiert, um sicherzustellen, dass die in das Ger\u00e4t eintretende Fl\u00fcssigkeit frei von Luft oder Gas ist.<\/li>\n<li data-zone-id=\"0\" data-line-index=\"0\" data-line=\"true\">Entfernt mitgerissene Luft oder Gas aus der Fl\u00fcssigkeit.<\/li>\n<li data-zone-id=\"0\" data-line-index=\"0\" data-line=\"true\">alle nachgeschalteten Systemkomponenten zu sch\u00fctzen.<\/li>\n<li data-zone-id=\"0\" data-line-index=\"0\" data-line=\"true\">Verhindert Ungenauigkeiten aufgrund von Lufteinschl\u00fcssen oder Blasen in der Fl\u00fcssigkeit, die die Durchflussmessung st\u00f6ren k\u00f6nnen.<\/li>\n<li data-zone-id=\"0\" data-line-index=\"0\" data-line=\"true\">Unverzichtbar in Systemen, in denen sich Luft oder Gas mit der Fl\u00fcssigkeit vermischen kann, wie z. B. in Kraftstoff- oder chemischen Durchflussmesssystemen.<\/li>\n<li data-zone-id=\"0\" data-line-index=\"0\" data-line=\"true\">Wird bei Anwendungen eingesetzt, bei denen eine pr\u00e4zise Messung nur von Fl\u00fcssigkeiten erforderlich ist.<\/li>\n<\/ol>\n<\/div>\n<\/div>\n<div class=\"elementor-element e-con-full e-flex e-con e-child\">\n<div class=\"elementor-widget-container\">\n<h3 class=\"elementor-heading-title elementor-size-default\">Anwendungen:<\/h3>\n<\/div>\n<div class=\"elementor-widget-container\">\n<ul>\n<li data-zone-id=\"0\" data-line-index=\"0\" data-line=\"true\">\u00d6l und Gas<\/li>\n<li data-zone-id=\"0\" data-line-index=\"0\" data-line=\"true\">Wasser und Abwasser<\/li>\n<li data-zone-id=\"0\" data-line-index=\"0\" data-line=\"true\">Chemische Industrie und chemische Injektion<\/li>\n<li data-zone-id=\"0\" data-line-index=\"0\" data-line=\"true\">Pharmazeutika<\/li>\n<li data-zone-id=\"0\" data-line-index=\"0\" data-line=\"true\">Essen und Trinken<\/li>\n<li data-zone-id=\"0\" data-line-index=\"0\" data-line=\"true\">\u00dcbertragung der Verwahrung<\/li>\n<\/ul>\n<\/div>\n<\/div>\n<\/div>","protected":false},"excerpt":{"rendered":"<div class=\"short-description-head\">\n<div data-zone-id=\"0\" data-line-index=\"0\" data-line=\"true\">\n<div>\n<div data-zone-id=\"0\" data-line-index=\"0\" data-line=\"true\">The air Eliminators are designed to provide separation and elimination of air and solids in metering systems. Installing air eliminators \/ strainers upstream of measurement devices (especially positive displacement flow meters) ensures accurate measurement, whilst protecting all downstream system components.<\/div>\n<\/div>\n<\/div>\n<\/div>","protected":false},"featured_media":26107,"template":"","meta":[],"product_brand":[],"product_cat":[209,165],"product_tag":[],"class_list":{"0":"post-26104","1":"product","2":"type-product","3":"status-publish","4":"has-post-thumbnail","6":"product_cat-positive-displacement-flow-meters","7":"product_cat-oil-flow-meters","9":"first","10":"instock","11":"shipping-taxable","12":"purchasable","13":"product-type-simple"},"_links":{"self":[{"href":"https:\/\/metlaninst.com\/de\/wp-json\/wp\/v2\/product\/26104","targetHints":{"allow":["GET"]}}],"collection":[{"href":"https:\/\/metlaninst.com\/de\/wp-json\/wp\/v2\/product"}],"about":[{"href":"https:\/\/metlaninst.com\/de\/wp-json\/wp\/v2\/types\/product"}],"version-history":[{"count":3,"href":"https:\/\/metlaninst.com\/de\/wp-json\/wp\/v2\/product\/26104\/revisions"}],"predecessor-version":[{"id":27698,"href":"https:\/\/metlaninst.com\/de\/wp-json\/wp\/v2\/product\/26104\/revisions\/27698"}],"wp:featuredmedia":[{"embeddable":true,"href":"https:\/\/metlaninst.com\/de\/wp-json\/wp\/v2\/media\/26107"}],"wp:attachment":[{"href":"https:\/\/metlaninst.com\/de\/wp-json\/wp\/v2\/media?parent=26104"}],"wp:term":[{"taxonomy":"product_brand","embeddable":true,"href":"https:\/\/metlaninst.com\/de\/wp-json\/wp\/v2\/product_brand?post=26104"},{"taxonomy":"product_cat","embeddable":true,"href":"https:\/\/metlaninst.com\/de\/wp-json\/wp\/v2\/product_cat?post=26104"},{"taxonomy":"product_tag","embeddable":true,"href":"https:\/\/metlaninst.com\/de\/wp-json\/wp\/v2\/product_tag?post=26104"}],"curies":[{"name":"wp","href":"https:\/\/api.w.org\/{rel}","templated":true}]}}