{"id":26311,"date":"2025-02-16T10:14:37","date_gmt":"2025-02-16T10:14:37","guid":{"rendered":"https:\/\/www.metlaninst.com\/?post_type=product&#038;p=26311"},"modified":"2025-06-15T11:21:07","modified_gmt":"2025-06-15T11:21:07","slug":"einsatz-explosionsgeschutzter-thermischer-massedurchflussmesser-mt211x-ex","status":"publish","type":"product","link":"https:\/\/metlaninst.com\/de\/p\/einsatz-explosionsgeschutzter-thermischer-massedurchflussmesser-mt211x-ex\/","title":{"rendered":"Explosionsgesch\u00fctzter thermischer Massedurchflussmesser mit Einlegeteil (MT211x-Ex)"},"content":{"rendered":"<div class=\"e-con-inner\">\n<div class=\"elementor-element e-con-full e-flex e-con e-child\">\n<div class=\"elementor-widget-container\">\n<h3 class=\"elementor-heading-title elementor-size-default\">Merkmale:<\/h3>\n<\/div>\n<div class=\"elementor-widget-container\">\n<ol>\n<li data-zone-id=\"0\" data-line-index=\"0\" data-line=\"true\">Explosionsschutzklasse: Ex db IIC T6 Gb \/ Ex tb IIIC T80\u00b0CDb.<\/li>\n<li data-zone-id=\"0\" data-line-index=\"0\" data-line=\"true\">Medium: Druckluft, Stickstoff, Sauerstoff, Kohlendioxid und andere nicht kondensierende Gase.<\/li>\n<li data-zone-id=\"0\" data-line-index=\"0\" data-line=\"true\">Geeignet f\u00fcr Rohre mit Durchmessern von DN20 bis DN1000.<\/li>\n<li data-zone-id=\"0\" data-line-index=\"0\" data-line=\"true\">\u00a0Ultraweites Turndown-Verh\u00e4ltnis von 1:2500, der Messbereich reicht von 0,1 Nm\/s bis 250 Nm\/s.<\/li>\n<li data-zone-id=\"0\" data-line-index=\"0\" data-line=\"true\">Volldigitale Signalverarbeitung, h\u00f6here Genauigkeit, Langzeitstabilit\u00e4t.<\/li>\n<li data-zone-id=\"0\" data-line-index=\"0\" data-line=\"true\">Basierend auf dem Prinzip der thermischen Durchflussmessung, ist es nicht erforderlich, Gasdruck und Temperatur zu kompensieren, integrierte Temperaturmessung.<\/li>\n<li data-zone-id=\"0\" data-line-index=\"0\" data-line=\"true\">Die vollst\u00e4ndig isolierte elektrische Struktur kann Feldst\u00f6rungen vollst\u00e4ndig herausfiltern.<\/li>\n<li data-zone-id=\"0\" data-line-index=\"0\" data-line=\"true\">F\u00fcr die LCD-Anzeige stehen Englisch, Spanisch, Franz\u00f6sisch und auf Anfrage weitere Sprachen zur Verf\u00fcgung.<\/li>\n<li data-zone-id=\"0\" data-line-index=\"0\" data-line=\"true\">Jeder Durchflussmesser wird kalibriert und erh\u00e4lt eine eindeutige Seriennummer, die alle Kalibrierdaten enth\u00e4lt.<\/li>\n<\/ol>\n<\/div>\n<\/div>\n<div class=\"elementor-element e-con-full e-flex e-con e-child\">\n<div class=\"elementor-widget-container\">\n<h3 class=\"elementor-heading-title elementor-size-default\">Anwendungen:<\/h3>\n<\/div>\n<div class=\"elementor-widget-container\">\n<p><strong>\u00d6l und Gas<\/strong><br \/>\n- Bohrlochkopfgas, Fackelgas<br \/>\n<strong>Umwelt\u00fcberwachung<\/strong><br \/>\n- Schornsteinemissionen, Biogas, Luftqualit\u00e4t<br \/>\n<strong>Chemie und Petrochemie<\/strong><br \/>\n- Prozessgasfluss, Gaseinspritzung, Lecksuche<br \/>\n<strong>Pharmazeutik und Biotechnologie<\/strong><br \/>\n- Reinraum-Luftstrom, Bioreaktor-Gasstrom<br \/>\n<strong>Essen und Trinken<\/strong><br \/>\n- CO\u2082 bei der Karbonisierung, Stickstoff bei der Verpackung<br \/>\n<strong>HVAC<\/strong><br \/>\n- Luftstr\u00f6mung in Kan\u00e4len, L\u00fcftungssysteme<\/p>\n<\/div>\n<\/div>\n<\/div>","protected":false},"excerpt":{"rendered":"<div class=\"short-description-head\">\n<div data-zone-id=\"0\" data-line-index=\"0\" data-line=\"true\">Dieser thermische Massedurchflussmesser ist die explosionsgesch\u00fctzte Version des MT211x, mit der Klasse Ex db IIC T6 Gb \/ Ex tb IIIC T80\u00b0C Db. Mit einem ultraweiten Turndown-Verh\u00e4ltnis von 1:2500 reicht der Messbereich von 0,1 Nm\/s bis 250 Nm\/s, geeignet f\u00fcr Rohre mit Durchmessern von DN20 bis DN1000.<\/div>\n<\/div>","protected":false},"featured_media":26312,"template":"","meta":[],"product_brand":[],"product_cat":[215,208,164],"product_tag":[],"class_list":{"0":"post-26311","1":"product","2":"type-product","3":"status-publish","4":"has-post-thumbnail","6":"product_cat-thermal-mass-flow-meters","7":"product_cat-gas-flow-meters","8":"product_cat-air-flow-meters","10":"first","11":"instock","12":"shipping-taxable","13":"purchasable","14":"product-type-simple"},"_links":{"self":[{"href":"https:\/\/metlaninst.com\/de\/wp-json\/wp\/v2\/product\/26311","targetHints":{"allow":["GET"]}}],"collection":[{"href":"https:\/\/metlaninst.com\/de\/wp-json\/wp\/v2\/product"}],"about":[{"href":"https:\/\/metlaninst.com\/de\/wp-json\/wp\/v2\/types\/product"}],"version-history":[{"count":1,"href":"https:\/\/metlaninst.com\/de\/wp-json\/wp\/v2\/product\/26311\/revisions"}],"predecessor-version":[{"id":26313,"href":"https:\/\/metlaninst.com\/de\/wp-json\/wp\/v2\/product\/26311\/revisions\/26313"}],"wp:featuredmedia":[{"embeddable":true,"href":"https:\/\/metlaninst.com\/de\/wp-json\/wp\/v2\/media\/26312"}],"wp:attachment":[{"href":"https:\/\/metlaninst.com\/de\/wp-json\/wp\/v2\/media?parent=26311"}],"wp:term":[{"taxonomy":"product_brand","embeddable":true,"href":"https:\/\/metlaninst.com\/de\/wp-json\/wp\/v2\/product_brand?post=26311"},{"taxonomy":"product_cat","embeddable":true,"href":"https:\/\/metlaninst.com\/de\/wp-json\/wp\/v2\/product_cat?post=26311"},{"taxonomy":"product_tag","embeddable":true,"href":"https:\/\/metlaninst.com\/de\/wp-json\/wp\/v2\/product_tag?post=26311"}],"curies":[{"name":"wp","href":"https:\/\/api.w.org\/{rel}","templated":true}]}}