{"id":26420,"date":"2025-02-15T09:24:32","date_gmt":"2025-02-15T09:24:32","guid":{"rendered":"https:\/\/www.metlaninst.com\/?post_type=product&#038;p=26420"},"modified":"2025-06-17T03:14:44","modified_gmt":"2025-06-17T03:14:44","slug":"hochpraziser-ultraschallgasdurchflussmesser-mts-lynsb","status":"publish","type":"product","link":"https:\/\/metlaninst.com\/de\/p\/hochpraziser-ultraschallgasdurchflussmesser-mts-lynsb\/","title":{"rendered":"Hochpr\u00e4zisions-Ultraschall-Gasdurchflussmesser (MTS-LYNSB)"},"content":{"rendered":"<div class=\"e-con-inner\">\n<div class=\"elementor-element e-con-full e-flex e-con e-child\">\n<div class=\"elementor-widget-container\">\n<h3 class=\"elementor-heading-title elementor-size-default\">Merkmale:<\/h3>\n<\/div>\n<div class=\"elementor-widget-container\">\n<ol>\n<li data-zone-id=\"0\" data-line-index=\"0\" data-line=\"true\">Hohe Genauigkeit f\u00fcr Gas bis zu \u00b10,5%<\/li>\n<li data-zone-id=\"0\" data-line-index=\"0\" data-line=\"true\">Keine beweglichen Teile, kein Druckverlust, keine Verstopfung der Leitung<\/li>\n<li data-zone-id=\"0\" data-line-index=\"0\" data-line=\"true\">Keine Schmierung oder periodische Wartung<\/li>\n<li data-zone-id=\"0\" data-line-index=\"0\" data-line=\"true\">Die Messung wird durch die Gaseigenschaften nicht beeinflusst<\/li>\n<li data-zone-id=\"0\" data-line-index=\"0\" data-line=\"true\">100:1 breites Turndown-Verh\u00e4ltnis<\/li>\n<li data-zone-id=\"0\" data-line-index=\"0\" data-line=\"true\">Bi-direktionale F\u00e4higkeit<\/li>\n<li data-zone-id=\"0\" data-line-index=\"0\" data-line=\"true\">F\u00fcr die LCD-Anzeige stehen Englisch, Spanisch, Franz\u00f6sisch und auf Anfrage weitere Sprachen zur Verf\u00fcgung.<\/li>\n<li data-zone-id=\"0\" data-line-index=\"0\" data-line=\"true\">Jeder Durchflussmesser wird kalibriert und erh\u00e4lt eine eindeutige Seriennummer, die alle Kalibrierdaten enth\u00e4lt.<\/li>\n<\/ol>\n<\/div>\n<\/div>\n<div class=\"elementor-element e-con-full e-flex e-con e-child\">\n<div class=\"elementor-widget-container\">\n<h3 class=\"elementor-heading-title elementor-size-default\">Anwendungen:<\/h3>\n<\/div>\n<div class=\"elementor-widget-container\">\n<h5 class=\"first\">Typische Anwendungen:<\/h5>\n<div>\n<ul>\n<li data-zone-id=\"0\" data-line-index=\"0\" data-line=\"true\">Anwendungen im eichpflichtigen Verkehr (Erdgas, N2, 02, Luft, Ethylen)<\/li>\n<li data-zone-id=\"0\" data-line-index=\"0\" data-line=\"true\">Onshore- und Offshore-Anwendungen<\/li>\n<li data-zone-id=\"0\" data-line-index=\"0\" data-line=\"true\">Unterirdische Gasspeicheranlagen (bidirektionale Messung m\u00f6glich)<\/li>\n<li data-zone-id=\"0\" data-line-index=\"0\" data-line=\"true\">F\u00fcr Gase mit hohem H2S-Anteil, wie z. B. Sauergas oder Biogas<\/li>\n<\/ul>\n<\/div>\n<h5>Branchen:<\/h5>\n<div>\n<ul>\n<li data-zone-id=\"0\" data-line-index=\"0\" data-line=\"true\">Upstream\/Offshore-L\u00f6sungen<\/li>\n<li data-zone-id=\"0\" data-line-index=\"0\" data-line=\"true\">Lagerung und Verteilung von \u00d6l und Gas<\/li>\n<li data-zone-id=\"0\" data-line-index=\"0\" data-line=\"true\">L\u00f6sungen f\u00fcr die Raffinerie<\/li>\n<li data-zone-id=\"0\" data-line-index=\"0\" data-line=\"true\">Unterirdische Gasspeicherung und -verarbeitung<\/li>\n<li data-zone-id=\"0\" data-line-index=\"0\" data-line=\"true\">Onshore-\/Schiefer\u00f6l- und Gasl\u00f6sungenEisen-, Stahl- und Metallindustrie<\/li>\n<\/ul>\n<\/div>\n<div><\/div>\n<\/div>\n<\/div>\n<\/div>","protected":false},"excerpt":{"rendered":"<div class=\"short-description-head\">\n<div data-zone-id=\"0\" data-line-index=\"0\" data-line=\"true\">Das MTS-LYNSB ist sowohl f\u00fcr den eichpflichtigen Verkehr von Erdgas als auch f\u00fcr die hochpr\u00e4zise Messung von Prozessgasen mit einer Genauigkeit von bis zu \u00b10,5% geeignet. Er misst die Str\u00f6mungsgeschwindigkeit des Gases \u00fcber die Laufzeiten von Ultraschallimpulsen und berechnet daraus die Str\u00f6mungsgeschwindigkeit bei Messbedingungen.<\/div>\n<\/div>","protected":false},"featured_media":26421,"template":"","meta":[],"product_brand":[],"product_cat":[216,208,164],"product_tag":[],"class_list":{"0":"post-26420","1":"product","2":"type-product","3":"status-publish","4":"has-post-thumbnail","6":"product_cat-ultrasonic-gas-flow-meter","7":"product_cat-gas-flow-meters","8":"product_cat-air-flow-meters","10":"first","11":"instock","12":"shipping-taxable","13":"purchasable","14":"product-type-simple"},"_links":{"self":[{"href":"https:\/\/metlaninst.com\/de\/wp-json\/wp\/v2\/product\/26420","targetHints":{"allow":["GET"]}}],"collection":[{"href":"https:\/\/metlaninst.com\/de\/wp-json\/wp\/v2\/product"}],"about":[{"href":"https:\/\/metlaninst.com\/de\/wp-json\/wp\/v2\/types\/product"}],"version-history":[{"count":2,"href":"https:\/\/metlaninst.com\/de\/wp-json\/wp\/v2\/product\/26420\/revisions"}],"predecessor-version":[{"id":27022,"href":"https:\/\/metlaninst.com\/de\/wp-json\/wp\/v2\/product\/26420\/revisions\/27022"}],"wp:featuredmedia":[{"embeddable":true,"href":"https:\/\/metlaninst.com\/de\/wp-json\/wp\/v2\/media\/26421"}],"wp:attachment":[{"href":"https:\/\/metlaninst.com\/de\/wp-json\/wp\/v2\/media?parent=26420"}],"wp:term":[{"taxonomy":"product_brand","embeddable":true,"href":"https:\/\/metlaninst.com\/de\/wp-json\/wp\/v2\/product_brand?post=26420"},{"taxonomy":"product_cat","embeddable":true,"href":"https:\/\/metlaninst.com\/de\/wp-json\/wp\/v2\/product_cat?post=26420"},{"taxonomy":"product_tag","embeddable":true,"href":"https:\/\/metlaninst.com\/de\/wp-json\/wp\/v2\/product_tag?post=26420"}],"curies":[{"name":"wp","href":"https:\/\/api.w.org\/{rel}","templated":true}]}}