{"id":26591,"date":"2024-12-15T08:22:22","date_gmt":"2024-12-15T08:22:22","guid":{"rendered":"https:\/\/www.metlaninst.com\/?post_type=product&#038;p=26591"},"modified":"2025-03-21T02:25:06","modified_gmt":"2025-03-21T02:25:06","slug":"hochgenaue-turbinengasdurchflussmesser-lwgymt-es","status":"publish","type":"product","link":"https:\/\/metlaninst.com\/de\/p\/hochgenaue-turbinengasdurchflussmesser-lwgymt-es\/","title":{"rendered":"Hochpr\u00e4zise Turbinengasdurchflussmesser (LWGYMT-ES)"},"content":{"rendered":"<div class=\"e-con-inner\">\n<div class=\"elementor-element e-con-full e-flex e-con e-child\">\n<div class=\"elementor-widget-container\">\n<h3 class=\"elementor-heading-title elementor-size-default\">Merkmale:<\/h3>\n<\/div>\n<div class=\"elementor-widget-container\">\n<ol>\n<li>Temperatur- und Druckausgleich.<\/li>\n<li>Segment-LCD, normale Anzeige bei -30\u2103<\/li>\n<li>Integrierte Bewegung<\/li>\n<li>Kommunikation: Modbus RS485<\/li>\n<li>Gleichzeitige Anzeige von Durchflussmenge, Gesamtdurchflussmenge, Druck und Temperatur.<\/li>\n<li>Auch in kundenspezifischen Konstruktionen erh\u00e4ltlich<\/li>\n<li>F\u00fcr die LCD-Anzeige stehen Englisch, Spanisch, Franz\u00f6sisch und auf Anfrage weitere Sprachen zur Verf\u00fcgung.<\/li>\n<li>Jeder Durchflussmesser wird kalibriert und erh\u00e4lt eine eindeutige Seriennummer, die alle Kalibrierdaten enth\u00e4lt.<\/li>\n<\/ol>\n<\/div>\n<\/div>\n<div class=\"elementor-element e-con-full e-flex e-con e-child\">\n<div class=\"elementor-widget-container\">\n<h3 class=\"elementor-heading-title elementor-size-default\">Anwendungen:<\/h3>\n<\/div>\n<div class=\"elementor-widget-container\">\n<h5>Allgemein<\/h5>\n<div>\n<ul>\n<li data-zone-id=\"0\" data-line-index=\"0\" data-line=\"true\">Genaue Messung des Gasflusses in verschiedenen industriellen Umgebungen<\/li>\n<\/ul>\n<\/div>\n<h5>\u00d6l- und Gasindustrie<\/h5>\n<div>\n<ul>\n<li data-zone-id=\"0\" data-line-index=\"0\" data-line=\"true\">\u00dcberwachung von Erdgaspipelines<\/li>\n<li data-zone-id=\"0\" data-line-index=\"0\" data-line=\"true\">Genaue Messung in Gaseinspritz- und Gasaufbereitungssystemen<\/li>\n<\/ul>\n<\/div>\n<h5>Industrielle Fertigung<\/h5>\n<div>\n<ul>\n<li data-zone-id=\"0\" data-line-index=\"0\" data-line=\"true\">Messung von Gasen in der industriellen Verarbeitung und in chemischen Anwendungen<\/li>\n<\/ul>\n<h5>Stromerzeugung<\/h5>\n<div>\n<ul>\n<li data-zone-id=\"0\" data-line-index=\"0\" data-line=\"true\">\u00dcberwachung von Gasstr\u00f6men zur Effizienzsteigerung in Kraftwerken<\/li>\n<\/ul>\n<\/div>\n<\/div>\n<\/div>\n<\/div>\n<\/div>","protected":false},"excerpt":{"rendered":"<div class=\"short-description-head\">\n<div data-zone-id=\"0\" data-line-index=\"0\" data-line=\"true\">Der LWGYMT-ES ist ein hochgenauer Turbinengasdurchflussmesser mit einer Genauigkeit von bis zu \u00b11,0%. Er eignet sich hervorragend f\u00fcr die Messung von nicht-korrosiven gasf\u00f6rmigen Medien mit mittleren bis geringen Durchflussraten, wie Erdgas, Propan, Butan, Kohlendioxid und Stickstoff, die weit verbreitet sind in <em>Gasdosierung<\/em> f\u00fcr die Erd\u00f6l-, Chemie-, Kraftwerks- und H\u00fcttenindustrie, Kesselanlagen sowie in st\u00e4dtischen Erdgasnetzen, Gasdruckregelstationen und Gashandelsmessungen.<\/div>\n<\/div>","protected":false},"featured_media":26592,"template":"","meta":[],"product_brand":[],"product_cat":[120,208,164],"product_tag":[],"class_list":{"0":"post-26591","1":"product","2":"type-product","3":"status-publish","4":"has-post-thumbnail","6":"product_cat-turbine-flow-meters","7":"product_cat-gas-flow-meters","8":"product_cat-air-flow-meters","10":"first","11":"instock","12":"shipping-taxable","13":"purchasable","14":"product-type-simple"},"_links":{"self":[{"href":"https:\/\/metlaninst.com\/de\/wp-json\/wp\/v2\/product\/26591","targetHints":{"allow":["GET"]}}],"collection":[{"href":"https:\/\/metlaninst.com\/de\/wp-json\/wp\/v2\/product"}],"about":[{"href":"https:\/\/metlaninst.com\/de\/wp-json\/wp\/v2\/types\/product"}],"version-history":[{"count":1,"href":"https:\/\/metlaninst.com\/de\/wp-json\/wp\/v2\/product\/26591\/revisions"}],"predecessor-version":[{"id":26593,"href":"https:\/\/metlaninst.com\/de\/wp-json\/wp\/v2\/product\/26591\/revisions\/26593"}],"wp:featuredmedia":[{"embeddable":true,"href":"https:\/\/metlaninst.com\/de\/wp-json\/wp\/v2\/media\/26592"}],"wp:attachment":[{"href":"https:\/\/metlaninst.com\/de\/wp-json\/wp\/v2\/media?parent=26591"}],"wp:term":[{"taxonomy":"product_brand","embeddable":true,"href":"https:\/\/metlaninst.com\/de\/wp-json\/wp\/v2\/product_brand?post=26591"},{"taxonomy":"product_cat","embeddable":true,"href":"https:\/\/metlaninst.com\/de\/wp-json\/wp\/v2\/product_cat?post=26591"},{"taxonomy":"product_tag","embeddable":true,"href":"https:\/\/metlaninst.com\/de\/wp-json\/wp\/v2\/product_tag?post=26591"}],"curies":[{"name":"wp","href":"https:\/\/api.w.org\/{rel}","templated":true}]}}