{"id":26621,"date":"2024-09-15T13:30:46","date_gmt":"2024-09-15T13:30:46","guid":{"rendered":"https:\/\/www.metlaninst.com\/?post_type=product&#038;p=26621"},"modified":"2025-03-21T02:47:06","modified_gmt":"2025-03-21T02:47:06","slug":"staurohrgasdurchflussmesser-mtkb-201x","status":"publish","type":"product","link":"https:\/\/metlaninst.com\/de\/p\/staurohrgasdurchflussmesser-mtkb-201x\/","title":{"rendered":"Staurohr-Gasdurchflussmesser MTKB-201x"},"content":{"rendered":"<div class=\"e-con-inner\">\n<div class=\"elementor-element e-con-full e-flex e-con e-child\">\n<div class=\"elementor-widget-container\">\n<h3 class=\"elementor-heading-title elementor-size-default\">Merkmale:<\/h3>\n<\/div>\n<div class=\"elementor-widget-container\">\n<ol>\n<li>Anwendbar f\u00fcr die Messung von verschmutzter und feuchter Luft<\/li>\n<li>Online-Autokalibrierung reduziert Datenabweichung<\/li>\n<li>hohe Empfindlichkeit, die untere Grenze liegt bei 5 Nm\/s<\/li>\n<li>1:60 breites Turndown-Verh\u00e4ltnis<\/li>\n<li>Bidirektionale Durchflussmessung<\/li>\n<li>Integrierte Druck- und Temperatursensoren zur Online-\u00dcberwachung von Gasdruck und -temperatur<\/li>\n<li>Keine beweglichen Teile, geringer Druckabfall<\/li>\n<li>Es wird nicht durch Vibrationen der Pipeline beeintr\u00e4chtigt.<\/li>\n<li>F\u00fcr die LCD-Anzeige stehen Englisch, Spanisch, Franz\u00f6sisch und auf Anfrage weitere Sprachen zur Verf\u00fcgung.<\/li>\n<li>Jeder Durchflussmesser wird kalibriert und erh\u00e4lt eine eindeutige Seriennummer, die alle Kalibrierdaten enth\u00e4lt.<\/li>\n<\/ol>\n<\/div>\n<\/div>\n<div class=\"elementor-element e-con-full e-flex e-con e-child\">\n<div class=\"elementor-widget-container\">\n<h3 class=\"elementor-heading-title elementor-size-default\">Anwendungen:<\/h3>\n<\/div>\n<div class=\"elementor-widget-container\">\n<p><strong>Allgemein<\/strong><\/p>\n<ul>\n<li>Trockene\/feuchte Luft und nicht-korrosive Gase<\/li>\n<li>Versorgungsunternehmen und Dampf, Energie\u00fcberwachung<\/li>\n<li>Thermische Verbrennungsprozesse, Prim\u00e4r- und Sekund\u00e4rluft<\/li>\n<li>Entstaubung und Bel\u00fcftung<\/li>\n<li>Pressluft<\/li>\n<li>Biogas<\/li>\n<\/ul>\n<\/div>\n<\/div>\n<\/div>","protected":false},"excerpt":{"rendered":"<div class=\"short-description-head\">\n<div data-zone-id=\"0\" data-line-index=\"0\" data-line=\"true\">Das MTKB-201x Staurohr-Durchflussmessger\u00e4t mit unterschiedlichem Druck ist die perfekte Wahl f\u00fcr Gase, insbesondere f\u00fcr schmutzige\/feuchte, nicht-korrosive Gase. Die sehr niedrige Messgrenze, die 5 Nm\/s erreichen kann, und das Turndown-Verh\u00e4ltnis 1:60. Die Online-Autokalibrierung kompensiert automatisch die Auswirkungen von Temperatur\u00e4nderungen, Druck\u00e4nderungen und Sensorverschmutzung.<\/div>\n<\/div>","protected":false},"featured_media":26624,"template":"","meta":[],"product_brand":[],"product_cat":[122,208,164],"product_tag":[],"class_list":{"0":"post-26621","1":"product","2":"type-product","3":"status-publish","4":"has-post-thumbnail","6":"product_cat-differential-pressure-flow-meters","7":"product_cat-gas-flow-meters","8":"product_cat-air-flow-meters","10":"first","11":"instock","12":"shipping-taxable","13":"purchasable","14":"product-type-variable"},"_links":{"self":[{"href":"https:\/\/metlaninst.com\/de\/wp-json\/wp\/v2\/product\/26621","targetHints":{"allow":["GET"]}}],"collection":[{"href":"https:\/\/metlaninst.com\/de\/wp-json\/wp\/v2\/product"}],"about":[{"href":"https:\/\/metlaninst.com\/de\/wp-json\/wp\/v2\/types\/product"}],"version-history":[{"count":2,"href":"https:\/\/metlaninst.com\/de\/wp-json\/wp\/v2\/product\/26621\/revisions"}],"predecessor-version":[{"id":26628,"href":"https:\/\/metlaninst.com\/de\/wp-json\/wp\/v2\/product\/26621\/revisions\/26628"}],"wp:featuredmedia":[{"embeddable":true,"href":"https:\/\/metlaninst.com\/de\/wp-json\/wp\/v2\/media\/26624"}],"wp:attachment":[{"href":"https:\/\/metlaninst.com\/de\/wp-json\/wp\/v2\/media?parent=26621"}],"wp:term":[{"taxonomy":"product_brand","embeddable":true,"href":"https:\/\/metlaninst.com\/de\/wp-json\/wp\/v2\/product_brand?post=26621"},{"taxonomy":"product_cat","embeddable":true,"href":"https:\/\/metlaninst.com\/de\/wp-json\/wp\/v2\/product_cat?post=26621"},{"taxonomy":"product_tag","embeddable":true,"href":"https:\/\/metlaninst.com\/de\/wp-json\/wp\/v2\/product_tag?post=26621"}],"curies":[{"name":"wp","href":"https:\/\/api.w.org\/{rel}","templated":true}]}}