{"id":26694,"date":"2025-04-19T02:56:05","date_gmt":"2025-04-19T02:56:05","guid":{"rendered":"https:\/\/www.metlaninst.com\/?post_type=product&#038;p=26694"},"modified":"2025-06-15T11:05:40","modified_gmt":"2025-06-15T11:05:40","slug":"thermischer-gasmassendurchflussregler-mtl20fd","status":"publish","type":"product","link":"https:\/\/metlaninst.com\/de\/p\/thermischer-gasmassendurchflussregler-mtl20fd\/","title":{"rendered":"Thermischer Gasmassendurchflussmesser \/ -regler (MTL20FD)"},"content":{"rendered":"<div class=\"e-con-inner\">\n<div class=\"elementor-element e-con-full e-flex e-con e-child\">\n<div class=\"elementor-widget-container\">\n<h3 class=\"elementor-heading-title elementor-size-default\">Merkmale:<\/h3>\n<\/div>\n<div class=\"elementor-widget-container\">\n<ol>\n<li data-zone-id=\"0\" data-line-index=\"0\" data-line=\"true\">\u00a0Konzipiert f\u00fcr Gasmessungen mit geringem Durchfluss.<\/li>\n<li data-zone-id=\"0\" data-line-index=\"0\" data-line=\"true\">Turn Down Ratio: 50:1 f\u00fcr digitale Massendurchflussregler; 100:1 f\u00fcr digitale Massendurchflussmesser.<\/li>\n<li data-zone-id=\"0\" data-line-index=\"0\" data-line=\"true\">Ansprechzeit: Massendurchflussregler&lt;0,2s; Massendurchflussmesser &lt;0,1s<\/li>\n<li data-zone-id=\"0\" data-line-index=\"0\" data-line=\"true\">Integrierter PID-Regler zur Regelung der Durchflussmenge<\/li>\n<li data-zone-id=\"0\" data-line-index=\"0\" data-line=\"true\">Direkte Messung des Massendurchflusses, automatische Temperaturkompensation<\/li>\n<li data-zone-id=\"0\" data-line-index=\"0\" data-line=\"true\">Ber\u00fchrbarer Bildschirm<\/li>\n<li data-zone-id=\"0\" data-line-index=\"0\" data-line=\"true\">Geeignet f\u00fcr verschiedene Hoch- und Niederdruck-Rohrleitungen.<\/li>\n<li data-zone-id=\"0\" data-line-index=\"0\" data-line=\"true\">F\u00fcr die LCD-Anzeige stehen Englisch, Spanisch, Franz\u00f6sisch und auf Anfrage weitere Sprachen zur Verf\u00fcgung.<\/li>\n<li data-zone-id=\"0\" data-line-index=\"0\" data-line=\"true\">Jeder Durchflussmesser wird kalibriert und erh\u00e4lt eine eindeutige Seriennummer, die alle Kalibrierdaten enth\u00e4lt.<\/li>\n<\/ol>\n<\/div>\n<\/div>\n<div class=\"elementor-element e-con-full e-flex e-con e-child\">\n<div class=\"elementor-widget-container\">\n<h3 class=\"elementor-heading-title elementor-size-default\">Anwendungen:<\/h3>\n<\/div>\n<div class=\"elementor-widget-container\">\n<p>Glasindustrie, Solarenergie, atmosph\u00e4rische \u00dcberwachung, Industrie<br \/>\nProduktion, Erd\u00f6l und Petrochemie, Verwaltung von Kohle und Gold,<br \/>\nGasf\u00f6rderung und Gasverteilung, Umweltschutz,<br \/>\nWasserstoff-Energie \/ Brennstoffzelle, verschiedene Instrumentenanalysen<\/p>\n<\/div>\n<\/div>\n<\/div>","protected":false},"excerpt":{"rendered":"<div class=\"short-description-head\">\n<div data-zone-id=\"0\" data-line-index=\"0\" data-line=\"true\">MTL20FD ist eine hochpr\u00e4zise Serie von Massedurchflussmessern und -reglern mit einer Genauigkeit von bis zu \u00b1 0,5% des Skalenendwerts, basierend auf dem thermischen Prinzip. Sie kann f\u00fcr verschiedene Experimente in Laboratorien und komplexen industriellen Umgebungen verwendet werden. Um sich an komplexe industrielle Umgebungen anzupassen, haben wir auch einige Modelle, die IP67 staub- und wasserdicht sowie IICT4 explosionssicher sind. Neben der standardm\u00e4\u00dfigen analogen Eingangs-\/Ausgangsschnittstelle wird auch die 485\/232-Schnittstelle unterst\u00fctzt, und das Kommunikationsprotokoll ist das Standardprotokoll Modbus RTU.<\/div>\n<\/div>","protected":false},"featured_media":26789,"template":"","meta":[],"product_brand":[],"product_cat":[223],"product_tag":[],"class_list":{"0":"post-26694","1":"product","2":"type-product","3":"status-publish","4":"has-post-thumbnail","6":"product_cat-low-flow-mass-flow-meter-controller","8":"first","9":"instock","10":"shipping-taxable","11":"purchasable","12":"product-type-simple"},"_links":{"self":[{"href":"https:\/\/metlaninst.com\/de\/wp-json\/wp\/v2\/product\/26694","targetHints":{"allow":["GET"]}}],"collection":[{"href":"https:\/\/metlaninst.com\/de\/wp-json\/wp\/v2\/product"}],"about":[{"href":"https:\/\/metlaninst.com\/de\/wp-json\/wp\/v2\/types\/product"}],"version-history":[{"count":1,"href":"https:\/\/metlaninst.com\/de\/wp-json\/wp\/v2\/product\/26694\/revisions"}],"predecessor-version":[{"id":26696,"href":"https:\/\/metlaninst.com\/de\/wp-json\/wp\/v2\/product\/26694\/revisions\/26696"}],"wp:featuredmedia":[{"embeddable":true,"href":"https:\/\/metlaninst.com\/de\/wp-json\/wp\/v2\/media\/26789"}],"wp:attachment":[{"href":"https:\/\/metlaninst.com\/de\/wp-json\/wp\/v2\/media?parent=26694"}],"wp:term":[{"taxonomy":"product_brand","embeddable":true,"href":"https:\/\/metlaninst.com\/de\/wp-json\/wp\/v2\/product_brand?post=26694"},{"taxonomy":"product_cat","embeddable":true,"href":"https:\/\/metlaninst.com\/de\/wp-json\/wp\/v2\/product_cat?post=26694"},{"taxonomy":"product_tag","embeddable":true,"href":"https:\/\/metlaninst.com\/de\/wp-json\/wp\/v2\/product_tag?post=26694"}],"curies":[{"name":"wp","href":"https:\/\/api.w.org\/{rel}","templated":true}]}}