{"id":26697,"date":"2025-04-19T03:28:22","date_gmt":"2025-04-19T03:28:22","guid":{"rendered":"https:\/\/www.metlaninst.com\/?post_type=product&#038;p=26697"},"modified":"2025-11-05T01:52:50","modified_gmt":"2025-11-05T01:52:50","slug":"differenzdruck-gasmassendurchflussmesser-regler-mtl20fc","status":"publish","type":"product","link":"https:\/\/metlaninst.com\/de\/p\/differenzdruck-gasmassendurchflussmesser-regler-mtl20fc\/","title":{"rendered":"Differenzdruck-Massedurchflussmesser\/-regler MTL20FC"},"content":{"rendered":"<div class=\"e-con-inner\">\n<div class=\"elementor-element e-con-full e-flex e-con e-child\">\n<div class=\"elementor-widget-container\">\n<h3 class=\"elementor-heading-title elementor-size-default\">Merkmale:<\/h3>\n<\/div>\n<div class=\"elementor-widget-container\">\n<ol>\n<li data-zone-id=\"0\" data-line-index=\"0\" data-line=\"true\">\u00a0Konzipiert f\u00fcr die Messung von Fl\u00fcssigkeiten, Gasen und D\u00e4mpfen mit geringem Durchfluss.<\/li>\n<li data-zone-id=\"0\" data-line-index=\"0\" data-line=\"true\">Turn Down Ratio: 50:1 f\u00fcr digitale Massendurchflussregler; 100:1 f\u00fcr digitale Massendurchflussmesser.<\/li>\n<li data-zone-id=\"0\" data-line-index=\"0\" data-line=\"true\">Ansprechzeit: Massendurchflussregler&lt;0,2s; Massendurchflussmesser &lt;0,1s<\/li>\n<li data-zone-id=\"0\" data-line-index=\"0\" data-line=\"true\">Integrierter PID-Regler zur Regelung der Durchflussmenge<\/li>\n<li data-zone-id=\"0\" data-line-index=\"0\" data-line=\"true\">Direkte Messung des Massendurchflusses, automatische Temperaturkompensation<\/li>\n<li data-zone-id=\"0\" data-line-index=\"0\" data-line=\"true\">Ber\u00fchrbarer Bildschirm<\/li>\n<li data-zone-id=\"0\" data-line-index=\"0\" data-line=\"true\">Kein Vorheizen erforderlich, keine Reaktionsverz\u00f6gerung w\u00e4hrend der Messung.<\/li>\n<li data-zone-id=\"0\" data-line-index=\"0\" data-line=\"true\">F\u00fcr die LCD-Anzeige stehen Englisch, Spanisch, Franz\u00f6sisch und auf Anfrage weitere Sprachen zur Verf\u00fcgung.<\/li>\n<li data-zone-id=\"0\" data-line-index=\"0\" data-line=\"true\">Jeder Durchflussmesser wird kalibriert und erh\u00e4lt eine eindeutige Seriennummer, die alle Kalibrierdaten enth\u00e4lt.<\/li>\n<\/ol>\n<\/div>\n<\/div>\n<div class=\"elementor-element e-con-full e-flex e-con e-child\">\n<div class=\"elementor-widget-container\">\n<h3 class=\"elementor-heading-title elementor-size-default\">Anwendungen:<\/h3>\n<\/div>\n<div class=\"elementor-widget-container\">\n<p>Vakuum, Beschichtung, Solarenergie, Halbleiter, Erd\u00f6l und<br \/>\nPetrochemie, Kohlemetallurgie, Gasf\u00f6rderung und Gasverteilung,<br \/>\nUmweltschutz, Wasserstoffenergie\/Brennstoffzelle, alle Arten von Instrumentenanalyse<\/p>\n<\/div>\n<\/div>\n<\/div>","protected":false},"excerpt":{"rendered":"<div class=\"short-description-head\">\n<div data-zone-id=\"0\" data-line-index=\"0\" data-line=\"true\">Die Massedurchflussmesser\/-regler der Serie MTL20FC basieren auf dem Differenzdruckprinzip und k\u00f6nnen gleichzeitig die momentane Durchflussmenge, die kumulierte Durchflussmenge, den Druck, die Temperatur usw. anzeigen und ausgeben. Wenn Regelfunktionen erforderlich sind, k\u00f6nnen auch elektromagnetische Proportionalregelventile und integrierte PID-Einstellfunktionen installiert werden.<\/div>\n<\/div>","protected":false},"featured_media":26788,"template":"","meta":[],"product_brand":[],"product_cat":[223],"product_tag":[],"class_list":{"0":"post-26697","1":"product","2":"type-product","3":"status-publish","4":"has-post-thumbnail","6":"product_cat-low-flow-mass-flow-meter-controller","8":"first","9":"instock","10":"shipping-taxable","11":"purchasable","12":"product-type-simple"},"_links":{"self":[{"href":"https:\/\/metlaninst.com\/de\/wp-json\/wp\/v2\/product\/26697","targetHints":{"allow":["GET"]}}],"collection":[{"href":"https:\/\/metlaninst.com\/de\/wp-json\/wp\/v2\/product"}],"about":[{"href":"https:\/\/metlaninst.com\/de\/wp-json\/wp\/v2\/types\/product"}],"version-history":[{"count":3,"href":"https:\/\/metlaninst.com\/de\/wp-json\/wp\/v2\/product\/26697\/revisions"}],"predecessor-version":[{"id":27067,"href":"https:\/\/metlaninst.com\/de\/wp-json\/wp\/v2\/product\/26697\/revisions\/27067"}],"wp:featuredmedia":[{"embeddable":true,"href":"https:\/\/metlaninst.com\/de\/wp-json\/wp\/v2\/media\/26788"}],"wp:attachment":[{"href":"https:\/\/metlaninst.com\/de\/wp-json\/wp\/v2\/media?parent=26697"}],"wp:term":[{"taxonomy":"product_brand","embeddable":true,"href":"https:\/\/metlaninst.com\/de\/wp-json\/wp\/v2\/product_brand?post=26697"},{"taxonomy":"product_cat","embeddable":true,"href":"https:\/\/metlaninst.com\/de\/wp-json\/wp\/v2\/product_cat?post=26697"},{"taxonomy":"product_tag","embeddable":true,"href":"https:\/\/metlaninst.com\/de\/wp-json\/wp\/v2\/product_tag?post=26697"}],"curies":[{"name":"wp","href":"https:\/\/api.w.org\/{rel}","templated":true}]}}