{"id":26700,"date":"2025-04-19T03:35:25","date_gmt":"2025-04-19T03:35:25","guid":{"rendered":"https:\/\/www.metlaninst.com\/?post_type=product&#038;p=26700"},"modified":"2025-09-12T14:41:34","modified_gmt":"2025-09-12T14:41:34","slug":"coriolis-massendurchflussmesser-regler-mtl20fe","status":"publish","type":"product","link":"https:\/\/metlaninst.com\/de\/p\/coriolis-massendurchflussmesser-regler-mtl20fe\/","title":{"rendered":"Coriolis-Massedurchflussmesser\/-regler MTL20FE"},"content":{"rendered":"<div class=\"e-con-inner\">\n<div class=\"elementor-element e-con-full e-flex e-con e-child\">\n<div class=\"elementor-widget-container\">\n<h3 class=\"elementor-heading-title elementor-size-default\">Merkmale:<\/h3>\n<\/div>\n<div class=\"elementor-widget-container\">\n<ol>\n<li data-zone-id=\"0\" data-line-index=\"0\" data-line=\"true\">Konzipiert f\u00fcr die Messung von Gasen und Fl\u00fcssigkeiten mit geringem Durchfluss.<\/li>\n<li data-zone-id=\"0\" data-line-index=\"0\" data-line=\"true\">Hohe Pr\u00e4zision, gute Wiederholbarkeit. F\u00fcr Fl\u00fcssigkeiten kann die Messgenauigkeit \u00b1 0,25% erreichen; f\u00fcr Gase kann die Messgenauigkeit \u00b1 0,5% erreichen.<\/li>\n<li data-zone-id=\"0\" data-line-index=\"0\" data-line=\"true\">Hohe Zuverl\u00e4ssigkeit und Stabilit\u00e4t, die auch extremen Umweltbedingungen standhalten: Das Produkt bietet selbst in vibrationsanf\u00e4lligen Umgebungen eine konstante Leistung. Bei zuf\u00e4lligen physischen St\u00f6rungen wie St\u00f6\u00dfen oder Kollisionen stellt das System automatisch innerhalb von 400 Millisekunden eine stabile Messung wieder her.<\/li>\n<li data-zone-id=\"0\" data-line-index=\"0\" data-line=\"true\">Es kann Fl\u00fcssigkeiten mit hoher Viskosit\u00e4t und Gase mit hoher Dichte messen: MTL20FE misst eine breite Palette von Fl\u00fcssigkeiten, wie z. B.<br \/>\nSchmier\u00f6l, fl\u00fcssiger Stickstoff und andere Fl\u00fcssigkeiten mit hoher Dichte k\u00f6nnen ebenfalls genau gemessen werden.<\/li>\n<li data-zone-id=\"0\" data-line-index=\"0\" data-line=\"true\">Turn Down Ratio: 50:1 f\u00fcr digitale Massendurchflussregler; 100:1 f\u00fcr digitale Massendurchflussmesser.<\/li>\n<li data-zone-id=\"0\" data-line-index=\"0\" data-line=\"true\">Ansprechzeit: Massendurchflussregler&lt;0,2s; Massendurchflussmesser &lt;0,1s<\/li>\n<li data-zone-id=\"0\" data-line-index=\"0\" data-line=\"true\">Integrierter PID-Regler zur Regelung der Durchflussmenge.<\/li>\n<li data-zone-id=\"0\" data-line-index=\"0\" data-line=\"true\">Direkte Messung des Massendurchflusses, automatische Temperaturkompensation.<\/li>\n<li data-zone-id=\"0\" data-line-index=\"0\" data-line=\"true\">Ber\u00fchrbarer Bildschirm.<\/li>\n<li data-zone-id=\"0\" data-line-index=\"0\" data-line=\"true\">Kein Vorheizen erforderlich, keine Reaktionsverz\u00f6gerung w\u00e4hrend der Messung.<\/li>\n<li data-zone-id=\"0\" data-line-index=\"0\" data-line=\"true\">F\u00fcr die LCD-Anzeige stehen Englisch, Spanisch, Franz\u00f6sisch und auf Anfrage weitere Sprachen zur Verf\u00fcgung.<\/li>\n<li data-zone-id=\"0\" data-line-index=\"0\" data-line=\"true\">Jeder Durchflussmesser wird kalibriert und erh\u00e4lt eine eindeutige Seriennummer, die alle Kalibrierdaten enth\u00e4lt.<\/li>\n<\/ol>\n<\/div>\n<\/div>\n<div class=\"elementor-element e-con-full e-flex e-con e-child\">\n<div class=\"elementor-widget-container\">\n<h3 class=\"elementor-heading-title elementor-size-default\">Anwendungen:<\/h3>\n<\/div>\n<div class=\"elementor-widget-container\">\n<ul>\n<li><strong>Halbleiterherstellung:<\/strong> Pr\u00e4zise Steuerung von Gas- und Fl\u00fcssigkeitsstr\u00f6men zur Gew\u00e4hrleistung der Genauigkeit bei der Herstellung von Chips.<\/li>\n<li><strong>Lebensmittel- und Getr\u00e4nkeindustrie:<\/strong> Genaue Dosierung von Lebensmittelzusatzstoffen, Aromastoffen und Milchprodukten, um eine gleichbleibende Produktqualit\u00e4t zu gew\u00e4hrleisten.<\/li>\n<li><strong>Wissenschaftliche Forschung:<\/strong> Erm\u00f6glicht exakte Fl\u00fcssigkeitsmessungen f\u00fcr chemische Reaktionen und Rezepturentwicklung.<\/li>\n<li><strong>\u00d6l, Gas und Energie:<\/strong> Optimierung der Flusskontrolle von Reagenzien und Produkten zur Verbesserung der Produktionseffizienz und -qualit\u00e4t.<\/li>\n<li><strong>Umwelt\u00fcberwachung:<\/strong> Zuverl\u00e4ssige Emissionsmessungen f\u00fcr die Kontrolle der Umweltverschmutzung und die Einhaltung von Vorschriften.<\/li>\n<li><strong>Brennstoffzellen-Technologie:<\/strong> Pr\u00e4zise Regulierung des Wasserstoff-Sauerstoff-Durchflussverh\u00e4ltnisses zur Maximierung des Wirkungsgrads und der Lebensdauer der Zelle.<br \/>\nPharmazeutische Produktion: Gew\u00e4hrleistung einer strengen Dosierungskontrolle der Wirkstoffe zur Gew\u00e4hrleistung der Arzneimittelsicherheit und der Chargenkonsistenz.<\/li>\n<\/ul>\n<\/div>\n<\/div>\n<\/div>","protected":false},"excerpt":{"rendered":"<div class=\"short-description-head\">\n<div data-zone-id=\"0\" data-line-index=\"0\" data-line=\"true\">Der Coriolis-Massedurchflussregler\/Durchflussmesser der Serie MTL20FE ist ein hochpr\u00e4zises Instrument, das die fortschrittliche Coriolis-Technologie nutzt, um au\u00dfergew\u00f6hnlich genaue Fl\u00fcssigkeitsmessungen zu liefern, die nicht von den Fl\u00fcssigkeitseigenschaften beeinflusst werden, wodurch es sich ideal f\u00fcr die Messung extrem kleiner Durchflussmengen mit unvergleichlicher Zuverl\u00e4ssigkeit eignet. Durch kontinuierliche technologische Innovationen bietet diese Serie nicht nur eine direkte Massedurchflussmessung, sondern misst gleichzeitig auch die Dichte und Temperatur von Fl\u00fcssigkeiten und bietet zwei Pr\u00e4zisionsstufen: \u00b10,25% Genauigkeit f\u00fcr Fl\u00fcssigkeiten und \u00b10,5% Genauigkeit f\u00fcr Gase. Damit \u00fcbertrifft sie alternative Messtechnologien in Anwendungen, die ein H\u00f6chstma\u00df an Messkonsistenz und Wiederholbarkeit erfordern.<\/div>\n<\/div>","protected":false},"featured_media":26785,"template":"","meta":[],"product_brand":[],"product_cat":[223],"product_tag":[],"class_list":{"0":"post-26700","1":"product","2":"type-product","3":"status-publish","4":"has-post-thumbnail","6":"product_cat-low-flow-mass-flow-meter-controller","8":"first","9":"instock","10":"shipping-taxable","11":"purchasable","12":"product-type-simple"},"_links":{"self":[{"href":"https:\/\/metlaninst.com\/de\/wp-json\/wp\/v2\/product\/26700","targetHints":{"allow":["GET"]}}],"collection":[{"href":"https:\/\/metlaninst.com\/de\/wp-json\/wp\/v2\/product"}],"about":[{"href":"https:\/\/metlaninst.com\/de\/wp-json\/wp\/v2\/types\/product"}],"version-history":[{"count":4,"href":"https:\/\/metlaninst.com\/de\/wp-json\/wp\/v2\/product\/26700\/revisions"}],"predecessor-version":[{"id":26787,"href":"https:\/\/metlaninst.com\/de\/wp-json\/wp\/v2\/product\/26700\/revisions\/26787"}],"wp:featuredmedia":[{"embeddable":true,"href":"https:\/\/metlaninst.com\/de\/wp-json\/wp\/v2\/media\/26785"}],"wp:attachment":[{"href":"https:\/\/metlaninst.com\/de\/wp-json\/wp\/v2\/media?parent=26700"}],"wp:term":[{"taxonomy":"product_brand","embeddable":true,"href":"https:\/\/metlaninst.com\/de\/wp-json\/wp\/v2\/product_brand?post=26700"},{"taxonomy":"product_cat","embeddable":true,"href":"https:\/\/metlaninst.com\/de\/wp-json\/wp\/v2\/product_cat?post=26700"},{"taxonomy":"product_tag","embeddable":true,"href":"https:\/\/metlaninst.com\/de\/wp-json\/wp\/v2\/product_tag?post=26700"}],"curies":[{"name":"wp","href":"https:\/\/api.w.org\/{rel}","templated":true}]}}