{"id":26723,"date":"2024-12-25T08:09:06","date_gmt":"2024-12-25T08:09:06","guid":{"rendered":"https:\/\/www.metlaninst.com\/?post_type=product&#038;p=26723"},"modified":"2025-06-15T12:04:14","modified_gmt":"2025-06-15T12:04:14","slug":"ovalrad-pd-durchflussmesser-mt-lc","status":"publish","type":"product","link":"https:\/\/metlaninst.com\/de\/p\/ovalrad-pd-durchflussmesser-mt-lc\/","title":{"rendered":"Ovalrad-PD-Durchflussmesser MT-LC"},"content":{"rendered":"<div class=\"e-con-inner\">\n<div class=\"elementor-element e-con-full e-flex e-con e-child\">\n<div class=\"elementor-widget-container\">\n<h3 class=\"elementor-heading-title elementor-size-default\">Merkmale:<\/h3>\n<\/div>\n<div class=\"elementor-widget-container\">\n<ol>\n<li data-zone-id=\"0\" data-line-index=\"0\" data-line=\"true\">Sanfter Spiralrotorbetrieb mit minimalen Vibrationen f\u00fcr gleichbleibende Leistung<\/li>\n<li data-zone-id=\"0\" data-line-index=\"0\" data-line=\"true\">Gro\u00dfer Messbereich mit guter Wiederholbarkeit<\/li>\n<li data-zone-id=\"0\" data-line-index=\"0\" data-line=\"true\">Hochpr\u00e4zise Messung mit einer Genauigkeit von bis zu \u00b10,2%<\/li>\n<li data-zone-id=\"0\" data-line-index=\"0\" data-line=\"true\">Unempfindlich gegen\u00fcber Viskosit\u00e4ts\u00e4nderungen<\/li>\n<li data-zone-id=\"0\" data-line-index=\"0\" data-line=\"true\">Optimiert f\u00fcr die Messung von Fl\u00fcssigkeiten mit h\u00f6herer Viskosit\u00e4t<\/li>\n<li data-zone-id=\"0\" data-line-index=\"0\" data-line=\"true\">Einfache Installation, ohne dass gerade Rohre verlegt werden m\u00fcssen<\/li>\n<li data-zone-id=\"0\" data-line-index=\"0\" data-line=\"true\">Auch in kundenspezifischen Konstruktionen erh\u00e4ltlich<\/li>\n<li data-zone-id=\"0\" data-line-index=\"0\" data-line=\"true\">F\u00fcr die LCD-Anzeige stehen Englisch, Spanisch, Franz\u00f6sisch und auf Anfrage weitere Sprachen zur Verf\u00fcgung.<\/li>\n<li data-zone-id=\"0\" data-line-index=\"0\" data-line=\"true\">Jeder Durchflussmesser wird kalibriert und erh\u00e4lt eine eindeutige Seriennummer, die alle Kalibrierdaten enth\u00e4lt.<\/li>\n<\/ol>\n<\/div>\n<\/div>\n<div class=\"elementor-element e-con-full e-flex e-con e-child\">\n<div class=\"elementor-widget-container\">\n<h3 class=\"elementor-heading-title elementor-size-default\">Anwendungen:<\/h3>\n<\/div>\n<div class=\"elementor-widget-container\">\n<ul>\n<li data-zone-id=\"0\" data-line-index=\"0\" data-line=\"true\">Bergbauindustrie<\/li>\n<li data-zone-id=\"0\" data-line-index=\"0\" data-line=\"true\">Mittleres und kleines \u00d6ldepot<\/li>\n<li data-zone-id=\"0\" data-line-index=\"0\" data-line=\"true\">Werft<\/li>\n<li data-zone-id=\"0\" data-line-index=\"0\" data-line=\"true\">\u00d6l-Lagerhaus<\/li>\n<li data-zone-id=\"0\" data-line-index=\"0\" data-line=\"true\">Dieselkraftstoff<\/li>\n<li data-zone-id=\"0\" data-line-index=\"0\" data-line=\"true\">Roh\u00f6l<\/li>\n<li data-zone-id=\"0\" data-line-index=\"0\" data-line=\"true\">Benzin<\/li>\n<\/ul>\n<\/div>\n<\/div>\n<\/div>","protected":false},"excerpt":{"rendered":"<div class=\"short-description-head\">\n<div data-zone-id=\"0\" data-line-index=\"0\" data-line=\"true\">Der PD-Durchflussmesser der Serie MT-LC mit ovalem Zahnradgetriebe bietet optional intelligente elektronische Z\u00e4hler, die sowohl den akkumulierten Gesamtdurchfluss als auch die momentanen Durchflussraten direkt ablesen k\u00f6nnen. Wenn er an eine externe Stromquelle angeschlossen ist, kann er Impuls- und Stromsignale ausgeben und unterst\u00fctzt au\u00dferdem die Kommunikationsprotokolle HART und RS485. F\u00fcr einfachere Anwendungen ist ein optionaler mechanischer Z\u00e4hler erh\u00e4ltlich, der das gesamte Fl\u00fcssigkeitsvolumen, das durch die Rohrleitung flie\u00dft, direkt anzeigt. Diese Durchflussmesser sind f\u00fcr verschiedene Fl\u00fcssigkeiten wie Diesel, S\u00e4uren, Laugen, Salzl\u00f6sungen und organische Verbindungen geeignet und werden in verschiedenen Materialoptionen wie Gusseisen, Stahlguss, Aluminiumlegierungen und Edelstahl angeboten, um den unterschiedlichen Anforderungen an das Medium gerecht zu werden.<\/div>\n<\/div>","protected":false},"featured_media":26724,"template":"","meta":[],"product_brand":[],"product_cat":[209,166,165],"product_tag":[],"class_list":{"0":"post-26723","1":"product","2":"type-product","3":"status-publish","4":"has-post-thumbnail","6":"product_cat-positive-displacement-flow-meters","7":"product_cat-liquid-flow-meters","8":"product_cat-oil-flow-meters","10":"first","11":"instock","12":"shipping-taxable","13":"purchasable","14":"product-type-simple"},"_links":{"self":[{"href":"https:\/\/metlaninst.com\/de\/wp-json\/wp\/v2\/product\/26723","targetHints":{"allow":["GET"]}}],"collection":[{"href":"https:\/\/metlaninst.com\/de\/wp-json\/wp\/v2\/product"}],"about":[{"href":"https:\/\/metlaninst.com\/de\/wp-json\/wp\/v2\/types\/product"}],"version-history":[{"count":1,"href":"https:\/\/metlaninst.com\/de\/wp-json\/wp\/v2\/product\/26723\/revisions"}],"predecessor-version":[{"id":26728,"href":"https:\/\/metlaninst.com\/de\/wp-json\/wp\/v2\/product\/26723\/revisions\/26728"}],"wp:featuredmedia":[{"embeddable":true,"href":"https:\/\/metlaninst.com\/de\/wp-json\/wp\/v2\/media\/26724"}],"wp:attachment":[{"href":"https:\/\/metlaninst.com\/de\/wp-json\/wp\/v2\/media?parent=26723"}],"wp:term":[{"taxonomy":"product_brand","embeddable":true,"href":"https:\/\/metlaninst.com\/de\/wp-json\/wp\/v2\/product_brand?post=26723"},{"taxonomy":"product_cat","embeddable":true,"href":"https:\/\/metlaninst.com\/de\/wp-json\/wp\/v2\/product_cat?post=26723"},{"taxonomy":"product_tag","embeddable":true,"href":"https:\/\/metlaninst.com\/de\/wp-json\/wp\/v2\/product_tag?post=26723"}],"curies":[{"name":"wp","href":"https:\/\/api.w.org\/{rel}","templated":true}]}}