{"id":26730,"date":"2024-12-26T08:21:44","date_gmt":"2024-12-26T08:21:44","guid":{"rendered":"https:\/\/www.metlaninst.com\/?post_type=product&#038;p=26730"},"modified":"2025-06-24T08:01:31","modified_gmt":"2025-06-24T08:01:31","slug":"verdrangungszahnrad-durchflussmesser-mit-niedrigem-durchfluss-mt-gf","status":"publish","type":"product","link":"https:\/\/metlaninst.com\/de\/p\/verdrangungszahnrad-durchflussmesser-mit-niedrigem-durchfluss-mt-gf\/","title":{"rendered":"Zahnrad-Durchflussmesser mit niedrigem Durchfluss und positivem Verdr\u00e4ngungsvolumen MT-GF"},"content":{"rendered":"<div class=\"e-con-inner\">\n<div class=\"elementor-element e-con-full e-flex e-con e-child\">\n<div class=\"elementor-widget-container\">\n<h3 class=\"elementor-heading-title elementor-size-default\">Merkmale:<\/h3>\n<\/div>\n<div class=\"elementor-widget-container\">\n<ol>\n<li data-zone-id=\"0\" data-line-index=\"0\" data-line=\"true\">Geeignet f\u00fcr die Messung hochkorrosiver Medien wie Schwefels\u00e4ure, Flusss\u00e4ure und anderer aggressiver Chemikalien<\/li>\n<li data-zone-id=\"0\" data-line-index=\"0\" data-line=\"true\">Konzipiert f\u00fcr die Messung von Fl\u00fcssigkeiten mit hoher Viskosit\u00e4t, die auch schwierige Medien wie Sirup, geschmolzenen Asphalt und Honig mit zuverl\u00e4ssiger Genauigkeit verarbeiten<\/li>\n<li data-zone-id=\"0\" data-line-index=\"0\" data-line=\"true\">Hochpr\u00e4zise Messung mit einer Genauigkeit von bis zu \u00b10,5%<\/li>\n<li data-zone-id=\"0\" data-line-index=\"0\" data-line=\"true\">150:1 breites Turndown-Verh\u00e4ltnis<\/li>\n<li data-zone-id=\"0\" data-line-index=\"0\" data-line=\"true\">Konzipiert f\u00fcr Fl\u00fcssigkeiten mit geringem Durchfluss ab 0,6 l\/h<\/li>\n<li data-zone-id=\"0\" data-line-index=\"0\" data-line=\"true\">Auch in kundenspezifischen Konstruktionen erh\u00e4ltlich<\/li>\n<li data-zone-id=\"0\" data-line-index=\"0\" data-line=\"true\">F\u00fcr die LCD-Anzeige stehen Englisch, Spanisch, Franz\u00f6sisch und auf Anfrage weitere Sprachen zur Verf\u00fcgung.<\/li>\n<li data-zone-id=\"0\" data-line-index=\"0\" data-line=\"true\">Jeder Durchflussmesser wird kalibriert und erh\u00e4lt eine eindeutige Seriennummer, die alle Kalibrierdaten enth\u00e4lt.<\/li>\n<\/ol>\n<\/div>\n<\/div>\n<div class=\"elementor-element e-con-full e-flex e-con e-child\">\n<div class=\"elementor-widget-container\">\n<h3 class=\"elementor-heading-title elementor-size-default\">Anwendungen:<\/h3>\n<\/div>\n<div class=\"elementor-widget-container\">\n<ul>\n<li><strong>\u00d6l- und Gasindustrie<\/strong><\/li>\n<\/ul>\n<p><strong>Brennstoffe:<\/strong> Benzin, Diesel, Schwer\u00f6l f\u00fcr die Schifffahrt, Heiz\u00f6l<br \/>\n<strong>Schmiermittel:<\/strong> Getriebe\u00f6l, Hydraulik\u00f6le<br \/>\n<strong>Sonstiges: <\/strong>Harze, Asphalt<\/p>\n<ul>\n<li><strong> Chemische Produktion<\/strong><\/li>\n<\/ul>\n<p><strong>\u00c4tzende Medien: <\/strong>Essigs\u00e4ure, \u00c4tzalkali, Kaliumhydroxid<br \/>\n<strong>Reine Medien:<\/strong> Entionisiertes Wasser<\/p>\n<ul>\n<li><strong>Lebensmittel- und Getr\u00e4nkeindustrie<\/strong><\/li>\n<\/ul>\n<p><strong>S\u00fc\u00dfstoffe:<\/strong> Zuckerl\u00f6sungen, Sirupe, Honig, Schokolade<br \/>\n<strong>Fl\u00fcssig:<\/strong> Fruchts\u00e4fte, Alkohol, Ethanol, So\u00dfen<br \/>\n<strong>Molkerei:<\/strong> Milch, Sahne, Joghurt<\/p>\n<ul>\n<li><strong>Pharmazeutische und kosmetische Produkte<\/strong><\/li>\n<\/ul>\n<p><strong>Pharmazeutisch:<\/strong> Alkohol, medizinische Sirupe, Glycerin<br \/>\n<strong>Kosmetika:<\/strong> Shampoos, Gele, Parf\u00fcms, Cremes<\/p>\n<ul>\n<li><strong>Wasser- und Abwasseraufbereitung<\/strong><\/li>\n<\/ul>\n<p>Behandlungschemikalien, Fluoride, S\u00e4uren<\/p>\n<ul>\n<li><strong>Industrielle Fertigung<\/strong><\/li>\n<\/ul>\n<p><strong>Zellstoff und Papier:<\/strong> Wachs\u00fcberz\u00fcge, Farbstoffe, Oberfl\u00e4chenbehandlungsmittel<br \/>\n<strong>Drucken:<\/strong> Druckfarben, L\u00f6sungsmittel<br \/>\n<strong>Automobilindustrie:<\/strong> Getriebefl\u00fcssigkeiten, Ethylenglykol, K\u00e4ltemittel f\u00fcr Klimaanlagen<br \/>\n<strong>Textil:<\/strong> Farbstoffe, Bleichmittel, Verarbeitungschemikalien<br \/>\n<strong>Streichen:<\/strong> Farben auf Latexbasis, L\u00f6sungsmittel, Lacke<br \/>\n<strong>Schiffbau:<\/strong> Schmier\u00f6le, Schiffskraftstoffe<br \/>\n<strong>Bergbau:<\/strong> Schwerlastschmierstoffe, Hydraulik\u00f6le<\/p>\n<ul>\n<li><strong>Spezialanwendungen<\/strong><\/li>\n<\/ul>\n<p><strong>Klebstoffe:<\/strong> Klebstoffe, Epoxidharze<br \/>\n<strong>Beschichtungen:<\/strong> Schutzfolien, Versiegelung<\/p>\n<\/div>\n<\/div>\n<\/div>","protected":false},"excerpt":{"rendered":"<div class=\"short-description-head\">\n<div data-zone-id=\"0\" data-line-index=\"0\" data-line=\"true\">Der Zahnrad-Durchflussmesser arbeitet nach einem einfachen, aber sehr effektiven mechanischen Prinzip. Er verf\u00fcgt \u00fcber zwei pr\u00e4zise gefertigte Rotoren mit integrierter Zahnradverzahnung entlang ihres Umfangs, die sich in einer hochtoleranten Messkammer synchron gegenl\u00e4ufig drehen. Er kann hochkorrosive und hochviskose Fl\u00fcssigkeiten mit einer Genauigkeit von bis zu \u00b10,5% messen.<\/div>\n<\/div>","protected":false},"featured_media":26731,"template":"","meta":[],"product_brand":[],"product_cat":[209,166,165],"product_tag":[],"class_list":{"0":"post-26730","1":"product","2":"type-product","3":"status-publish","4":"has-post-thumbnail","6":"product_cat-positive-displacement-flow-meters","7":"product_cat-liquid-flow-meters","8":"product_cat-oil-flow-meters","10":"first","11":"instock","12":"shipping-taxable","13":"purchasable","14":"product-type-simple"},"_links":{"self":[{"href":"https:\/\/metlaninst.com\/de\/wp-json\/wp\/v2\/product\/26730","targetHints":{"allow":["GET"]}}],"collection":[{"href":"https:\/\/metlaninst.com\/de\/wp-json\/wp\/v2\/product"}],"about":[{"href":"https:\/\/metlaninst.com\/de\/wp-json\/wp\/v2\/types\/product"}],"version-history":[{"count":3,"href":"https:\/\/metlaninst.com\/de\/wp-json\/wp\/v2\/product\/26730\/revisions"}],"predecessor-version":[{"id":26737,"href":"https:\/\/metlaninst.com\/de\/wp-json\/wp\/v2\/product\/26730\/revisions\/26737"}],"wp:featuredmedia":[{"embeddable":true,"href":"https:\/\/metlaninst.com\/de\/wp-json\/wp\/v2\/media\/26731"}],"wp:attachment":[{"href":"https:\/\/metlaninst.com\/de\/wp-json\/wp\/v2\/media?parent=26730"}],"wp:term":[{"taxonomy":"product_brand","embeddable":true,"href":"https:\/\/metlaninst.com\/de\/wp-json\/wp\/v2\/product_brand?post=26730"},{"taxonomy":"product_cat","embeddable":true,"href":"https:\/\/metlaninst.com\/de\/wp-json\/wp\/v2\/product_cat?post=26730"},{"taxonomy":"product_tag","embeddable":true,"href":"https:\/\/metlaninst.com\/de\/wp-json\/wp\/v2\/product_tag?post=26730"}],"curies":[{"name":"wp","href":"https:\/\/api.w.org\/{rel}","templated":true}]}}