{"id":27060,"date":"2024-12-26T08:31:36","date_gmt":"2024-12-26T08:31:36","guid":{"rendered":"https:\/\/metlaninst.com\/?post_type=product&#038;p=27060"},"modified":"2025-06-24T07:57:15","modified_gmt":"2025-06-24T07:57:15","slug":"mechanischer-verdrangungsdurchflussmesser-der-serie-m","status":"publish","type":"product","link":"https:\/\/metlaninst.com\/de\/p\/mechanischer-verdrangungsdurchflussmesser-der-serie-m\/","title":{"rendered":"Mechanischer Verdr\u00e4ngungsdurchflussmesser der Serie M"},"content":{"rendered":"<div class=\"e-con-inner\">\n<div class=\"elementor-element e-con-full e-flex e-con e-child\">\n<div class=\"elementor-widget-container\">\n<h3 class=\"elementor-heading-title elementor-size-default\">Merkmale:<\/h3>\n<\/div>\n<div class=\"elementor-widget-container\">\n<ol>\n<li data-zone-id=\"0\" data-line-index=\"0\" data-line=\"true\">Hohe Genauigkeit bis zu \u00b10,2 %, gute Wiederholbarkeit \u22640,05%.<\/li>\n<li data-zone-id=\"0\" data-line-index=\"0\" data-line=\"true\">Ein hervorragender stufenloser Einstellmechanismus erm\u00f6glicht eine Feineinstellung des Messger\u00e4ts.<\/li>\n<li data-zone-id=\"0\" data-line-index=\"0\" data-line=\"true\">Geringer Wartungsaufwand, kein Metall-auf-Metall-Kontakt in der Messkammer, lange Lebensdauer.<\/li>\n<li data-zone-id=\"0\" data-line-index=\"0\" data-line=\"true\">Geringer Druckverlust, ein echter Schwerkraft-Durchflussmesser.<\/li>\n<li data-zone-id=\"0\" data-line-index=\"0\" data-line=\"true\">Die Genauigkeit wird durch Druckschwankungen, thermische Schwankungen oder \u00c4nderungen der Fl\u00fcssigkeitsviskosit\u00e4t nicht beeintr\u00e4chtigt.<\/li>\n<\/ol>\n<\/div>\n<\/div>\n<div class=\"elementor-element e-con-full e-flex e-con e-child\">\n<div class=\"elementor-widget-container\">\n<h3 class=\"elementor-heading-title elementor-size-default\">Anwendungen:<\/h3>\n<\/div>\n<div class=\"elementor-widget-container\">\n<ul>\n<li data-zone-id=\"0\" data-line-index=\"0\" data-line=\"true\">Raffinierte Erd\u00f6lerzeugnisse;<\/li>\n<li data-zone-id=\"0\" data-line-index=\"0\" data-line=\"true\">Flugbenzin und D\u00fcsentreibstoffe;<\/li>\n<li data-zone-id=\"0\" data-line-index=\"0\" data-line=\"true\">Eine breite Palette von Produkten wie Fl\u00fcssigzucker, Maissirup, Maiss\u00fc\u00dfe, Dextrose, Fruktose, Saccharose, Maltose, Laktose, Mais\u00f6l, Soja\u00f6l, Baumwollsamen\u00f6l, Kokos\u00f6l;<\/li>\n<li data-zone-id=\"0\" data-line-index=\"0\" data-line=\"true\">Aufbereitetes Wasser (deionisiert, demineralisiert und trinkbar);<\/li>\n<li data-zone-id=\"0\" data-line-index=\"0\" data-line=\"true\">Chlorierte L\u00f6sungsmittel und allgemeine L\u00f6sungsmitteldosierung;<\/li>\n<li data-zone-id=\"0\" data-line-index=\"0\" data-line=\"true\">Saure pH-Fl\u00fcssigkeiten;<\/li>\n<li data-zone-id=\"0\" data-line-index=\"0\" data-line=\"true\">Fl\u00fcssiggas (LPG);<\/li>\n<li data-zone-id=\"0\" data-line-index=\"0\" data-line=\"true\">Roh\u00f6l, auch f\u00fcr erhitzte und\/oder z\u00e4hfl\u00fcssige Fl\u00fcssigkeiten;<\/li>\n<li data-zone-id=\"0\" data-line-index=\"0\" data-line=\"true\">Latexprodukte auf \u00d6l- oder Wasserbasis, Polyesterharze und Klebstoffe (neutraler pH-Wert), auch zur Dosierung von Herbiziden und Stickstoffd\u00fcngerl\u00f6sungen;<\/li>\n<li data-zone-id=\"0\" data-line-index=\"0\" data-line=\"true\">Herbizid;<\/li>\n<li data-zone-id=\"0\" data-line-index=\"0\" data-line=\"true\">Natriumhydroxid (Lauge), Roh\u00f6l mit hohem Schwefelgehalt (LACT und NOD) und andere alkalische pH-Fl\u00fcssigkeiten;<\/li>\n<li data-zone-id=\"0\" data-line-index=\"0\" data-line=\"true\">Scheuernde Fl\u00fcssigkeiten.<\/li>\n<\/ul>\n<\/div>\n<\/div>\n<\/div>","protected":false},"excerpt":{"rendered":"<div class=\"short-description-head\">\n<div data-zone-id=\"0\" data-line-index=\"0\" data-line=\"true\">Die\u00a0<strong>Metlan M-Serie Verdr\u00e4ngungsdurchflussmesser<\/strong>\u00a0liefert\u00a0<strong>hohe Genauigkeit (\u00b10,2%) und gute Wiederholbarkeit (\u22640,05%)<\/strong> \u00fcber weite Viskosit\u00e4tsbereiche (30SSU-1.500.000SSU) und ist damit ideal f\u00fcr Erd\u00f6l, Fl\u00fcssiggas und hochviskose Fl\u00fcssigkeiten. Sein stufenloser Mikro-Einstellmechanismus gew\u00e4hrleistet eine pr\u00e4zise Durchflussregelung, w\u00e4hrend die ber\u00fchrungslose Messkammer eine lange Lebensdauer bei minimalem Wartungsaufwand garantiert.<\/div>\n<\/div>","protected":false},"featured_media":27061,"template":"","meta":[],"product_brand":[],"product_cat":[209,166,165],"product_tag":[],"class_list":{"0":"post-27060","1":"product","2":"type-product","3":"status-publish","4":"has-post-thumbnail","6":"product_cat-positive-displacement-flow-meters","7":"product_cat-liquid-flow-meters","8":"product_cat-oil-flow-meters","10":"first","11":"instock","12":"shipping-taxable","13":"purchasable","14":"product-type-simple"},"_links":{"self":[{"href":"https:\/\/metlaninst.com\/de\/wp-json\/wp\/v2\/product\/27060","targetHints":{"allow":["GET"]}}],"collection":[{"href":"https:\/\/metlaninst.com\/de\/wp-json\/wp\/v2\/product"}],"about":[{"href":"https:\/\/metlaninst.com\/de\/wp-json\/wp\/v2\/types\/product"}],"version-history":[{"count":1,"href":"https:\/\/metlaninst.com\/de\/wp-json\/wp\/v2\/product\/27060\/revisions"}],"predecessor-version":[{"id":27062,"href":"https:\/\/metlaninst.com\/de\/wp-json\/wp\/v2\/product\/27060\/revisions\/27062"}],"wp:featuredmedia":[{"embeddable":true,"href":"https:\/\/metlaninst.com\/de\/wp-json\/wp\/v2\/media\/27061"}],"wp:attachment":[{"href":"https:\/\/metlaninst.com\/de\/wp-json\/wp\/v2\/media?parent=27060"}],"wp:term":[{"taxonomy":"product_brand","embeddable":true,"href":"https:\/\/metlaninst.com\/de\/wp-json\/wp\/v2\/product_brand?post=27060"},{"taxonomy":"product_cat","embeddable":true,"href":"https:\/\/metlaninst.com\/de\/wp-json\/wp\/v2\/product_cat?post=27060"},{"taxonomy":"product_tag","embeddable":true,"href":"https:\/\/metlaninst.com\/de\/wp-json\/wp\/v2\/product_tag?post=27060"}],"curies":[{"name":"wp","href":"https:\/\/api.w.org\/{rel}","templated":true}]}}