{"id":22729,"date":"2024-12-27T04:26:45","date_gmt":"2024-12-27T04:26:45","guid":{"rendered":"https:\/\/www.metlaninst.com\/?post_type=product&#038;p=22729"},"modified":"2025-02-02T03:53:39","modified_gmt":"2025-02-02T03:53:39","slug":"caudalimetro-magnetico-para-agua-y-aguas-residuales-mtf-w","status":"publish","type":"product","link":"https:\/\/metlaninst.com\/es\/p\/caudalimetro-magnetico-para-agua-y-aguas-residuales-mtf-w\/","title":{"rendered":"Caudal\u00edmetro magn\u00e9tico para agua y aguas residuales (MTF-W)"},"content":{"rendered":"<div class=\"e-con-inner\">\n<div class=\"elementor-element e-con-full e-flex e-con e-child\">\n<div class=\"elementor-widget-container\">\n<h3 class=\"elementor-heading-title elementor-size-default\">Caracter\u00edsticas:<\/h3>\n<\/div>\n<div class=\"elementor-widget-container\">\n<ol class=\"product-description-list\">\n<li>Revestimiento de PU, neopreno o PTFE: excelente resistencia qu\u00edmica<\/li>\n<li>Amplia gama de materiales para electrodos<\/li>\n<li>Los colores y el aspecto pueden personalizarse seg\u00fan se solicite<\/li>\n<li>Tambi\u00e9n disponible en construcciones espec\u00edficas para el cliente<\/li>\n<li>Sin piezas m\u00f3viles, sin desgaste, sin p\u00e9rdida de presi\u00f3n<\/li>\n<li>Medici\u00f3n fiable con precisi\u00f3n constante<\/li>\n<li>El principio de medici\u00f3n es pr\u00e1cticamente independiente de la presi\u00f3n, la densidad, la temperatura y la viscosidad<\/li>\n<li>La pantalla LCD est\u00e1 disponible en ingl\u00e9s, espa\u00f1ol, franc\u00e9s y otros idiomas previa petici\u00f3n.<\/li>\n<li>Cada caudal\u00edmetro se calibra y se le asigna un n\u00famero de serie \u00fanico que corresponde a todos los datos de calibraci\u00f3n.<\/li>\n<li>Disponible con versi\u00f3n compacta o remota del transmisor.<\/li>\n<\/ol>\n<\/div>\n<\/div>\n<div class=\"elementor-element e-con-full e-flex e-con e-child\">\n<div class=\"elementor-widget-container\">\n<h3 class=\"elementor-heading-title elementor-size-default\">Aplicaciones:<\/h3>\n<\/div>\n<div class=\"elementor-widget-container\">\n<h5 class=\"first\">General<\/h5>\n<ul class=\"product-description-list\">\n<li style=\"list-style-type: none;\">\n<ul class=\"product-description-list\">\n<li>Todas las aplicaciones sencillas de agua y aguas residuales<\/li>\n<\/ul>\n<\/li>\n<\/ul>\n<h5>Industria del agua y las aguas residuales<\/h5>\n<ul class=\"product-description-list\">\n<li>Abstracci\u00f3n e irrigaci\u00f3n<\/li>\n<li>Supervisi\u00f3n de las redes de distribuci\u00f3n<\/li>\n<li>Sistemas de circulaci\u00f3n y tratamiento del agua<\/li>\n<li>Depuraci\u00f3n y desalinizaci\u00f3n del agua<\/li>\n<\/ul>\n<\/div>\n<\/div>\n<\/div>","protected":false},"excerpt":{"rendered":"<div class=\"short-description-head\">Este caudal\u00edmetro electromagn\u00e9tico es ideal para aplicaciones b\u00e1sicas de agua y aguas residuales, con una amplia gama de di\u00e1metros y materiales de revestimiento resistentes al desgaste. La versi\u00f3n con clasificaci\u00f3n IP68 permite la instalaci\u00f3n en c\u00e1maras de medici\u00f3n expuestas a inundaciones.<\/div>","protected":false},"featured_media":23251,"template":"","meta":[],"product_brand":[],"product_cat":[118,166,163],"product_tag":[],"class_list":{"0":"post-22729","1":"product","2":"type-product","3":"status-publish","4":"has-post-thumbnail","6":"product_cat-magnetic-flow-meters","7":"product_cat-liquid-flow-meters","8":"product_cat-water-flow-meters","10":"first","11":"instock","12":"shipping-taxable","13":"purchasable","14":"product-type-simple"},"_links":{"self":[{"href":"https:\/\/metlaninst.com\/es\/wp-json\/wp\/v2\/product\/22729","targetHints":{"allow":["GET"]}}],"collection":[{"href":"https:\/\/metlaninst.com\/es\/wp-json\/wp\/v2\/product"}],"about":[{"href":"https:\/\/metlaninst.com\/es\/wp-json\/wp\/v2\/types\/product"}],"version-history":[{"count":22,"href":"https:\/\/metlaninst.com\/es\/wp-json\/wp\/v2\/product\/22729\/revisions"}],"predecessor-version":[{"id":26147,"href":"https:\/\/metlaninst.com\/es\/wp-json\/wp\/v2\/product\/22729\/revisions\/26147"}],"wp:featuredmedia":[{"embeddable":true,"href":"https:\/\/metlaninst.com\/es\/wp-json\/wp\/v2\/media\/23251"}],"wp:attachment":[{"href":"https:\/\/metlaninst.com\/es\/wp-json\/wp\/v2\/media?parent=22729"}],"wp:term":[{"taxonomy":"product_brand","embeddable":true,"href":"https:\/\/metlaninst.com\/es\/wp-json\/wp\/v2\/product_brand?post=22729"},{"taxonomy":"product_cat","embeddable":true,"href":"https:\/\/metlaninst.com\/es\/wp-json\/wp\/v2\/product_cat?post=22729"},{"taxonomy":"product_tag","embeddable":true,"href":"https:\/\/metlaninst.com\/es\/wp-json\/wp\/v2\/product_tag?post=22729"}],"curies":[{"name":"wp","href":"https:\/\/api.w.org\/{rel}","templated":true}]}}