{"id":23193,"date":"2024-10-18T07:18:42","date_gmt":"2024-10-18T07:18:42","guid":{"rendered":"https:\/\/www.metlaninst.com\/?post_type=product&#038;p=23193"},"modified":"2025-02-02T04:03:42","modified_gmt":"2025-02-02T04:03:42","slug":"caudalimetro-electromagnetico-para-purines-mtf-s","status":"publish","type":"product","link":"https:\/\/metlaninst.com\/es\/p\/caudalimetro-electromagnetico-para-purines-mtf-s\/","title":{"rendered":"Caudal\u00edmetro electromagn\u00e9tico para purines (MTF-S)"},"content":{"rendered":"<div class=\"e-con-inner\">\n<div class=\"elementor-element e-con-full e-flex e-con e-child\">\n<div class=\"elementor-widget-container\">\n<h3 class=\"elementor-heading-title elementor-size-default\">Caracter\u00edsticas:<\/h3>\n<\/div>\n<div class=\"elementor-widget-container\">\n<ol class=\"product-description-list\">\n<li>Revestimiento de PU, PFA, ETFE o FEP: excelente resistencia qu\u00edmica y a la abrasi\u00f3n<\/li>\n<li>Amplia gama de materiales para electrodos<\/li>\n<li>Los colores y el aspecto pueden personalizarse seg\u00fan se solicite<\/li>\n<li>Tambi\u00e9n disponible en construcciones espec\u00edficas para el cliente<\/li>\n<li>Sin piezas m\u00f3viles, sin desgaste, sin p\u00e9rdida de presi\u00f3n<\/li>\n<li>Medici\u00f3n fiable con precisi\u00f3n constante<\/li>\n<li>El principio de medici\u00f3n es pr\u00e1cticamente independiente de la presi\u00f3n, la densidad, la temperatura y la viscosidad<\/li>\n<li>La pantalla LCD est\u00e1 disponible en ingl\u00e9s, espa\u00f1ol, franc\u00e9s y otros idiomas previa petici\u00f3n.<\/li>\n<li>Cada caudal\u00edmetro se calibra y se le asigna un n\u00famero de serie \u00fanico que corresponde a todos los datos de calibraci\u00f3n.<\/li>\n<li>Disponible con versi\u00f3n compacta o remota del transmisor.<\/li>\n<\/ol>\n<\/div>\n<\/div>\n<div class=\"elementor-element e-con-full e-flex e-con e-child\">\n<div class=\"elementor-widget-container\">\n<h3 class=\"elementor-heading-title elementor-size-default\">Aplicaciones:<\/h3>\n<\/div>\n<div class=\"elementor-widget-container\">\n<h5 class=\"first\">General<\/h5>\n<ul class=\"product-description-list\">\n<li style=\"list-style-type: none;\">\n<ul class=\"product-description-list\">\n<li>Aplicaciones est\u00e1ndar con l\u00edquidos limpios, agresivos o abrasivos<\/li>\n<\/ul>\n<\/li>\n<\/ul>\n<h5>Industria qu\u00edmica y otras industrias de transformaci\u00f3n<\/h5>\n<ul class=\"product-description-list\">\n<li style=\"list-style-type: none;\">\n<ul class=\"product-description-list\">\n<li>Fluidos qu\u00edmicos conductores<\/li>\n<li>Agua de proceso, agua de refrigeraci\u00f3n<\/li>\n<\/ul>\n<\/li>\n<\/ul>\n<h5>Industria petrolera y del gas<\/h5>\n<ul class=\"product-description-list\">\n<li style=\"list-style-type: none;\">\n<ul class=\"product-description-list\">\n<li>Inyecci\u00f3n de agua (alta presi\u00f3n)<\/li>\n<li>Lodos de perforaci\u00f3n<\/li>\n<li>Agua producida<\/li>\n<\/ul>\n<\/li>\n<\/ul>\n<h5>Minerales e industria minera<\/h5>\n<ul class=\"product-description-list\">\n<li style=\"list-style-type: none;\">\n<ul class=\"product-description-list\">\n<li>L\u00edneas de alimentaci\u00f3n de hidrociclones<\/li>\n<\/ul>\n<\/li>\n<\/ul>\n<h5>Industria papelera<\/h5>\n<ul class=\"product-description-list\">\n<li style=\"list-style-type: none;\">\n<ul class=\"product-description-list\">\n<li>Productos qu\u00edmicos (licor negro, lej\u00eda, etc.)<\/li>\n<\/ul>\n<\/li>\n<\/ul>\n<h5>Industria de aguas residuales<\/h5>\n<ul class=\"product-description-list\">\n<li>Riego<\/li>\n<li>Tratamiento de lodos y aguas residuales<\/li>\n<\/ul>\n<\/div>\n<\/div>\n<\/div>","protected":false},"excerpt":{"rendered":"<div class=\"short-description-head\">El MTF-S es un medidor magn\u00e9tico para una amplia gama de aplicaciones de proceso est\u00e1ndar con l\u00edquidos agresivos y abrasivos, especialmente los lodos. Permite una medici\u00f3n fiable del caudal incluso en condiciones de proceso adversas con temperaturas de hasta +180\u00b0C \/ +356\u00b0F, baja conductividad (\u22655 \u00b5S\/cm) y contenido en s\u00f3lidos.<\/div>","protected":false},"featured_media":23250,"template":"","meta":[],"product_brand":[],"product_cat":[118,166],"product_tag":[],"class_list":{"0":"post-23193","1":"product","2":"type-product","3":"status-publish","4":"has-post-thumbnail","6":"product_cat-magnetic-flow-meters","7":"product_cat-liquid-flow-meters","9":"first","10":"instock","11":"shipping-taxable","12":"purchasable","13":"product-type-simple"},"_links":{"self":[{"href":"https:\/\/metlaninst.com\/es\/wp-json\/wp\/v2\/product\/23193","targetHints":{"allow":["GET"]}}],"collection":[{"href":"https:\/\/metlaninst.com\/es\/wp-json\/wp\/v2\/product"}],"about":[{"href":"https:\/\/metlaninst.com\/es\/wp-json\/wp\/v2\/types\/product"}],"version-history":[{"count":11,"href":"https:\/\/metlaninst.com\/es\/wp-json\/wp\/v2\/product\/23193\/revisions"}],"predecessor-version":[{"id":26157,"href":"https:\/\/metlaninst.com\/es\/wp-json\/wp\/v2\/product\/23193\/revisions\/26157"}],"wp:featuredmedia":[{"embeddable":true,"href":"https:\/\/metlaninst.com\/es\/wp-json\/wp\/v2\/media\/23250"}],"wp:attachment":[{"href":"https:\/\/metlaninst.com\/es\/wp-json\/wp\/v2\/media?parent=23193"}],"wp:term":[{"taxonomy":"product_brand","embeddable":true,"href":"https:\/\/metlaninst.com\/es\/wp-json\/wp\/v2\/product_brand?post=23193"},{"taxonomy":"product_cat","embeddable":true,"href":"https:\/\/metlaninst.com\/es\/wp-json\/wp\/v2\/product_cat?post=23193"},{"taxonomy":"product_tag","embeddable":true,"href":"https:\/\/metlaninst.com\/es\/wp-json\/wp\/v2\/product_tag?post=23193"}],"curies":[{"name":"wp","href":"https:\/\/api.w.org\/{rel}","templated":true}]}}