{"id":23196,"date":"2024-10-17T07:18:59","date_gmt":"2024-10-17T07:18:59","guid":{"rendered":"https:\/\/www.metlaninst.com\/?post_type=product&#038;p=23196"},"modified":"2025-02-02T04:04:37","modified_gmt":"2025-02-02T04:04:37","slug":"caudalimetros-magneticos-sanitarios-mtf-a","status":"publish","type":"product","link":"https:\/\/metlaninst.com\/es\/p\/caudalimetros-magneticos-sanitarios-mtf-a\/","title":{"rendered":"Caudal\u00edmetro magn\u00e9ticos sanitarios (MTF-A)"},"content":{"rendered":"<div class=\"e-con-inner\">\n<div class=\"elementor-element e-con-full e-flex e-con e-child\">\n<div class=\"elementor-widget-container\">\n<h3 class=\"elementor-heading-title elementor-size-default\">Caracter\u00edsticas:<\/h3>\n<\/div>\n<div class=\"elementor-widget-container\">\n<ol class=\"product-description-list\">\n<li>Revestimiento de PFA: certificado para aplicaciones higi\u00e9nicas<\/li>\n<li>Amplia gama de materiales para electrodos<\/li>\n<li>Los colores y el aspecto pueden personalizarse seg\u00fan se solicite<\/li>\n<li>Tambi\u00e9n disponible en construcciones espec\u00edficas para el cliente<\/li>\n<li>Sin piezas m\u00f3viles, sin desgaste, sin p\u00e9rdida de presi\u00f3n<\/li>\n<li>Medici\u00f3n fiable con precisi\u00f3n constante<\/li>\n<li>El principio de medici\u00f3n es pr\u00e1cticamente independiente de la presi\u00f3n, la densidad, la temperatura y la viscosidad<\/li>\n<li>La pantalla LCD est\u00e1 disponible en ingl\u00e9s, espa\u00f1ol, franc\u00e9s y otros idiomas previa petici\u00f3n.<\/li>\n<li>Cada caudal\u00edmetro se calibra y se le asigna un n\u00famero de serie \u00fanico que corresponde a todos los datos de calibraci\u00f3n.<\/li>\n<li>Disponible con versi\u00f3n compacta o remota del transmisor.<\/li>\n<\/ol>\n<\/div>\n<\/div>\n<div class=\"elementor-element e-con-full e-flex e-con e-child\">\n<div class=\"elementor-widget-container\">\n<h3 class=\"elementor-heading-title elementor-size-default\">Aplicaciones:<\/h3>\n<\/div>\n<div class=\"elementor-widget-container\">\n<h5 class=\"first\">General<\/h5>\n<ul class=\"product-description-list\">\n<li style=\"list-style-type: none;\">\n<ul class=\"product-description-list\">\n<li>Aplicaciones higi\u00e9nicas est\u00e1ndar<\/li>\n<li>Para plantas de producci\u00f3n a gran escala con un di\u00e1metro de hasta DN150 \/ 6\u2033 (Otros a petici\u00f3n)<\/li>\n<\/ul>\n<\/li>\n<\/ul>\n<h5>Industria alimentaria<\/h5>\n<ul class=\"product-description-list\">\n<li style=\"list-style-type: none;\">\n<ul class=\"product-description-list\">\n<li>Bebidas (refrescos, cerveza, vino, zumos de frutas, etc.)<\/li>\n<li>Leche y otros productos l\u00e1cteos<\/li>\n<li>Medios CIP (incluidos \u00e1cidos y soluciones c\u00e1usticas)<\/li>\n<\/ul>\n<\/li>\n<\/ul>\n<h5>Industria farmac\u00e9utica<\/h5>\n<ul class=\"product-description-list\">\n<li>Procesamiento de f\u00e1rmacos, sodas c\u00e1usticas, \u00e1cidos, prote\u00ednas, antibi\u00f3ticos<\/li>\n<\/ul>\n<\/div>\n<\/div>\n<\/div>","protected":false},"excerpt":{"rendered":"<div class=\"short-description-head\">El MTF-A es el caudal\u00edmetro electromagn\u00e9tico preferido para aplicaciones higi\u00e9nicas en los sectores de alimentaci\u00f3n y bebidas y ciencias de la vida. Es f\u00e1cil de instalar y desmontar, admite procedimientos de limpieza CIP o SIP y est\u00e1 disponible con versi\u00f3n compacta o remota del transmisor.<\/div>","protected":false},"featured_media":23244,"template":"","meta":[],"product_brand":[],"product_cat":[118,166],"product_tag":[],"class_list":{"0":"post-23196","1":"product","2":"type-product","3":"status-publish","4":"has-post-thumbnail","6":"product_cat-magnetic-flow-meters","7":"product_cat-liquid-flow-meters","9":"first","10":"instock","11":"shipping-taxable","12":"purchasable","13":"product-type-simple"},"_links":{"self":[{"href":"https:\/\/metlaninst.com\/es\/wp-json\/wp\/v2\/product\/23196","targetHints":{"allow":["GET"]}}],"collection":[{"href":"https:\/\/metlaninst.com\/es\/wp-json\/wp\/v2\/product"}],"about":[{"href":"https:\/\/metlaninst.com\/es\/wp-json\/wp\/v2\/types\/product"}],"version-history":[{"count":2,"href":"https:\/\/metlaninst.com\/es\/wp-json\/wp\/v2\/product\/23196\/revisions"}],"predecessor-version":[{"id":26158,"href":"https:\/\/metlaninst.com\/es\/wp-json\/wp\/v2\/product\/23196\/revisions\/26158"}],"wp:featuredmedia":[{"embeddable":true,"href":"https:\/\/metlaninst.com\/es\/wp-json\/wp\/v2\/media\/23244"}],"wp:attachment":[{"href":"https:\/\/metlaninst.com\/es\/wp-json\/wp\/v2\/media?parent=23196"}],"wp:term":[{"taxonomy":"product_brand","embeddable":true,"href":"https:\/\/metlaninst.com\/es\/wp-json\/wp\/v2\/product_brand?post=23196"},{"taxonomy":"product_cat","embeddable":true,"href":"https:\/\/metlaninst.com\/es\/wp-json\/wp\/v2\/product_cat?post=23196"},{"taxonomy":"product_tag","embeddable":true,"href":"https:\/\/metlaninst.com\/es\/wp-json\/wp\/v2\/product_tag?post=23196"}],"curies":[{"name":"wp","href":"https:\/\/api.w.org\/{rel}","templated":true}]}}