{"id":23218,"date":"2024-12-26T07:15:51","date_gmt":"2024-12-26T07:15:51","guid":{"rendered":"https:\/\/www.metlaninst.com\/?post_type=product&#038;p=23218"},"modified":"2025-02-02T03:54:56","modified_gmt":"2025-02-02T03:54:56","slug":"caudalimetro-electromagnetico-con-bridas-mtf-f-100","status":"publish","type":"product","link":"https:\/\/metlaninst.com\/es\/p\/caudalimetro-electromagnetico-con-bridas-mtf-f-100\/","title":{"rendered":"Caudal\u00edmetro electromagn\u00e9ticos con bridas (MTF-F-100)"},"content":{"rendered":"<div class=\"e-con-inner\">\n<div class=\"elementor-element e-con-full e-flex e-con e-child\">\n<div class=\"elementor-widget-container\">\n<h3 class=\"elementor-heading-title elementor-size-default\">Caracter\u00edsticas:<\/h3>\n<\/div>\n<div class=\"elementor-widget-container\">\n<ol class=\"product-description-list\">\n<li>Amplia gama de revestimientos y materiales de electrodos<\/li>\n<li>Los colores y el aspecto pueden personalizarse seg\u00fan se solicite<\/li>\n<li>Tambi\u00e9n disponible en construcciones espec\u00edficas para el cliente<\/li>\n<li>Sin piezas m\u00f3viles, sin desgaste, sin p\u00e9rdida de presi\u00f3n<\/li>\n<li>Medici\u00f3n fiable con precisi\u00f3n constante<\/li>\n<li>El principio de medici\u00f3n es pr\u00e1cticamente independiente de la presi\u00f3n, la densidad, la temperatura y la viscosidad<\/li>\n<li>La pantalla LCD est\u00e1 disponible en ingl\u00e9s, espa\u00f1ol, franc\u00e9s y otros idiomas previa petici\u00f3n.<\/li>\n<li>Cada caudal\u00edmetro se calibra y se le asigna un n\u00famero de serie \u00fanico que corresponde a todos los datos de calibraci\u00f3n.<\/li>\n<li>Disponible con versi\u00f3n compacta o remota del transmisor.<\/li>\n<\/ol>\n<\/div>\n<\/div>\n<div class=\"elementor-element e-con-full e-flex e-con e-child\">\n<div class=\"elementor-widget-container\">\n<h3 class=\"elementor-heading-title elementor-size-default\">Aplicaciones:<\/h3>\n<\/div>\n<div class=\"elementor-widget-container\">\n<h5 class=\"first\">General<\/h5>\n<ul class=\"product-description-list\">\n<li style=\"list-style-type: none;\">\n<ul class=\"product-description-list\">\n<li>Aplicaciones con l\u00edquidos limpios, agresivos o abrasivos<\/li>\n<li>Aplicaciones higi\u00e9nicas est\u00e1ndar<\/li>\n<li>Para plantas de producci\u00f3n a gran escala con un di\u00e1metro de hasta DN3000 \/ 120\u2033 (Otros a petici\u00f3n)<\/li>\n<\/ul>\n<\/li>\n<\/ul>\n<h5>Industria qu\u00edmica y otras industrias de transformaci\u00f3n<\/h5>\n<ul class=\"product-description-list\">\n<li style=\"list-style-type: none;\">\n<ul class=\"product-description-list\">\n<li>Fluidos qu\u00edmicos conductores<\/li>\n<li>Agua de proceso, agua de refrigeraci\u00f3n<\/li>\n<li>Producci\u00f3n en masa inorg\u00e1nica y org\u00e1nica<\/li>\n<li>Productos qu\u00edmicos altamente corrosivos y agresivos (\u00e1cidos, medios alcalinos)<\/li>\n<li>Tratamiento de productos qu\u00edmicos corrosivos y agresivos (\u00e1cidos, medios alcalinos)<\/li>\n<\/ul>\n<\/li>\n<\/ul>\n<h5>Minerales e industria minera<\/h5>\n<ul class=\"product-description-list\">\n<li style=\"list-style-type: none;\">\n<ul class=\"product-description-list\">\n<li>Lodos no homog\u00e9neos y abrasivos con part\u00edculas finas (contenido s\u00f3lido)<\/li>\n<li>L\u00edneas de alimentaci\u00f3n de hidrociclones<\/li>\n<\/ul>\n<\/li>\n<\/ul>\n<h5>Industria de aguas residuales<\/h5>\n<ul class=\"product-description-list\">\n<li style=\"list-style-type: none;\">\n<ul class=\"product-description-list\">\n<li>Lodos de sedimentos<\/li>\n<li>Dosificaci\u00f3n de coagulantes y floculantes<\/li>\n<li>Abstracci\u00f3n e irrigaci\u00f3n<\/li>\n<li>Supervisi\u00f3n de las redes de distribuci\u00f3n<\/li>\n<li>Sistemas de circulaci\u00f3n y tratamiento del agua<\/li>\n<li>Depuraci\u00f3n y desalinizaci\u00f3n del agua<\/li>\n<\/ul>\n<\/li>\n<\/ul>\n<h5>Industria papelera<\/h5>\n<ul class=\"product-description-list\">\n<li style=\"list-style-type: none;\">\n<ul class=\"product-description-list\">\n<li>Productos fibrosos qu\u00edmicamente agresivos<\/li>\n<\/ul>\n<\/li>\n<\/ul>\n<h5>Industria petrolera y del gas<\/h5>\n<ul class=\"product-description-list\">\n<li>Inyecci\u00f3n de agua (alta presi\u00f3n)<\/li>\n<li>Lodos de perforaci\u00f3n<\/li>\n<li>Agua producida<\/li>\n<\/ul>\n<\/div>\n<\/div>\n<\/div>","protected":false},"excerpt":{"rendered":"<div class=\"short-description-head\">El MTF-F-100 es un caudal\u00edmetro electromagn\u00e9tico compacto con brida que ofrece una amplia gama de opciones de materiales en contacto con el fluido y rangos de temperatura de hasta 180 \u00b0C \/ 356 \u00b0F. Personaliza el caudal\u00edmetro magn\u00e9tico seg\u00fan tus aplicaciones y necesidades industriales aqu\u00ed.<\/div>","protected":false},"featured_media":23246,"template":"","meta":[],"product_brand":[],"product_cat":[118,166,163],"product_tag":[],"class_list":{"0":"post-23218","1":"product","2":"type-product","3":"status-publish","4":"has-post-thumbnail","6":"product_cat-magnetic-flow-meters","7":"product_cat-liquid-flow-meters","8":"product_cat-water-flow-meters","10":"first","11":"instock","12":"shipping-taxable","13":"purchasable","14":"product-type-simple"},"_links":{"self":[{"href":"https:\/\/metlaninst.com\/es\/wp-json\/wp\/v2\/product\/23218","targetHints":{"allow":["GET"]}}],"collection":[{"href":"https:\/\/metlaninst.com\/es\/wp-json\/wp\/v2\/product"}],"about":[{"href":"https:\/\/metlaninst.com\/es\/wp-json\/wp\/v2\/types\/product"}],"version-history":[{"count":2,"href":"https:\/\/metlaninst.com\/es\/wp-json\/wp\/v2\/product\/23218\/revisions"}],"predecessor-version":[{"id":26149,"href":"https:\/\/metlaninst.com\/es\/wp-json\/wp\/v2\/product\/23218\/revisions\/26149"}],"wp:featuredmedia":[{"embeddable":true,"href":"https:\/\/metlaninst.com\/es\/wp-json\/wp\/v2\/media\/23246"}],"wp:attachment":[{"href":"https:\/\/metlaninst.com\/es\/wp-json\/wp\/v2\/media?parent=23218"}],"wp:term":[{"taxonomy":"product_brand","embeddable":true,"href":"https:\/\/metlaninst.com\/es\/wp-json\/wp\/v2\/product_brand?post=23218"},{"taxonomy":"product_cat","embeddable":true,"href":"https:\/\/metlaninst.com\/es\/wp-json\/wp\/v2\/product_cat?post=23218"},{"taxonomy":"product_tag","embeddable":true,"href":"https:\/\/metlaninst.com\/es\/wp-json\/wp\/v2\/product_tag?post=23218"}],"curies":[{"name":"wp","href":"https:\/\/api.w.org\/{rel}","templated":true}]}}