{"id":23226,"date":"2024-10-13T08:36:16","date_gmt":"2024-10-13T08:36:16","guid":{"rendered":"https:\/\/www.metlaninst.com\/?post_type=product&#038;p=23226"},"modified":"2025-02-02T04:06:29","modified_gmt":"2025-02-02T04:06:29","slug":"caudalimetro-magnetico-a-pilas-mtf-b","status":"publish","type":"product","link":"https:\/\/metlaninst.com\/es\/p\/caudalimetro-magnetico-a-pilas-mtf-b\/","title":{"rendered":"Caudal\u00edmetro magn\u00e9tico a pilas (MTF-B)"},"content":{"rendered":"<div class=\"e-con-inner\">\n<div class=\"elementor-element e-con-full e-flex e-con e-child\">\n<div class=\"elementor-widget-container\">\n<h3 class=\"elementor-heading-title elementor-size-default\">Caracter\u00edsticas:<\/h3>\n<\/div>\n<div class=\"elementor-widget-container\">\n<ol class=\"product-description-list\">\n<li>Amplia gama de revestimientos y materiales de electrodos<\/li>\n<li>Los colores y el aspecto pueden personalizarse seg\u00fan se solicite<\/li>\n<li>Tambi\u00e9n disponible en construcciones espec\u00edficas para el cliente<\/li>\n<li>Sin piezas m\u00f3viles, sin desgaste, sin p\u00e9rdida de presi\u00f3n<\/li>\n<li>Medici\u00f3n fiable con precisi\u00f3n constante<\/li>\n<li>El principio de medici\u00f3n es pr\u00e1cticamente independiente de la presi\u00f3n, la densidad, la temperatura y la viscosidad<\/li>\n<li>La pantalla LCD est\u00e1 disponible en ingl\u00e9s, espa\u00f1ol, franc\u00e9s y otros idiomas previa petici\u00f3n.<\/li>\n<li>Cada caudal\u00edmetro se calibra y se le asigna un n\u00famero de serie \u00fanico que corresponde a todos los datos de calibraci\u00f3n.<\/li>\n<\/ol>\n<\/div>\n<\/div>\n<div class=\"elementor-element e-con-full e-flex e-con e-child\">\n<div class=\"elementor-widget-container\">\n<h3 class=\"elementor-heading-title elementor-size-default\">Aplicaciones:<\/h3>\n<\/div>\n<div class=\"elementor-widget-container\">\n<h5 class=\"first\">Industria del agua<\/h5>\n<ul class=\"product-description-list\">\n<li>Control remoto del suministro de agua y de las redes de distribuci\u00f3n<\/li>\n<li>Consumo de agua y medici\u00f3n fiscal (transferencia de custodia)<\/li>\n<li>Riego y captaci\u00f3n<\/li>\n<li>Tratamiento del agua<\/li>\n<li>Sustituci\u00f3n de los contadores mec\u00e1nicos de turbina<\/li>\n<li>Detecci\u00f3n de fugas<\/li>\n<li>Comprobaci\u00f3n de bombas y pozos de agua<\/li>\n<li>Medici\u00f3n del caudal de transferencia de custodia en las redes de calefacci\u00f3n urbana<\/li>\n<\/ul>\n<\/div>\n<\/div>\n<\/div>","protected":false},"excerpt":{"rendered":"<div class=\"short-description-head\">El MTF-B es un caudal\u00edmetro electromagn\u00e9tico alimentado por bater\u00eda, dise\u00f1ado para su uso en pozos de captaci\u00f3n de agua y \u00e1reas de medici\u00f3n distrital (DMA). Con sensores opcionales de presi\u00f3n y temperatura, el medidor tambi\u00e9n puede emplearse para la detecci\u00f3n de fugas, el control de calidad y los sistemas de gesti\u00f3n de presi\u00f3n.<\/div>","protected":false},"featured_media":23245,"template":"","meta":[],"product_brand":[],"product_cat":[118,166,163],"product_tag":[],"class_list":{"0":"post-23226","1":"product","2":"type-product","3":"status-publish","4":"has-post-thumbnail","6":"product_cat-magnetic-flow-meters","7":"product_cat-liquid-flow-meters","8":"product_cat-water-flow-meters","10":"first","11":"instock","12":"shipping-taxable","13":"purchasable","14":"product-type-simple"},"_links":{"self":[{"href":"https:\/\/metlaninst.com\/es\/wp-json\/wp\/v2\/product\/23226","targetHints":{"allow":["GET"]}}],"collection":[{"href":"https:\/\/metlaninst.com\/es\/wp-json\/wp\/v2\/product"}],"about":[{"href":"https:\/\/metlaninst.com\/es\/wp-json\/wp\/v2\/types\/product"}],"version-history":[{"count":2,"href":"https:\/\/metlaninst.com\/es\/wp-json\/wp\/v2\/product\/23226\/revisions"}],"predecessor-version":[{"id":26160,"href":"https:\/\/metlaninst.com\/es\/wp-json\/wp\/v2\/product\/23226\/revisions\/26160"}],"wp:featuredmedia":[{"embeddable":true,"href":"https:\/\/metlaninst.com\/es\/wp-json\/wp\/v2\/media\/23245"}],"wp:attachment":[{"href":"https:\/\/metlaninst.com\/es\/wp-json\/wp\/v2\/media?parent=23226"}],"wp:term":[{"taxonomy":"product_brand","embeddable":true,"href":"https:\/\/metlaninst.com\/es\/wp-json\/wp\/v2\/product_brand?post=23226"},{"taxonomy":"product_cat","embeddable":true,"href":"https:\/\/metlaninst.com\/es\/wp-json\/wp\/v2\/product_cat?post=23226"},{"taxonomy":"product_tag","embeddable":true,"href":"https:\/\/metlaninst.com\/es\/wp-json\/wp\/v2\/product_tag?post=23226"}],"curies":[{"name":"wp","href":"https:\/\/api.w.org\/{rel}","templated":true}]}}