{"id":23234,"date":"2024-10-19T08:53:01","date_gmt":"2024-10-19T08:53:01","guid":{"rendered":"https:\/\/www.metlaninst.com\/?post_type=product&#038;p=23234"},"modified":"2025-02-02T04:02:56","modified_gmt":"2025-02-02T04:02:56","slug":"caudalimetro-electromagnetico-para-liquidos-de-baja-conductividad-mtf-c","status":"publish","type":"product","link":"https:\/\/metlaninst.com\/es\/p\/caudalimetro-electromagnetico-para-liquidos-de-baja-conductividad-mtf-c\/","title":{"rendered":"Caudal\u00edmetro electromagn\u00e9tico para l\u00edquidos de baja conductividad (MTF-C)"},"content":{"rendered":"<div class=\"e-con-inner\">\n<div class=\"elementor-element e-con-full e-flex e-con e-child\">\n<div class=\"elementor-widget-container\">\n<h3 class=\"elementor-heading-title elementor-size-default\">Caracter\u00edsticas:<\/h3>\n<\/div>\n<div class=\"elementor-widget-container\">\n<ol class=\"product-description-list\">\n<li>Disponible para l\u00edquidos de baja conductividad \u22653 \u03bcS\/cm<\/li>\n<li>Amplia gama de revestimientos y materiales de electrodos<\/li>\n<li>Los colores y el aspecto pueden personalizarse seg\u00fan se solicite<\/li>\n<li>Tambi\u00e9n disponible en construcciones espec\u00edficas para el cliente<\/li>\n<li>Sin piezas m\u00f3viles, sin desgaste, sin p\u00e9rdida de presi\u00f3n<\/li>\n<li>Medici\u00f3n fiable con precisi\u00f3n constante<\/li>\n<li>El principio de medici\u00f3n es pr\u00e1cticamente independiente de la presi\u00f3n, la densidad, la temperatura y la viscosidad<\/li>\n<li>La pantalla LCD est\u00e1 disponible en ingl\u00e9s, espa\u00f1ol, franc\u00e9s y otros idiomas previa petici\u00f3n.<\/li>\n<li>Cada caudal\u00edmetro se calibra y se le asigna un n\u00famero de serie \u00fanico que corresponde a todos los datos de calibraci\u00f3n.<\/li>\n<\/ol>\n<\/div>\n<\/div>\n<div class=\"elementor-element e-con-full e-flex e-con e-child\">\n<div class=\"elementor-widget-container\">\n<h3 class=\"elementor-heading-title elementor-size-default\">Aplicaciones:<\/h3>\n<\/div>\n<div class=\"elementor-widget-container\">\n<h5 class=\"first\">General<\/h5>\n<ul class=\"product-description-list\">\n<li style=\"list-style-type: none;\">\n<ul class=\"product-description-list\">\n<li>Aplicaciones avanzadas con medios de baja conductividad (\u22653 \u03bcS\/cm)<\/li>\n<li>Medios agresivos y abrasivos<\/li>\n<\/ul>\n<\/li>\n<\/ul>\n<h5>Industria qu\u00edmica y otras industrias de transformaci\u00f3n<\/h5>\n<ul class=\"product-description-list\">\n<li style=\"list-style-type: none;\">\n<ul class=\"product-description-list\">\n<li>Dosificaci\u00f3n volum\u00e9trica precisa de aditivos<\/li>\n<li>L\u00edquidos y lodos corrosivos y abrasivos<\/li>\n<li>Dosificaci\u00f3n de adhesivos y productos fibrosos<\/li>\n<li>Emulsiones incl. l\u00e1tex, pinturas de emulsi\u00f3n, etc.<\/li>\n<li>(Bio-)alcoholes, licores, glicoles, glicerina<\/li>\n<li>Producci\u00f3n ecol\u00f3gica masiva<\/li>\n<li>Productos a base de aceite<\/li>\n<\/ul>\n<\/li>\n<\/ul>\n<h5>Industria alimentaria<\/h5>\n<ul class=\"product-description-list\">\n<li style=\"list-style-type: none;\">\n<ul class=\"product-description-list\">\n<li>Mezclado, dosificaci\u00f3n y dosificaci\u00f3n higi\u00e9nicos<\/li>\n<li>Productos grasos y aceitosos (por ejemplo, aceites vegetales)<\/li>\n<li>Productos cremosos y l\u00e1cteos (por ejemplo, grasa, nata, leche, queso, yogur con part\u00edculas de fruta)<\/li>\n<\/ul>\n<\/li>\n<\/ul>\n<h5>Minerales e industria minera<\/h5>\n<ul class=\"product-description-list\">\n<li style=\"list-style-type: none;\">\n<ul class=\"product-description-list\">\n<li>Fluidos no homog\u00e9neos y abrasivos<\/li>\n<li>Cemento y aplicaciones similares<\/li>\n<\/ul>\n<\/li>\n<\/ul>\n<h5>Industria del agua y las aguas residuales<\/h5>\n<ul class=\"product-description-list\">\n<li style=\"list-style-type: none;\">\n<ul class=\"product-description-list\">\n<li>Lodos y aguas residuales<\/li>\n<li>Agua mezclada con grasa, aceite y grasa (por ejemplo, en la codigesti\u00f3n anaer\u00f3bica)<\/li>\n<li>Riego<\/li>\n<\/ul>\n<\/li>\n<\/ul>\n<h5>Industria papelera<\/h5>\n<ul class=\"product-description-list\">\n<li>Productos fibrosos qu\u00edmicamente agresivos<\/li>\n<li>Productos que forman una pel\u00edcula aislante de los electrodos (vidrio al agua)<\/li>\n<\/ul>\n<\/div>\n<\/div>\n<\/div>","protected":false},"excerpt":{"rendered":"<div class=\"short-description-head\">MTF-C es un caudal\u00edmetro electromagn\u00e9tico para medir l\u00edquidos de muy baja conductividad (\u22653 \u03bcS\/cm). Este caudal\u00edmetro es especialmente adecuado para aplicaciones con medios adhesivos y grasos que tienden a formar una pel\u00edcula aislante.<\/div>","protected":false},"featured_media":23313,"template":"","meta":[],"product_brand":[],"product_cat":[118,166],"product_tag":[],"class_list":{"0":"post-23234","1":"product","2":"type-product","3":"status-publish","4":"has-post-thumbnail","6":"product_cat-magnetic-flow-meters","7":"product_cat-liquid-flow-meters","9":"first","10":"instock","11":"shipping-taxable","12":"purchasable","13":"product-type-simple"},"_links":{"self":[{"href":"https:\/\/metlaninst.com\/es\/wp-json\/wp\/v2\/product\/23234","targetHints":{"allow":["GET"]}}],"collection":[{"href":"https:\/\/metlaninst.com\/es\/wp-json\/wp\/v2\/product"}],"about":[{"href":"https:\/\/metlaninst.com\/es\/wp-json\/wp\/v2\/types\/product"}],"version-history":[{"count":3,"href":"https:\/\/metlaninst.com\/es\/wp-json\/wp\/v2\/product\/23234\/revisions"}],"predecessor-version":[{"id":26156,"href":"https:\/\/metlaninst.com\/es\/wp-json\/wp\/v2\/product\/23234\/revisions\/26156"}],"wp:featuredmedia":[{"embeddable":true,"href":"https:\/\/metlaninst.com\/es\/wp-json\/wp\/v2\/media\/23313"}],"wp:attachment":[{"href":"https:\/\/metlaninst.com\/es\/wp-json\/wp\/v2\/media?parent=23234"}],"wp:term":[{"taxonomy":"product_brand","embeddable":true,"href":"https:\/\/metlaninst.com\/es\/wp-json\/wp\/v2\/product_brand?post=23234"},{"taxonomy":"product_cat","embeddable":true,"href":"https:\/\/metlaninst.com\/es\/wp-json\/wp\/v2\/product_cat?post=23234"},{"taxonomy":"product_tag","embeddable":true,"href":"https:\/\/metlaninst.com\/es\/wp-json\/wp\/v2\/product_tag?post=23234"}],"curies":[{"name":"wp","href":"https:\/\/api.w.org\/{rel}","templated":true}]}}