{"id":23332,"date":"2024-11-10T06:07:02","date_gmt":"2024-11-10T06:07:02","guid":{"rendered":"https:\/\/www.metlaninst.com\/?post_type=product&#038;p=23332"},"modified":"2025-04-25T09:25:05","modified_gmt":"2025-04-25T09:25:05","slug":"caudalimetros-masicos-coriolis-para-aplicaciones-de-proceso-avanzadas-mass-a","status":"publish","type":"product","link":"https:\/\/metlaninst.com\/es\/p\/caudalimetros-masicos-coriolis-para-aplicaciones-de-proceso-avanzadas-mass-a\/","title":{"rendered":"Caudal\u00edmetros m\u00e1sicos Coriolis para aplicaciones avanzadas de proceso (MASS-A)"},"content":{"rendered":"<div class=\"e-con-inner\">\n<div class=\"elementor-element e-con-full e-flex e-con e-child\">\n<div class=\"elementor-widget-container\">\n<h3 class=\"elementor-heading-title elementor-size-default\">Caracter\u00edsticas:<\/h3>\n<\/div>\n<div class=\"elementor-widget-container\">\n<ol class=\"product-description-list\">\n<li>Certificado para uso higi\u00e9nico<\/li>\n<li>Apoyo a los procedimientos de limpieza CIP o SIP<\/li>\n<li>Medici\u00f3n de caudal m\u00e1sico, denso y volum\u00e9trico de alta precisi\u00f3n<\/li>\n<li>Tambi\u00e9n disponible en construcciones espec\u00edficas para el cliente<\/li>\n<li>La pantalla LCD est\u00e1 disponible en ingl\u00e9s, espa\u00f1ol, franc\u00e9s y otros idiomas previa petici\u00f3n.<\/li>\n<li>Cada caudal\u00edmetro se calibra y se le asigna un n\u00famero de serie \u00fanico que corresponde a todos los datos de calibraci\u00f3n.<\/li>\n<\/ol>\n<\/div>\n<\/div>\n<div class=\"elementor-element e-con-full e-flex e-con e-child\">\n<div class=\"elementor-widget-container\">\n<h3 class=\"elementor-heading-title elementor-size-default\">Aplicaciones:<\/h3>\n<\/div>\n<div class=\"elementor-widget-container\">\n<h5 class=\"first\">General<\/h5>\n<ul class=\"product-description-list\">\n<li style=\"list-style-type: none;\">\n<ul class=\"product-description-list\">\n<li>Medici\u00f3n de l\u00edquidos, gases y l\u00edquidos arrastrados por gas<\/li>\n<li>Medios muy agresivos, altamente corrosivos o sensibles al cizallamiento<\/li>\n<li>Productos que requieren una velocidad de flujo baja<\/li>\n<li>Mezclas no homog\u00e9neas<\/li>\n<li>Lodos o productos con s\u00f3lidos arrastrados<\/li>\n<li>Transferencia de custodia (medici\u00f3n fiscal)<\/li>\n<\/ul>\n<\/li>\n<\/ul>\n<h5>Industria qu\u00edmica y otras industrias de transformaci\u00f3n<\/h5>\n<ul class=\"product-description-list\">\n<li style=\"list-style-type: none;\">\n<ul class=\"product-description-list\">\n<li>Medici\u00f3n de la concentraci\u00f3n, la densidad<\/li>\n<li>Carga a granel<\/li>\n<li>Dosificaci\u00f3n a reactores<\/li>\n<li>\u00c1cidos, bases, fosgeno y otras sustancias cloradas, sustancias sulfurosas<\/li>\n<\/ul>\n<\/li>\n<\/ul>\n<h5>Industria alimentaria<\/h5>\n<ul class=\"product-description-list\">\n<li style=\"list-style-type: none;\">\n<ul class=\"product-description-list\">\n<li>Dosificaci\u00f3n, dosificaci\u00f3n, llenado<\/li>\n<li>Medici\u00f3n del flujo, la densidad y la gravedad espec\u00edfica en los procesos de elaboraci\u00f3n de cerveza<\/li>\n<li>Dosificaci\u00f3n del extracto de l\u00fapulo<\/li>\n<li>Procesos de recepci\u00f3n, dosificaci\u00f3n y separaci\u00f3n de la leche en las centrales lecheras<\/li>\n<li>Medici\u00f3n de Brix, densidad y flujo en zumos de frutas<\/li>\n<li>Productos aceitosos y grasos (por ejemplo, mezclas cremosas de espinacas, etc.)<\/li>\n<li>Chocolate l\u00edquido, miel, mermelada, sirope, helado, etc.<\/li>\n<li>Inyecci\u00f3n de CO2<\/li>\n<li>Bebidas alcoh\u00f3licas (whisky, vino, vodka, etc.)<\/li>\n<\/ul>\n<\/li>\n<\/ul>\n<h5>Industria farmac\u00e9utica<\/h5>\n<ul class=\"product-description-list\">\n<li style=\"list-style-type: none;\">\n<ul class=\"product-description-list\">\n<li>Dosificaci\u00f3n, dosificaci\u00f3n, llenado<\/li>\n<li>Extracci\u00f3n con disolventes<\/li>\n<\/ul>\n<\/li>\n<\/ul>\n<h5>Industria petrolera y del gas<\/h5>\n<ul class=\"product-description-list\">\n<li style=\"list-style-type: none;\">\n<ul class=\"product-description-list\">\n<li>Patines dosificadores, carga a granel y de cisternas, trasvase de tuber\u00edas, medici\u00f3n de densidad en l\u00ednea<\/li>\n<li>Hidrocarburos l\u00edquidos, gases licuados (propano, etc.)<\/li>\n<\/ul>\n<\/li>\n<\/ul>\n<h5>Industria papelera<\/h5>\n<ul class=\"product-description-list\">\n<li style=\"list-style-type: none;\">\n<ul class=\"product-description-list\">\n<li>Pasta de papel<\/li>\n<li>Cocinas de revestimiento<\/li>\n<\/ul>\n<\/li>\n<\/ul>\n<h5>Industria del agua y las aguas residuales<\/h5>\n<ul class=\"product-description-list\">\n<li>Dosificaci\u00f3n de floculantes<\/li>\n<li>Medici\u00f3n del caudal y la densidad de los lodos<\/li>\n<\/ul>\n<\/div>\n<\/div>\n<\/div>","protected":false},"excerpt":{"rendered":"<div class=\"short-description-head\">El MASS-A es un caudal\u00edmetro m\u00e1sico Coriolis de alta gama, dise\u00f1ado para aplicaciones exigentes de proceso y transferencia de custodia (CT). Es la soluci\u00f3n ideal cuando se requiere una medici\u00f3n de alta precisi\u00f3n de gases, l\u00edquidos viscosos o sensibles al cizallamiento, lodos, medios muy agresivos o fluidos con baja velocidad de flujo.<\/div>","protected":false},"featured_media":23344,"template":"","meta":[],"product_brand":[],"product_cat":[171,15],"product_tag":[],"class_list":{"0":"post-23332","1":"product","2":"type-product","3":"status-publish","4":"has-post-thumbnail","6":"product_cat-coriolis-flow-meters","7":"product_cat-uncategorized","9":"first","10":"instock","11":"shipping-taxable","12":"purchasable","13":"product-type-simple"},"_links":{"self":[{"href":"https:\/\/metlaninst.com\/es\/wp-json\/wp\/v2\/product\/23332","targetHints":{"allow":["GET"]}}],"collection":[{"href":"https:\/\/metlaninst.com\/es\/wp-json\/wp\/v2\/product"}],"about":[{"href":"https:\/\/metlaninst.com\/es\/wp-json\/wp\/v2\/types\/product"}],"version-history":[{"count":3,"href":"https:\/\/metlaninst.com\/es\/wp-json\/wp\/v2\/product\/23332\/revisions"}],"predecessor-version":[{"id":26152,"href":"https:\/\/metlaninst.com\/es\/wp-json\/wp\/v2\/product\/23332\/revisions\/26152"}],"wp:featuredmedia":[{"embeddable":true,"href":"https:\/\/metlaninst.com\/es\/wp-json\/wp\/v2\/media\/23344"}],"wp:attachment":[{"href":"https:\/\/metlaninst.com\/es\/wp-json\/wp\/v2\/media?parent=23332"}],"wp:term":[{"taxonomy":"product_brand","embeddable":true,"href":"https:\/\/metlaninst.com\/es\/wp-json\/wp\/v2\/product_brand?post=23332"},{"taxonomy":"product_cat","embeddable":true,"href":"https:\/\/metlaninst.com\/es\/wp-json\/wp\/v2\/product_cat?post=23332"},{"taxonomy":"product_tag","embeddable":true,"href":"https:\/\/metlaninst.com\/es\/wp-json\/wp\/v2\/product_tag?post=23332"}],"curies":[{"name":"wp","href":"https:\/\/api.w.org\/{rel}","templated":true}]}}