{"id":23336,"date":"2024-11-09T06:37:56","date_gmt":"2024-11-09T06:37:56","guid":{"rendered":"https:\/\/www.metlaninst.com\/?post_type=product&#038;p=23336"},"modified":"2025-04-25T09:25:23","modified_gmt":"2025-04-25T09:25:23","slug":"caudalimetros-masicos-coriolis-para-aplicaciones-de-bajo-caudal-y-dosificacion-mass-l","status":"publish","type":"product","link":"https:\/\/metlaninst.com\/es\/p\/caudalimetros-masicos-coriolis-para-aplicaciones-de-bajo-caudal-y-dosificacion-mass-l\/","title":{"rendered":"Caudal\u00edmetros m\u00e1sicos Coriolis para aplicaciones de bajo caudal y dosificaci\u00f3n (MASS-L)"},"content":{"rendered":"<div class=\"e-con-inner\">\n<div class=\"elementor-element e-con-full e-flex e-con e-child\">\n<div class=\"elementor-widget-container\">\n<h3 class=\"elementor-heading-title elementor-size-default\">Caracter\u00edsticas:<\/h3>\n<\/div>\n<div class=\"elementor-widget-container\">\n<ol class=\"product-description-list\">\n<li>Certificado para uso higi\u00e9nico<\/li>\n<li>Apoyo a los procedimientos de limpieza CIP o SIP<\/li>\n<li>Perfecto para aplicaciones de bajo caudal<\/li>\n<li>Medici\u00f3n de caudal m\u00e1sico, denso y volum\u00e9trico de alta precisi\u00f3n<\/li>\n<li>Tambi\u00e9n disponible en construcciones espec\u00edficas para el cliente<\/li>\n<li>La pantalla LCD est\u00e1 disponible en ingl\u00e9s, espa\u00f1ol, franc\u00e9s y otros idiomas previa petici\u00f3n.<\/li>\n<li>Cada caudal\u00edmetro se calibra y se le asigna un n\u00famero de serie \u00fanico que corresponde a todos los datos de calibraci\u00f3n.<\/li>\n<\/ol>\n<\/div>\n<\/div>\n<div class=\"elementor-element e-con-full e-flex e-con e-child\">\n<div class=\"elementor-widget-container\">\n<h3 class=\"elementor-heading-title elementor-size-default\">Aplicaciones:<\/h3>\n<\/div>\n<div class=\"elementor-widget-container\">\n<h5 class=\"first\">General<\/h5>\n<ul class=\"product-description-list\">\n<li style=\"list-style-type: none;\">\n<ul class=\"product-description-list\">\n<li>Aplicaciones de dosificaci\u00f3n y llenado con caudales muy bajos<\/li>\n<li>Medici\u00f3n de l\u00edquidos, gases y l\u00edquidos arrastrados por gas<\/li>\n<\/ul>\n<\/li>\n<\/ul>\n<h5>Industria petrolera y del gas<\/h5>\n<ul class=\"product-description-list\">\n<li style=\"list-style-type: none;\">\n<ul class=\"product-description-list\">\n<li>Odorizaci\u00f3n de gas natural y propano<\/li>\n<li>Inyecci\u00f3n qu\u00edmica<\/li>\n<\/ul>\n<\/li>\n<\/ul>\n<h5>Industria qu\u00edmica y otras industrias de transformaci\u00f3n<\/h5>\n<ul class=\"product-description-list\">\n<li style=\"list-style-type: none;\">\n<ul class=\"product-description-list\">\n<li>Medici\u00f3n de la concentraci\u00f3n y la densidad de vol\u00famenes bajos<\/li>\n<li>Dosificaci\u00f3n a reactores<\/li>\n<\/ul>\n<\/li>\n<\/ul>\n<h5>Industria farmac\u00e9utica<\/h5>\n<ul class=\"product-description-list\">\n<li style=\"list-style-type: none;\">\n<ul class=\"product-description-list\">\n<li>Dosificaci\u00f3n de fragancias y revestimientos de alta precisi\u00f3n<\/li>\n<li>Dosificaci\u00f3n de los ingredientes<\/li>\n<\/ul>\n<\/li>\n<\/ul>\n<h5>Industria alimentaria<\/h5>\n<ul class=\"product-description-list\">\n<li style=\"list-style-type: none;\">\n<ul class=\"product-description-list\">\n<li>Inyecci\u00f3n y dosificaci\u00f3n de CO2<\/li>\n<\/ul>\n<\/li>\n<\/ul>\n<h5>Maquinaria y aparatos (industria OEM)<\/h5>\n<ul class=\"product-description-list\">\n<li style=\"list-style-type: none;\">\n<ul class=\"product-description-list\">\n<li>Bancos de pruebas de motores (por ejemplo, en la industria del autom\u00f3vil)<\/li>\n<\/ul>\n<\/li>\n<\/ul>\n<h5>Industria papelera<\/h5>\n<ul class=\"product-description-list\">\n<li>Aditivos, blanqueadores y colorantes<\/li>\n<\/ul>\n<\/div>\n<\/div>\n<\/div>","protected":false},"excerpt":{"rendered":"<div class=\"short-description-head\">El MASS-L es un caudal\u00edmetro m\u00e1sico Coriolis rentable para la medici\u00f3n precisa del caudal de l\u00edquidos y gases en diversas aplicaciones exigentes de bajo caudal y dosificaci\u00f3n. Este caudal\u00edmetro tambi\u00e9n est\u00e1 certificado para uso higi\u00e9nico y admite procedimientos de limpieza CIP\/SIP.<\/div>","protected":false},"featured_media":23346,"template":"","meta":[],"product_brand":[],"product_cat":[171,15],"product_tag":[],"class_list":{"0":"post-23336","1":"product","2":"type-product","3":"status-publish","4":"has-post-thumbnail","6":"product_cat-coriolis-flow-meters","7":"product_cat-uncategorized","9":"first","10":"instock","11":"shipping-taxable","12":"purchasable","13":"product-type-simple"},"_links":{"self":[{"href":"https:\/\/metlaninst.com\/es\/wp-json\/wp\/v2\/product\/23336","targetHints":{"allow":["GET"]}}],"collection":[{"href":"https:\/\/metlaninst.com\/es\/wp-json\/wp\/v2\/product"}],"about":[{"href":"https:\/\/metlaninst.com\/es\/wp-json\/wp\/v2\/types\/product"}],"version-history":[{"count":2,"href":"https:\/\/metlaninst.com\/es\/wp-json\/wp\/v2\/product\/23336\/revisions"}],"predecessor-version":[{"id":26154,"href":"https:\/\/metlaninst.com\/es\/wp-json\/wp\/v2\/product\/23336\/revisions\/26154"}],"wp:featuredmedia":[{"embeddable":true,"href":"https:\/\/metlaninst.com\/es\/wp-json\/wp\/v2\/media\/23346"}],"wp:attachment":[{"href":"https:\/\/metlaninst.com\/es\/wp-json\/wp\/v2\/media?parent=23336"}],"wp:term":[{"taxonomy":"product_brand","embeddable":true,"href":"https:\/\/metlaninst.com\/es\/wp-json\/wp\/v2\/product_brand?post=23336"},{"taxonomy":"product_cat","embeddable":true,"href":"https:\/\/metlaninst.com\/es\/wp-json\/wp\/v2\/product_cat?post=23336"},{"taxonomy":"product_tag","embeddable":true,"href":"https:\/\/metlaninst.com\/es\/wp-json\/wp\/v2\/product_tag?post=23336"}],"curies":[{"name":"wp","href":"https:\/\/api.w.org\/{rel}","templated":true}]}}