{"id":23340,"date":"2024-11-08T06:45:44","date_gmt":"2024-11-08T06:45:44","guid":{"rendered":"https:\/\/www.metlaninst.com\/?post_type=product&#038;p=23340"},"modified":"2025-04-25T09:25:36","modified_gmt":"2025-04-25T09:25:36","slug":"caudalimetros-masicos-coriolis-para-aplicaciones-criogenicas-masa-c","status":"publish","type":"product","link":"https:\/\/metlaninst.com\/es\/p\/caudalimetros-masicos-coriolis-para-aplicaciones-criogenicas-masa-c\/","title":{"rendered":"Caudal\u00edmetros m\u00e1sicos Coriolis para aplicaciones criog\u00e9nicas (MASS-C)"},"content":{"rendered":"<div class=\"e-con-inner\">\n<div class=\"elementor-element e-con-full e-flex e-con e-child\">\n<div class=\"elementor-widget-container\">\n<h3 class=\"elementor-heading-title elementor-size-default\">Caracter\u00edsticas:<\/h3>\n<\/div>\n<div class=\"elementor-widget-container\">\n<ol class=\"product-description-list\">\n<li>Dise\u00f1ado para melia criog\u00e9nica como GNL con temperaturas de hasta -200\u00b0C \/ -328\u00b0F<\/li>\n<li>Adecuado para su uso en sistemas instrumentados de seguridad<\/li>\n<li>Medici\u00f3n de caudal m\u00e1sico, denso y volum\u00e9trico de alta precisi\u00f3n<\/li>\n<li>Tambi\u00e9n disponible en construcciones espec\u00edficas para el cliente<\/li>\n<li>La pantalla LCD est\u00e1 disponible en ingl\u00e9s, espa\u00f1ol, franc\u00e9s y otros idiomas previa petici\u00f3n.<\/li>\n<li>Cada caudal\u00edmetro se calibra y se le asigna un n\u00famero de serie \u00fanico que corresponde a todos los datos de calibraci\u00f3n.<\/li>\n<\/ol>\n<\/div>\n<\/div>\n<div class=\"elementor-element e-con-full e-flex e-con e-child\">\n<div class=\"elementor-widget-container\">\n<h3 class=\"elementor-heading-title elementor-size-default\">Aplicaciones:<\/h3>\n<\/div>\n<div class=\"elementor-widget-container\">\n<h5 class=\"first\">General<\/h5>\n<ul class=\"product-description-list\">\n<li style=\"list-style-type: none;\">\n<ul class=\"product-description-list\">\n<li>Temperaturas criog\u00e9nicas de hasta -200\u00b0C \/ -328\u00b0F<\/li>\n<li>Gases supercr\u00edticos<\/li>\n<li>Custodia transferida (CT)<\/li>\n<li>Sistemas instrumentados de seguridad<\/li>\n<\/ul>\n<\/li>\n<\/ul>\n<h5>Industria qu\u00edmica y otras industrias de transformaci\u00f3n<\/h5>\n<ul class=\"product-description-list\">\n<li style=\"list-style-type: none;\">\n<ul class=\"product-description-list\">\n<li>Medici\u00f3n de la concentraci\u00f3n y la densidad<\/li>\n<li>Carga a granel<\/li>\n<li>Dosificaci\u00f3n y mezcla en reactores<\/li>\n<li>Craqueo de hidrocarburos<\/li>\n<\/ul>\n<\/li>\n<\/ul>\n<h5>Industria petrolera y del gas<\/h5>\n<ul class=\"product-description-list\">\n<li style=\"list-style-type: none;\">\n<ul class=\"product-description-list\">\n<li>Patines de medici\u00f3n, carga a granel, transferencia de tuber\u00edas<\/li>\n<li>Gas natural licuado (GNL)<\/li>\n<li>Carga a granel<\/li>\n<li>Medici\u00f3n multif\u00e1sica en aplicaciones previas<\/li>\n<\/ul>\n<\/li>\n<\/ul>\n<h5>Industria alimentaria<\/h5>\n<ul class=\"product-description-list\">\n<li style=\"list-style-type: none;\">\n<ul class=\"product-description-list\">\n<li>Dosificaci\u00f3n, dosificaci\u00f3n, llenado<\/li>\n<li>Medici\u00f3n del caudal m\u00e1sico de helados y leche<\/li>\n<li>Medici\u00f3n del flujo, la densidad y la gravedad espec\u00edfica en los procesos de elaboraci\u00f3n de cerveza<\/li>\n<li>Dosificaci\u00f3n del extracto de l\u00fapulo<\/li>\n<li>Medici\u00f3n de Brix, densidad y flujo en zumos de frutas<\/li>\n<li>Dosificaci\u00f3n de aceites naturales, grasas, verduras (por ejemplo, espinacas), etc.<\/li>\n<li>Inyecci\u00f3n de CO2 en la producci\u00f3n de refrescos<\/li>\n<\/ul>\n<\/li>\n<\/ul>\n<h5>Industria farmac\u00e9utica<\/h5>\n<ul class=\"product-description-list\">\n<li style=\"list-style-type: none;\">\n<ul class=\"product-description-list\">\n<li>Dosificaci\u00f3n, dosificaci\u00f3n, llenado<\/li>\n<li>Extracci\u00f3n con disolventes<\/li>\n<\/ul>\n<\/li>\n<\/ul>\n<h5>Industria naval<\/h5>\n<ul class=\"product-description-list\">\n<li style=\"list-style-type: none;\">\n<ul class=\"product-description-list\">\n<li>Bunkering y medici\u00f3n del consumo de combustible<\/li>\n<\/ul>\n<\/li>\n<\/ul>\n<h5>Industria papelera<\/h5>\n<ul class=\"product-description-list\">\n<li>Aditivos, blanqueadores y colorantes<\/li>\n<li>Productos cristalizantes, solidificantes y criog\u00e9nicos<\/li>\n<\/ul>\n<\/div>\n<\/div>\n<\/div>","protected":false},"excerpt":{"rendered":"<div class=\"short-description-head\">El MASS-C es el caudal\u00edmetro m\u00e1sico Coriolis est\u00e1ndar de alto rendimiento para la industria de procesos, que constituye el dispositivo \u00f3ptimo para medios criog\u00e9nicos como el Gas Natural Licuado (GNL) con temperaturas de hasta -200\u00b0C \/ -328\u00b0F.<\/div>","protected":false},"featured_media":23345,"template":"","meta":[],"product_brand":[],"product_cat":[171,15],"product_tag":[],"class_list":{"0":"post-23340","1":"product","2":"type-product","3":"status-publish","4":"has-post-thumbnail","6":"product_cat-coriolis-flow-meters","7":"product_cat-uncategorized","9":"first","10":"instock","11":"shipping-taxable","12":"purchasable","13":"product-type-simple"},"_links":{"self":[{"href":"https:\/\/metlaninst.com\/es\/wp-json\/wp\/v2\/product\/23340","targetHints":{"allow":["GET"]}}],"collection":[{"href":"https:\/\/metlaninst.com\/es\/wp-json\/wp\/v2\/product"}],"about":[{"href":"https:\/\/metlaninst.com\/es\/wp-json\/wp\/v2\/types\/product"}],"version-history":[{"count":2,"href":"https:\/\/metlaninst.com\/es\/wp-json\/wp\/v2\/product\/23340\/revisions"}],"predecessor-version":[{"id":26155,"href":"https:\/\/metlaninst.com\/es\/wp-json\/wp\/v2\/product\/23340\/revisions\/26155"}],"wp:featuredmedia":[{"embeddable":true,"href":"https:\/\/metlaninst.com\/es\/wp-json\/wp\/v2\/media\/23345"}],"wp:attachment":[{"href":"https:\/\/metlaninst.com\/es\/wp-json\/wp\/v2\/media?parent=23340"}],"wp:term":[{"taxonomy":"product_brand","embeddable":true,"href":"https:\/\/metlaninst.com\/es\/wp-json\/wp\/v2\/product_brand?post=23340"},{"taxonomy":"product_cat","embeddable":true,"href":"https:\/\/metlaninst.com\/es\/wp-json\/wp\/v2\/product_cat?post=23340"},{"taxonomy":"product_tag","embeddable":true,"href":"https:\/\/metlaninst.com\/es\/wp-json\/wp\/v2\/product_tag?post=23340"}],"curies":[{"name":"wp","href":"https:\/\/api.w.org\/{rel}","templated":true}]}}