{"id":25440,"date":"2024-12-15T04:47:16","date_gmt":"2024-12-15T04:47:16","guid":{"rendered":"https:\/\/www.metlaninst.com\/?post_type=product&#038;p=25440"},"modified":"2025-02-02T03:52:38","modified_gmt":"2025-02-02T03:52:38","slug":"caudalimetro-vortex-para-fluidos-a-alta-temperatura-lugbmt-h","status":"publish","type":"product","link":"https:\/\/metlaninst.com\/es\/p\/caudalimetro-vortex-para-fluidos-a-alta-temperatura-lugbmt-h\/","title":{"rendered":"Caudal\u00edmetro de vortex para medios de alta temperatura (LUGBMT-H)"},"content":{"rendered":"<div class=\"e-con-inner\">\n<div class=\"elementor-element e-con-full e-flex e-con e-child\">\n<div class=\"elementor-widget-container\">\n<h3 class=\"elementor-heading-title elementor-size-default\">Caracter\u00edsticas:<\/h3>\n<\/div>\n<div class=\"elementor-widget-container\">\n<div>\n<ol>\n<li data-zone-id=\"0\" data-line-index=\"0\" data-line=\"true\">Para aplicaciones de alta temperatura de hasta +400\u00b0C \/ +750\u00b0F<\/li>\n<li data-zone-id=\"0\" data-line-index=\"1\" data-line=\"true\">Los colores y el aspecto pueden personalizarse seg\u00fan se solicite<b><\/b><\/li>\n<li data-zone-id=\"0\" data-line-index=\"2\" data-line=\"true\">Tambi\u00e9n disponible en construcciones espec\u00edficas para el cliente<\/li>\n<li data-zone-id=\"0\" data-line-index=\"3\" data-line=\"true\">La pantalla LCD est\u00e1 disponible en ingl\u00e9s, espa\u00f1ol, franc\u00e9s y otros idiomas previa petici\u00f3n.<\/li>\n<li data-zone-id=\"0\" data-line-index=\"4\" data-line=\"true\">Cada caudal\u00edmetro se calibra y se le asigna un n\u00famero de serie \u00fanico que corresponde a todos los datos de calibraci\u00f3n.<\/li>\n<\/ol>\n<\/div>\n<\/div>\n<\/div>\n<div class=\"elementor-element e-con-full e-flex e-con e-child\">\n<div class=\"elementor-widget-container\">\n<h3 class=\"elementor-heading-title elementor-size-default\">Aplicaciones:<\/h3>\n<\/div>\n<div class=\"elementor-widget-container\">\n<h5 class=\"first\">General<\/h5>\n<div>\n<ul>\n<li data-zone-id=\"0\" data-line-index=\"0\" data-line=\"true\">Medici\u00f3n de medios (no) conductores por encima de +250\u00b0C \/ +482\u00b0F<\/li>\n<li data-zone-id=\"0\" data-line-index=\"0\" data-line=\"true\">Control de los circuitos de agua caliente<\/li>\n<li data-zone-id=\"0\" data-line-index=\"2\" data-line=\"true\">Medici\u00f3n del consumo de gases industriales a alta temperatura<\/li>\n<\/ul>\n<\/div>\n<h5>Industria qu\u00edmica y petroqu\u00edmica<\/h5>\n<div>\n<ul>\n<li data-zone-id=\"0\" data-line-index=\"0\" data-line=\"true\">Control de los craqueadores de vapor<\/li>\n<li data-zone-id=\"0\" data-line-index=\"0\" data-line=\"true\">Medici\u00f3n de nitr\u00f3geno caliente a m\u00e1s de +250\u00b0C \/ +482\u00b0F<\/li>\n<li data-zone-id=\"0\" data-line-index=\"2\" data-line=\"true\">Eliminaci\u00f3n de la humedad de los sistemas de proceso<\/li>\n<\/ul>\n<\/div>\n<h5>Industria energ\u00e9tica convencional y renovable<\/h5>\n<div>\n<ul>\n<li data-zone-id=\"0\" data-line-index=\"0\" data-line=\"true\">Control del vapor y el condensado<\/li>\n<\/ul>\n<\/div>\n<h5>Siderurgia y metalurgia<\/h5>\n<ul>\n<li>Control del agua de refrigeraci\u00f3n en un alto horno<\/li>\n<\/ul>\n<h5>Industria alimentaria<\/h5>\n<ul>\n<li>Supervisi\u00f3n de calderas de vapor<\/li>\n<\/ul>\n<\/div>\n<\/div>\n<\/div>","protected":false},"excerpt":{"rendered":"<div class=\"short-description-head\">\n<div>\n<div data-zone-id=\"0\" data-line-index=\"0\" data-line=\"true\">El LUGBMT-H es un caudal\u00edmetro Vortex para aplicaciones de alta temperatura de hasta +400\u00b0C \/ +750\u00b0F. Este caudal\u00edmetro est\u00e1 especialmente dise\u00f1ado para la medici\u00f3n de vapor saturado y sobrecalentado por encima de +240\u00b0C \/ +464\u00b0F. Otras aplicaciones implican medios a alta temperatura como aceite t\u00e9rmico u otros l\u00edquidos de transferencia de calor, as\u00ed como gases de proceso y auxiliares a alta temperatura.<\/div>\n<\/div>\n<\/div>","protected":false},"featured_media":25444,"template":"","meta":[],"product_brand":[],"product_cat":[121,208,205,164,166],"product_tag":[],"class_list":{"0":"post-25440","1":"product","2":"type-product","3":"status-publish","4":"has-post-thumbnail","6":"product_cat-vortex-flow-meters","7":"product_cat-gas-flow-meters","8":"product_cat-steam-flow-meters","9":"product_cat-air-flow-meters","10":"product_cat-liquid-flow-meters","12":"first","13":"instock","14":"shipping-taxable","15":"purchasable","16":"product-type-simple"},"_links":{"self":[{"href":"https:\/\/metlaninst.com\/es\/wp-json\/wp\/v2\/product\/25440","targetHints":{"allow":["GET"]}}],"collection":[{"href":"https:\/\/metlaninst.com\/es\/wp-json\/wp\/v2\/product"}],"about":[{"href":"https:\/\/metlaninst.com\/es\/wp-json\/wp\/v2\/types\/product"}],"version-history":[{"count":3,"href":"https:\/\/metlaninst.com\/es\/wp-json\/wp\/v2\/product\/25440\/revisions"}],"predecessor-version":[{"id":25446,"href":"https:\/\/metlaninst.com\/es\/wp-json\/wp\/v2\/product\/25440\/revisions\/25446"}],"wp:featuredmedia":[{"embeddable":true,"href":"https:\/\/metlaninst.com\/es\/wp-json\/wp\/v2\/media\/25444"}],"wp:attachment":[{"href":"https:\/\/metlaninst.com\/es\/wp-json\/wp\/v2\/media?parent=25440"}],"wp:term":[{"taxonomy":"product_brand","embeddable":true,"href":"https:\/\/metlaninst.com\/es\/wp-json\/wp\/v2\/product_brand?post=25440"},{"taxonomy":"product_cat","embeddable":true,"href":"https:\/\/metlaninst.com\/es\/wp-json\/wp\/v2\/product_cat?post=25440"},{"taxonomy":"product_tag","embeddable":true,"href":"https:\/\/metlaninst.com\/es\/wp-json\/wp\/v2\/product_tag?post=25440"}],"curies":[{"name":"wp","href":"https:\/\/api.w.org\/{rel}","templated":true}]}}