{"id":25448,"date":"2024-12-15T05:03:38","date_gmt":"2024-12-15T05:03:38","guid":{"rendered":"https:\/\/www.metlaninst.com\/?post_type=product&#038;p=25448"},"modified":"2025-02-02T03:52:06","modified_gmt":"2025-02-02T03:52:06","slug":"caudalimetro-vortex-para-alta-presion-lugbmt-p","status":"publish","type":"product","link":"https:\/\/metlaninst.com\/es\/p\/caudalimetro-vortex-para-alta-presion-lugbmt-p\/","title":{"rendered":"Caudal\u00edmetro de vortex para alta presi\u00f3n (LUGBMT-P)"},"content":{"rendered":"<div class=\"e-con-inner\">\n<div class=\"elementor-element e-con-full e-flex e-con e-child\">\n<div class=\"elementor-widget-container\">\n<h3 class=\"elementor-heading-title elementor-size-default\">Caracter\u00edsticas:<\/h3>\n<\/div>\n<div class=\"elementor-widget-container\">\n<ol>\n<li data-zone-id=\"0\" data-line-index=\"0\" data-line=\"true\">El especialista para aplicaciones con alta presi\u00f3n de proceso de hasta 250 bar (3625,95 psi)<\/li>\n<li data-zone-id=\"0\" data-line-index=\"1\" data-line=\"true\">Los colores y el aspecto pueden personalizarse seg\u00fan se solicite<b><\/b><\/li>\n<li data-zone-id=\"0\" data-line-index=\"2\" data-line=\"true\">Tambi\u00e9n disponible en construcciones espec\u00edficas para el cliente<\/li>\n<li data-zone-id=\"0\" data-line-index=\"3\" data-line=\"true\">La pantalla LCD est\u00e1 disponible en ingl\u00e9s, espa\u00f1ol, franc\u00e9s y otros idiomas previa petici\u00f3n.<\/li>\n<li data-zone-id=\"0\" data-line-index=\"4\" data-line=\"true\">Cada caudal\u00edmetro se calibra y se le asigna un n\u00famero de serie \u00fanico que corresponde a todos los datos de calibraci\u00f3n.<\/li>\n<\/ol>\n<\/div>\n<\/div>\n<div class=\"elementor-element e-con-full e-flex e-con e-child\">\n<div class=\"elementor-widget-container\">\n<h3 class=\"elementor-heading-title elementor-size-default\">Aplicaciones:<\/h3>\n<\/div>\n<div class=\"elementor-widget-container\">\n<h5 class=\"first\">General<\/h5>\n<div>\n<ul>\n<li data-zone-id=\"0\" data-line-index=\"0\" data-line=\"true\">Adecuado para aplicaciones de alta presi\u00f3n con gases y vapor<\/li>\n<li data-zone-id=\"0\" data-line-index=\"0\" data-line=\"true\">Medici\u00f3n integrada para el control de la temperatura y la presi\u00f3n en sistemas de proceso<\/li>\n<li data-zone-id=\"0\" data-line-index=\"0\" data-line=\"true\">Supervisi\u00f3n de procesos de vapor y gas con gran precisi\u00f3n<\/li>\n<\/ul>\n<\/div>\n<h5>Petr\u00f3leo y gas, qu\u00edmica<\/h5>\n<div>\n<ul>\n<li data-zone-id=\"0\" data-line-index=\"0\" data-line=\"true\">Control de gases de proceso y vapor a alta presi\u00f3n<\/li>\n<li data-zone-id=\"0\" data-line-index=\"0\" data-line=\"true\">Medici\u00f3n del vapor en refiner\u00edas y plantas petroqu\u00edmicas<\/li>\n<\/ul>\n<\/div>\n<h5>Industria energ\u00e9tica<\/h5>\n<div>\n<ul>\n<li data-zone-id=\"0\" data-line-index=\"0\" data-line=\"true\">Control del vapor y el condensado en centrales el\u00e9ctricas convencionales y renovables<\/li>\n<\/ul>\n<\/div>\n<h5>Siderurgia y metalurgia<\/h5>\n<ul>\n<li>Medici\u00f3n del vapor en procesos de refrigeraci\u00f3n<\/li>\n<\/ul>\n<h5>Marina y alta mar<\/h5>\n<ul>\n<li>Gesti\u00f3n del vapor en aplicaciones marinas, adecuada para entornos dif\u00edciles<\/li>\n<\/ul>\n<\/div>\n<\/div>\n<\/div>","protected":false},"excerpt":{"rendered":"<div class=\"short-description-head\">\n<div data-zone-id=\"0\" data-line-index=\"0\" data-line=\"true\">LUGBMT-P es el caudal\u00edmetro Vortex para tuber\u00edas de acoplamiento de alta presi\u00f3n de hasta 250 bar (3625,95 psi). El caudal\u00edmetro es ideal para el control fiable de procesos en aplicaciones exigentes de gas y vapor con alta presi\u00f3n de proceso.<\/div>\n<\/div>","protected":false},"featured_media":25452,"template":"","meta":[],"product_brand":[],"product_cat":[121,208,205,164,166],"product_tag":[],"class_list":{"0":"post-25448","1":"product","2":"type-product","3":"status-publish","4":"has-post-thumbnail","6":"product_cat-vortex-flow-meters","7":"product_cat-gas-flow-meters","8":"product_cat-steam-flow-meters","9":"product_cat-air-flow-meters","10":"product_cat-liquid-flow-meters","12":"first","13":"instock","14":"shipping-taxable","15":"purchasable","16":"product-type-simple"},"_links":{"self":[{"href":"https:\/\/metlaninst.com\/es\/wp-json\/wp\/v2\/product\/25448","targetHints":{"allow":["GET"]}}],"collection":[{"href":"https:\/\/metlaninst.com\/es\/wp-json\/wp\/v2\/product"}],"about":[{"href":"https:\/\/metlaninst.com\/es\/wp-json\/wp\/v2\/types\/product"}],"version-history":[{"count":1,"href":"https:\/\/metlaninst.com\/es\/wp-json\/wp\/v2\/product\/25448\/revisions"}],"predecessor-version":[{"id":25457,"href":"https:\/\/metlaninst.com\/es\/wp-json\/wp\/v2\/product\/25448\/revisions\/25457"}],"wp:featuredmedia":[{"embeddable":true,"href":"https:\/\/metlaninst.com\/es\/wp-json\/wp\/v2\/media\/25452"}],"wp:attachment":[{"href":"https:\/\/metlaninst.com\/es\/wp-json\/wp\/v2\/media?parent=25448"}],"wp:term":[{"taxonomy":"product_brand","embeddable":true,"href":"https:\/\/metlaninst.com\/es\/wp-json\/wp\/v2\/product_brand?post=25448"},{"taxonomy":"product_cat","embeddable":true,"href":"https:\/\/metlaninst.com\/es\/wp-json\/wp\/v2\/product_cat?post=25448"},{"taxonomy":"product_tag","embeddable":true,"href":"https:\/\/metlaninst.com\/es\/wp-json\/wp\/v2\/product_tag?post=25448"}],"curies":[{"name":"wp","href":"https:\/\/api.w.org\/{rel}","templated":true}]}}