{"id":25462,"date":"2024-12-25T05:56:08","date_gmt":"2024-12-25T05:56:08","guid":{"rendered":"https:\/\/www.metlaninst.com\/?post_type=product&#038;p=25462"},"modified":"2025-02-02T03:46:16","modified_gmt":"2025-02-02T03:46:16","slug":"caudalimetros-vortex-lugbmt-100","status":"publish","type":"product","link":"https:\/\/metlaninst.com\/es\/p\/caudalimetros-vortex-lugbmt-100\/","title":{"rendered":"Caudal\u00edmetros de vortex (LUGBMT-100)"},"content":{"rendered":"<div class=\"e-con-inner\">\n<div class=\"elementor-element e-con-full e-flex e-con e-child\">\n<div class=\"elementor-widget-container\">\n<h3 class=\"elementor-heading-title elementor-size-default\">Caracter\u00edsticas:<\/h3>\n<\/div>\n<div class=\"elementor-widget-container\">\n<ol>\n<li data-zone-id=\"0\" data-line-index=\"0\" data-line=\"true\">Disponibles versiones de alta temperatura y alta presi\u00f3n<\/li>\n<li data-zone-id=\"0\" data-line-index=\"1\" data-line=\"true\">Los colores y el aspecto pueden personalizarse seg\u00fan se solicite<b><\/b><\/li>\n<li data-zone-id=\"0\" data-line-index=\"2\" data-line=\"true\">Tambi\u00e9n disponible en construcciones espec\u00edficas para el cliente<\/li>\n<li data-zone-id=\"0\" data-line-index=\"3\" data-line=\"true\">La pantalla LCD est\u00e1 disponible en ingl\u00e9s, espa\u00f1ol, franc\u00e9s y otros idiomas previa petici\u00f3n.<\/li>\n<li data-zone-id=\"0\" data-line-index=\"4\" data-line=\"true\">Cada caudal\u00edmetro se calibra y se le asigna un n\u00famero de serie \u00fanico que corresponde a todos los datos de calibraci\u00f3n.<\/li>\n<\/ol>\n<\/div>\n<\/div>\n<div class=\"elementor-element e-con-full e-flex e-con e-child\">\n<div class=\"elementor-widget-container\">\n<h3 class=\"elementor-heading-title elementor-size-default\">Aplicaciones:<\/h3>\n<\/div>\n<div class=\"elementor-widget-container\">\n<h5 class=\"first\">General<\/h5>\n<div>\n<ul>\n<li data-zone-id=\"0\" data-line-index=\"0\" data-line=\"true\">Aplicaciones de servicios p\u00fablicos: Distribuci\u00f3n de energ\u00eda en circuitos auxiliares y de alimentaci\u00f3n<\/li>\n<li data-zone-id=\"0\" data-line-index=\"0\" data-line=\"true\">Medici\u00f3n de l\u00edquidos (no) conductores, gases, vapor saturado y - sobrecalentado<\/li>\n<li data-zone-id=\"0\" data-line-index=\"0\" data-line=\"true\">Contador de calor bruto\/neto de vapor y agua caliente<\/li>\n<li data-zone-id=\"0\" data-line-index=\"0\" data-line=\"true\">Medici\u00f3n del consumo de gases industriales (gas natural, nitr\u00f3geno, etc.)<\/li>\n<li data-zone-id=\"0\" data-line-index=\"0\" data-line=\"true\">Medici\u00f3n del consumo en sistemas de aire comprimido<\/li>\n<\/ul>\n<\/div>\n<h5>Industria qu\u00edmica y otras industrias de transformaci\u00f3n<\/h5>\n<div>\n<ul>\n<li data-zone-id=\"0\" data-line-index=\"0\" data-line=\"true\">Hidrocarburos, aceites t\u00e9rmicos, etc.<\/li>\n<li data-zone-id=\"0\" data-line-index=\"0\" data-line=\"true\">Disolventes<\/li>\n<li data-zone-id=\"0\" data-line-index=\"0\" data-line=\"true\">Agua desalinizada<\/li>\n<li data-zone-id=\"0\" data-line-index=\"0\" data-line=\"true\">Gases, gases de soldadura, vapor<\/li>\n<li data-zone-id=\"0\" data-line-index=\"0\" data-line=\"true\">Productos petroqu\u00edmicos (benceno, etileno, etc.)<\/li>\n<\/ul>\n<\/div>\n<h5>Siderurgia y metalurgia<\/h5>\n<div>\n<ul>\n<li data-zone-id=\"0\" data-line-index=\"0\" data-line=\"true\">Circuitos de refrigeraci\u00f3n<\/li>\n<li data-zone-id=\"0\" data-line-index=\"0\" data-line=\"true\">Aire comprimido<\/li>\n<li data-zone-id=\"0\" data-line-index=\"0\" data-line=\"true\">Gases inertes<\/li>\n<li data-zone-id=\"0\" data-line-index=\"0\" data-line=\"true\">Ox\u00edgeno<\/li>\n<li data-zone-id=\"0\" data-line-index=\"0\" data-line=\"true\">Gas natural<\/li>\n<li data-zone-id=\"0\" data-line-index=\"0\" data-line=\"true\">Vapor<\/li>\n<\/ul>\n<\/div>\n<h5>Industria alimentaria<\/h5>\n<ul>\n<li>Agua purificada y desalinizada<\/li>\n<li>CO2<\/li>\n<li>Consumo del quemador<\/li>\n<li>Vapor<\/li>\n<\/ul>\n<h5>Industria papelera<\/h5>\n<ul>\n<li>Aire comprimido, vapor, etc.<\/li>\n<\/ul>\n<h5>Industria petrolera y del gas<\/h5>\n<ul>\n<li>Productos petroqu\u00edmicos (benceno, etileno, vapor, etc.)<\/li>\n<li>Gas natural<\/li>\n<\/ul>\n<\/div>\n<\/div>\n<\/div>","protected":false},"excerpt":{"rendered":"<div class=\"short-description-head\">\n<div data-zone-id=\"0\" data-line-index=\"0\" data-line=\"true\">El caudal\u00edmetro vortex LUGBMT-100 es adecuado para medir vapor, as\u00ed como una variedad de l\u00edquidos y gases. Personalice aqu\u00ed el caudal\u00edmetro que prefiera seg\u00fan sus aplicaciones e industrias, y tenga en cuenta que los colores y el aspecto se pueden personalizar seg\u00fan se solicite.<\/div>\n<\/div>","protected":false},"featured_media":25453,"template":"","meta":[],"product_brand":[],"product_cat":[121,205,164,166,163],"product_tag":[],"class_list":{"0":"post-25462","1":"product","2":"type-product","3":"status-publish","4":"has-post-thumbnail","6":"product_cat-vortex-flow-meters","7":"product_cat-steam-flow-meters","8":"product_cat-air-flow-meters","9":"product_cat-liquid-flow-meters","10":"product_cat-water-flow-meters","12":"first","13":"instock","14":"shipping-taxable","15":"purchasable","16":"product-type-simple"},"_links":{"self":[{"href":"https:\/\/metlaninst.com\/es\/wp-json\/wp\/v2\/product\/25462","targetHints":{"allow":["GET"]}}],"collection":[{"href":"https:\/\/metlaninst.com\/es\/wp-json\/wp\/v2\/product"}],"about":[{"href":"https:\/\/metlaninst.com\/es\/wp-json\/wp\/v2\/types\/product"}],"version-history":[{"count":1,"href":"https:\/\/metlaninst.com\/es\/wp-json\/wp\/v2\/product\/25462\/revisions"}],"predecessor-version":[{"id":25465,"href":"https:\/\/metlaninst.com\/es\/wp-json\/wp\/v2\/product\/25462\/revisions\/25465"}],"wp:featuredmedia":[{"embeddable":true,"href":"https:\/\/metlaninst.com\/es\/wp-json\/wp\/v2\/media\/25453"}],"wp:attachment":[{"href":"https:\/\/metlaninst.com\/es\/wp-json\/wp\/v2\/media?parent=25462"}],"wp:term":[{"taxonomy":"product_brand","embeddable":true,"href":"https:\/\/metlaninst.com\/es\/wp-json\/wp\/v2\/product_brand?post=25462"},{"taxonomy":"product_cat","embeddable":true,"href":"https:\/\/metlaninst.com\/es\/wp-json\/wp\/v2\/product_cat?post=25462"},{"taxonomy":"product_tag","embeddable":true,"href":"https:\/\/metlaninst.com\/es\/wp-json\/wp\/v2\/product_tag?post=25462"}],"curies":[{"name":"wp","href":"https:\/\/api.w.org\/{rel}","templated":true}]}}