{"id":25494,"date":"2024-12-15T08:30:23","date_gmt":"2024-12-15T08:30:23","guid":{"rendered":"https:\/\/www.metlaninst.com\/?post_type=product&#038;p=25494"},"modified":"2025-03-15T08:03:52","modified_gmt":"2025-03-15T08:03:52","slug":"caudalimetro-de-turbina-para-liquidos-de-alta-precision-lwgymt-a","status":"publish","type":"product","link":"https:\/\/metlaninst.com\/es\/p\/caudalimetro-de-turbina-para-liquidos-de-alta-precision-lwgymt-a\/","title":{"rendered":"Medidor de flujo de turbina de l\u00edquidos de alta precisi\u00f3n (LWGYMT-AJWL)"},"content":{"rendered":"<div class=\"e-con-inner\">\n<div class=\"elementor-element e-con-full e-flex e-con e-child\">\n<div class=\"elementor-widget-container\">\n<h3 class=\"elementor-heading-title elementor-size-default\">Caracter\u00edsticas:<\/h3>\n<\/div>\n<div class=\"elementor-widget-container\">\n<ol>\n<li data-zone-id=\"0\" data-line-index=\"0\" data-line=\"true\">Alta precisi\u00f3n de hasta \u00b10,2 %, con buena repetibilidad.<\/li>\n<li data-zone-id=\"0\" data-line-index=\"0\" data-line=\"true\">Relaci\u00f3n de reducci\u00f3n de 1:20.<\/li>\n<li data-zone-id=\"0\" data-line-index=\"0\" data-line=\"true\">Estructura que ahorra espacio con un di\u00e1metro interior m\u00ednimo de DN0,5.<\/li>\n<li data-zone-id=\"0\" data-line-index=\"1\" data-line=\"true\">Los colores y el aspecto pueden personalizarse seg\u00fan se solicite<b><\/b><\/li>\n<li data-zone-id=\"0\" data-line-index=\"2\" data-line=\"true\">Tambi\u00e9n disponible en construcciones espec\u00edficas para el cliente<\/li>\n<li data-zone-id=\"0\" data-line-index=\"3\" data-line=\"true\">La pantalla LCD est\u00e1 disponible en ingl\u00e9s, espa\u00f1ol, franc\u00e9s y otros idiomas previa petici\u00f3n.<\/li>\n<li data-zone-id=\"0\" data-line-index=\"4\" data-line=\"true\">Cada caudal\u00edmetro se calibra y se le asigna un n\u00famero de serie \u00fanico que corresponde a todos los datos de calibraci\u00f3n.<\/li>\n<\/ol>\n<\/div>\n<\/div>\n<div class=\"elementor-element e-con-full e-flex e-con e-child\">\n<div class=\"elementor-widget-container\">\n<h3 class=\"elementor-heading-title elementor-size-default\">Aplicaciones:<\/h3>\n<\/div>\n<div class=\"elementor-widget-container\">\n<h5 class=\"first\">General<\/h5>\n<div>\n<ul>\n<li data-zone-id=\"0\" data-line-index=\"0\" data-line=\"true\">Medici\u00f3n de fluidos de baja viscosidad con gran precisi\u00f3n<\/li>\n<li data-zone-id=\"0\" data-line-index=\"0\" data-line=\"true\">Adecuado para sistemas de alta presi\u00f3n de hasta 160 bar (2320,6 psi)<\/li>\n<\/ul>\n<\/div>\n<h5>Petr\u00f3leo y gas<\/h5>\n<div>\n<ul>\n<li data-zone-id=\"0\" data-line-index=\"0\" data-line=\"true\">Aplicaciones de transferencia de custodia en petr\u00f3leo y gas, que garantizan una medici\u00f3n precisa del caudal en condiciones de alta presi\u00f3n.<\/li>\n<\/ul>\n<\/div>\n<h5>Fabricaci\u00f3n industrial<\/h5>\n<div>\n<ul>\n<li data-zone-id=\"0\" data-line-index=\"0\" data-line=\"true\">Control de precisi\u00f3n de la refrigeraci\u00f3n, los fluidos de proceso y los lubricantes<\/li>\n<li data-zone-id=\"0\" data-line-index=\"0\" data-line=\"true\">Aeroespacial<\/li>\n<li data-zone-id=\"0\" data-line-index=\"0\" data-line=\"true\">Se utiliza en aplicaciones aeroespaciales que requieren una medici\u00f3n de caudal de alta precisi\u00f3n<\/li>\n<\/ul>\n<\/div>\n<\/div>\n<\/div>\n<\/div>","protected":false},"excerpt":{"rendered":"<div class=\"short-description-head\">\n<div data-zone-id=\"0\" data-line-index=\"0\" data-line=\"true\">El caudal\u00edmetro de turbina LWGYMT-A est\u00e1 fabricado con tolerancias extremadamente ajustadas que se consiguen gracias a nuestros procesos de fabricaci\u00f3n de precisi\u00f3n, estrictos controles de calidad y capacidades de calibraci\u00f3n internas, que ofrecen una precisi\u00f3n de \u00b10,2 % y una repetibilidad de\u00b10,1 % para fluidos limpios de baja viscosidad.<\/div>\n<\/div>","protected":false},"featured_media":26615,"template":"","meta":[],"product_brand":[],"product_cat":[120,166],"product_tag":[],"class_list":{"0":"post-25494","1":"product","2":"type-product","3":"status-publish","4":"has-post-thumbnail","6":"product_cat-turbine-flow-meters","7":"product_cat-liquid-flow-meters","9":"first","10":"instock","11":"shipping-taxable","12":"purchasable","13":"product-type-simple"},"_links":{"self":[{"href":"https:\/\/metlaninst.com\/es\/wp-json\/wp\/v2\/product\/25494","targetHints":{"allow":["GET"]}}],"collection":[{"href":"https:\/\/metlaninst.com\/es\/wp-json\/wp\/v2\/product"}],"about":[{"href":"https:\/\/metlaninst.com\/es\/wp-json\/wp\/v2\/types\/product"}],"version-history":[{"count":4,"href":"https:\/\/metlaninst.com\/es\/wp-json\/wp\/v2\/product\/25494\/revisions"}],"predecessor-version":[{"id":26620,"href":"https:\/\/metlaninst.com\/es\/wp-json\/wp\/v2\/product\/25494\/revisions\/26620"}],"wp:featuredmedia":[{"embeddable":true,"href":"https:\/\/metlaninst.com\/es\/wp-json\/wp\/v2\/media\/26615"}],"wp:attachment":[{"href":"https:\/\/metlaninst.com\/es\/wp-json\/wp\/v2\/media?parent=25494"}],"wp:term":[{"taxonomy":"product_brand","embeddable":true,"href":"https:\/\/metlaninst.com\/es\/wp-json\/wp\/v2\/product_brand?post=25494"},{"taxonomy":"product_cat","embeddable":true,"href":"https:\/\/metlaninst.com\/es\/wp-json\/wp\/v2\/product_cat?post=25494"},{"taxonomy":"product_tag","embeddable":true,"href":"https:\/\/metlaninst.com\/es\/wp-json\/wp\/v2\/product_tag?post=25494"}],"curies":[{"name":"wp","href":"https:\/\/api.w.org\/{rel}","templated":true}]}}