{"id":25518,"date":"2024-09-15T13:21:21","date_gmt":"2024-09-15T13:21:21","guid":{"rendered":"https:\/\/www.metlaninst.com\/?post_type=product&#038;p=25518"},"modified":"2025-02-08T04:46:11","modified_gmt":"2025-02-08T04:46:11","slug":"caudalimetro-de-placa-de-orificio-mtkb-o","status":"publish","type":"product","link":"https:\/\/metlaninst.com\/es\/p\/caudalimetro-de-placa-de-orificio-mtkb-o\/","title":{"rendered":"Caudal\u00edmetro de placa de orificio (MTKB-O)"},"content":{"rendered":"<div class=\"e-con-inner\">\n<div class=\"elementor-element e-con-full e-flex e-con e-child\">\n<div class=\"elementor-widget-container\">\n<h3 class=\"elementor-heading-title elementor-size-default\">Caracter\u00edsticas:<\/h3>\n<\/div>\n<div class=\"elementor-widget-container\">\n<ol>\n<li data-zone-id=\"0\" data-line-index=\"1\" data-line=\"true\">Los colores y el aspecto pueden personalizarse seg\u00fan se solicite<b><\/b><\/li>\n<li data-zone-id=\"0\" data-line-index=\"2\" data-line=\"true\">Tambi\u00e9n disponible en construcciones espec\u00edficas para el cliente<\/li>\n<li data-zone-id=\"0\" data-line-index=\"3\" data-line=\"true\">La pantalla LCD est\u00e1 disponible en ingl\u00e9s, espa\u00f1ol, franc\u00e9s y otros idiomas previa petici\u00f3n.<\/li>\n<li data-zone-id=\"0\" data-line-index=\"4\" data-line=\"true\">Cada caudal\u00edmetro se calibra y se le asigna un n\u00famero de serie \u00fanico que corresponde a todos los datos de calibraci\u00f3n.<\/li>\n<\/ol>\n<\/div>\n<\/div>\n<div class=\"elementor-element e-con-full e-flex e-con e-child\">\n<div class=\"elementor-widget-container\">\n<h3 class=\"elementor-heading-title elementor-size-default\">Aplicaciones:<\/h3>\n<\/div>\n<div class=\"elementor-widget-container\">\n<h5>General<\/h5>\n<div>\n<ul>\n<li data-zone-id=\"0\" data-line-index=\"0\" data-line=\"true\">Aplicaciones de caudal de uso general con l\u00edquidos conductores y no conductores, gases y vapor<\/li>\n<li data-zone-id=\"0\" data-line-index=\"0\" data-line=\"true\">Flujos de procesos en la industria qu\u00edmica, petroqu\u00edmica y otras industrias de transformaci\u00f3n<\/li>\n<li data-zone-id=\"0\" data-line-index=\"0\" data-line=\"true\">Medici\u00f3n del caudal de productos refinados<\/li>\n<li data-zone-id=\"0\" data-line-index=\"0\" data-line=\"true\">Producci\u00f3n de petr\u00f3leo y gas, gas lift, agua producida<\/li>\n<li data-zone-id=\"0\" data-line-index=\"0\" data-line=\"true\">Plantas de procesamiento de gas<\/li>\n<li data-zone-id=\"0\" data-line-index=\"0\" data-line=\"true\">Tratamiento de aguas y aguas residuales (por ejemplo, aireaci\u00f3n)<\/li>\n<li data-zone-id=\"0\" data-line-index=\"0\" data-line=\"true\">Agua desmineralizada<\/li>\n<li data-zone-id=\"0\" data-line-index=\"0\" data-line=\"true\">Flujo de vapor y condensado en los servicios p\u00fablicos<\/li>\n<\/ul>\n<\/div>\n<\/div>\n<\/div>\n<\/div>","protected":false},"excerpt":{"rendered":"<div class=\"short-description-head\">\n<div data-zone-id=\"0\" data-line-index=\"0\" data-line=\"true\">El caudal\u00edmetro de placa orificio MTKB-O es un econ\u00f3mico caudal\u00edmetro de presi\u00f3n diferencial para una amplia gama de aplicaciones, desde agua desmineralizada hasta productos qu\u00edmicos y vapor, con una alta precisi\u00f3n de hasta \u00b10,075%.<\/div>\n<\/div>","protected":false},"featured_media":25521,"template":"","meta":[],"product_brand":[],"product_cat":[122,205,164,166],"product_tag":[],"class_list":{"0":"post-25518","1":"product","2":"type-product","3":"status-publish","4":"has-post-thumbnail","6":"product_cat-differential-pressure-flow-meters","7":"product_cat-steam-flow-meters","8":"product_cat-air-flow-meters","9":"product_cat-liquid-flow-meters","11":"first","12":"instock","13":"shipping-taxable","14":"purchasable","15":"product-type-variable"},"_links":{"self":[{"href":"https:\/\/metlaninst.com\/es\/wp-json\/wp\/v2\/product\/25518","targetHints":{"allow":["GET"]}}],"collection":[{"href":"https:\/\/metlaninst.com\/es\/wp-json\/wp\/v2\/product"}],"about":[{"href":"https:\/\/metlaninst.com\/es\/wp-json\/wp\/v2\/types\/product"}],"version-history":[{"count":1,"href":"https:\/\/metlaninst.com\/es\/wp-json\/wp\/v2\/product\/25518\/revisions"}],"predecessor-version":[{"id":25523,"href":"https:\/\/metlaninst.com\/es\/wp-json\/wp\/v2\/product\/25518\/revisions\/25523"}],"wp:featuredmedia":[{"embeddable":true,"href":"https:\/\/metlaninst.com\/es\/wp-json\/wp\/v2\/media\/25521"}],"wp:attachment":[{"href":"https:\/\/metlaninst.com\/es\/wp-json\/wp\/v2\/media?parent=25518"}],"wp:term":[{"taxonomy":"product_brand","embeddable":true,"href":"https:\/\/metlaninst.com\/es\/wp-json\/wp\/v2\/product_brand?post=25518"},{"taxonomy":"product_cat","embeddable":true,"href":"https:\/\/metlaninst.com\/es\/wp-json\/wp\/v2\/product_cat?post=25518"},{"taxonomy":"product_tag","embeddable":true,"href":"https:\/\/metlaninst.com\/es\/wp-json\/wp\/v2\/product_tag?post=25518"}],"curies":[{"name":"wp","href":"https:\/\/api.w.org\/{rel}","templated":true}]}}