{"id":25592,"date":"2024-09-20T07:49:55","date_gmt":"2024-09-20T07:49:55","guid":{"rendered":"https:\/\/www.metlaninst.com\/?post_type=product&#038;p=25592"},"modified":"2025-02-08T04:45:59","modified_gmt":"2025-02-08T04:45:59","slug":"caudalimetros-rotametros-metalicos-de-area-variable-mtlz-m","status":"publish","type":"product","link":"https:\/\/metlaninst.com\/es\/p\/caudalimetros-rotametros-metalicos-de-area-variable-mtlz-m\/","title":{"rendered":"Caudal\u00edmetro met\u00e1licos de \u00e1rea variable rot\u00e1metro (MTLZ-M)"},"content":{"rendered":"<div class=\"e-con-inner\">\n<div class=\"elementor-element e-con-full e-flex e-con e-child\">\n<div class=\"elementor-widget-container\">\n<h3 class=\"elementor-heading-title elementor-size-default\">Caracter\u00edsticas:<\/h3>\n<\/div>\n<div class=\"elementor-widget-container\">\n<ol>\n<li data-zone-id=\"0\" data-line-index=\"0\" data-line=\"true\">Instalaci\u00f3n sencilla y econ\u00f3mica: permite medir y visualizar sin alimentaci\u00f3n auxiliar<\/li>\n<li data-zone-id=\"0\" data-line-index=\"1\" data-line=\"true\">Los colores y el aspecto pueden personalizarse seg\u00fan se solicite<b><\/b><\/li>\n<li data-zone-id=\"0\" data-line-index=\"2\" data-line=\"true\">Tambi\u00e9n disponible en construcciones espec\u00edficas para el cliente<\/li>\n<li data-zone-id=\"0\" data-line-index=\"3\" data-line=\"true\">La pantalla LCD est\u00e1 disponible en ingl\u00e9s, espa\u00f1ol, franc\u00e9s y otros idiomas previa petici\u00f3n.<\/li>\n<li data-zone-id=\"0\" data-line-index=\"4\" data-line=\"true\">Cada caudal\u00edmetro se calibra y se le asigna un n\u00famero de serie \u00fanico que corresponde a todos los datos de calibraci\u00f3n.<\/li>\n<\/ol>\n<\/div>\n<\/div>\n<div class=\"elementor-element e-con-full e-flex e-con e-child\">\n<div class=\"elementor-widget-container\">\n<h3 class=\"elementor-heading-title elementor-size-default\">Aplicaciones:<\/h3>\n<\/div>\n<div class=\"elementor-widget-container\">\n<h5>Industria qu\u00edmica y otras industrias de transformaci\u00f3n<\/h5>\n<div>\n<ul>\n<li data-zone-id=\"0\" data-line-index=\"0\" data-line=\"true\">Aditivos (por ejemplo, catalizadores, tensioactivos, inhibidores de espuma, emulsionantes)<\/li>\n<li data-zone-id=\"0\" data-line-index=\"0\" data-line=\"true\">\u00c1cidos, bases, fosgeno y otras sustancias clor\u00eddicas, sustancias sulf\u00faricas<\/li>\n<li data-zone-id=\"0\" data-line-index=\"0\" data-line=\"true\">Condensados y agua de refrigeraci\u00f3n<\/li>\n<li data-zone-id=\"0\" data-line-index=\"0\" data-line=\"true\">Inertizaci\u00f3n con nitr\u00f3geno de recipientes y dep\u00f3sitos<\/li>\n<li data-zone-id=\"0\" data-line-index=\"0\" data-line=\"true\">Control del flujo de muestras para el an\u00e1lisis de procesos<\/li>\n<li data-zone-id=\"0\" data-line-index=\"0\" data-line=\"true\">Inyecci\u00f3n de gas en l\u00edquidos<\/li>\n<\/ul>\n<\/div>\n<h5>Industria petrolera y del gas<\/h5>\n<div>\n<ul>\n<li data-zone-id=\"0\" data-line-index=\"0\" data-line=\"true\">Patines de inyecci\u00f3n para inhibidores de corrosi\u00f3n, incrustaciones e hidratos<\/li>\n<li data-zone-id=\"0\" data-line-index=\"0\" data-line=\"true\">Nitr\u00f3geno, gases de combusti\u00f3n, etc.<\/li>\n<li data-zone-id=\"0\" data-line-index=\"0\" data-line=\"true\">Emulsionantes<\/li>\n<\/ul>\n<h5>Industria alimentaria<\/h5>\n<div>\n<ul>\n<li data-zone-id=\"0\" data-line-index=\"0\" data-line=\"true\">Aceite vegetal, agua potable, leche, di\u00f3xido de carbono<\/li>\n<li data-zone-id=\"0\" data-line-index=\"0\" data-line=\"true\">Productos de limpieza<\/li>\n<\/ul>\n<h5>Industria del agua y las aguas residuales<\/h5>\n<div>\n<ul>\n<li data-zone-id=\"0\" data-line-index=\"0\" data-line=\"true\">Inyecci\u00f3n de ox\u00edgeno en las balsas de aireaci\u00f3n<\/li>\n<li data-zone-id=\"0\" data-line-index=\"0\" data-line=\"true\">Inyecci\u00f3n de aire para reducir el contenido de hierro<\/li>\n<\/ul>\n<h5>Industria energ\u00e9tica convencional y nuclear<\/h5>\n<div>\n<ul>\n<li data-zone-id=\"0\" data-line-index=\"0\" data-line=\"true\">Agua pesada, agua borada, tritio, etc.<\/li>\n<li data-zone-id=\"0\" data-line-index=\"0\" data-line=\"true\">Hidracina<\/li>\n<li data-zone-id=\"0\" data-line-index=\"0\" data-line=\"true\">\u00c1cido sulf\u00farico<\/li>\n<li data-zone-id=\"0\" data-line-index=\"0\" data-line=\"true\">Fosfato, nitr\u00f3geno, hidr\u00f3geno, azufre<\/li>\n<li data-zone-id=\"0\" data-line-index=\"0\" data-line=\"true\">Agua purificada, agua salina, etc.<\/li>\n<li data-zone-id=\"0\" data-line-index=\"0\" data-line=\"true\">Vapor, aire, gases, agua de lavado de calderas, etc.<\/li>\n<li data-zone-id=\"0\" data-line-index=\"0\" data-line=\"true\">Gas\u00f3leo, flujos de fueloil de retorno, etc.<\/li>\n<\/ul>\n<\/div>\n<\/div>\n<\/div>\n<\/div>\n<\/div>\n<\/div>\n<\/div>","protected":false},"excerpt":{"rendered":"<div class=\"short-description-head\">\n<div data-zone-id=\"0\" data-line-index=\"0\" data-line=\"true\">El rot\u00e1metro de \u00e1rea variable MTLZ-M est\u00e1 disponible en diversos materiales y en muchas versiones diferentes. El robusto caudal\u00edmetro totalmente met\u00e1lico puede utilizarse tambi\u00e9n en aplicaciones con altas presiones (hasta 200 bar), temperaturas (-80 A 350 \u00b0C \/-112 a +662 \u00b0F) o medios agresivos.<\/div>\n<\/div>","protected":false},"featured_media":25595,"template":"","meta":[],"product_brand":[],"product_cat":[203,208,164,166,163],"product_tag":[],"class_list":{"0":"post-25592","1":"product","2":"type-product","3":"status-publish","4":"has-post-thumbnail","6":"product_cat-rotameters-flow-meter","7":"product_cat-gas-flow-meters","8":"product_cat-air-flow-meters","9":"product_cat-liquid-flow-meters","10":"product_cat-water-flow-meters","12":"first","13":"instock","14":"shipping-taxable","15":"purchasable","16":"product-type-simple"},"_links":{"self":[{"href":"https:\/\/metlaninst.com\/es\/wp-json\/wp\/v2\/product\/25592","targetHints":{"allow":["GET"]}}],"collection":[{"href":"https:\/\/metlaninst.com\/es\/wp-json\/wp\/v2\/product"}],"about":[{"href":"https:\/\/metlaninst.com\/es\/wp-json\/wp\/v2\/types\/product"}],"version-history":[{"count":3,"href":"https:\/\/metlaninst.com\/es\/wp-json\/wp\/v2\/product\/25592\/revisions"}],"predecessor-version":[{"id":25602,"href":"https:\/\/metlaninst.com\/es\/wp-json\/wp\/v2\/product\/25592\/revisions\/25602"}],"wp:featuredmedia":[{"embeddable":true,"href":"https:\/\/metlaninst.com\/es\/wp-json\/wp\/v2\/media\/25595"}],"wp:attachment":[{"href":"https:\/\/metlaninst.com\/es\/wp-json\/wp\/v2\/media?parent=25592"}],"wp:term":[{"taxonomy":"product_brand","embeddable":true,"href":"https:\/\/metlaninst.com\/es\/wp-json\/wp\/v2\/product_brand?post=25592"},{"taxonomy":"product_cat","embeddable":true,"href":"https:\/\/metlaninst.com\/es\/wp-json\/wp\/v2\/product_cat?post=25592"},{"taxonomy":"product_tag","embeddable":true,"href":"https:\/\/metlaninst.com\/es\/wp-json\/wp\/v2\/product_tag?post=25592"}],"curies":[{"name":"wp","href":"https:\/\/api.w.org\/{rel}","templated":true}]}}