{"id":25726,"date":"2024-12-27T05:06:06","date_gmt":"2024-12-27T05:06:06","guid":{"rendered":"https:\/\/www.metlaninst.com\/?post_type=product&#038;p=25726"},"modified":"2025-09-11T09:06:52","modified_gmt":"2025-09-11T09:06:52","slug":"caudalimetro-de-desplazamiento-positivo-bi-rotor-mtdp-abr","status":"publish","type":"product","link":"https:\/\/metlaninst.com\/es\/p\/caudalimetro-de-desplazamiento-positivo-bi-rotor-mtdp-abr\/","title":{"rendered":"Medidor de caudal de desplazamiento positivo de dos rotores (MT-ABR)"},"content":{"rendered":"<div class=\"e-con-inner\">\n<div class=\"elementor-element e-con-full e-flex e-con e-child\">\n<div class=\"elementor-widget-container\">\n<h3 class=\"elementor-heading-title elementor-size-default\">Caracter\u00edsticas:<\/h3>\n<\/div>\n<div class=\"elementor-widget-container\">\n<ol>\n<li data-zone-id=\"0\" data-line-index=\"0\" data-line=\"true\">Alta precisi\u00f3n de hasta \u00b10,1 %, alta presi\u00f3n de proceso de hasta 110 bar (1595 psi)<\/li>\n<li data-zone-id=\"0\" data-line-index=\"0\" data-line=\"true\">Vida \u00fatil extremadamente larga, mantenimiento econ\u00f3mico reducido<\/li>\n<li data-zone-id=\"0\" data-line-index=\"0\" data-line=\"true\">Dos sencillos rotores sin contacto met\u00e1lico son las \u00fanicas piezas m\u00f3viles de la c\u00e1mara de medici\u00f3n.<\/li>\n<li data-zone-id=\"0\" data-line-index=\"0\" data-line=\"true\">Sin piezas oscilantes, rec\u00edprocas o deslizantes ni manivelas que desgasten o perturben el equilibrado rotativo.<\/li>\n<li data-zone-id=\"0\" data-line-index=\"0\" data-line=\"true\">Estable en marcha con voz baja<\/li>\n<li data-zone-id=\"0\" data-line-index=\"0\" data-line=\"true\">Buen rendimiento antiinterferencias y larga vida \u00fatil<\/li>\n<li data-zone-id=\"0\" data-line-index=\"0\" data-line=\"true\">Gran aplicabilidad a los cambios de viscosidad<\/li>\n<li data-zone-id=\"0\" data-line-index=\"0\" data-line=\"true\">Perfecto para: Gasolina \/ Gas Licuado (GLP), Queroseno, Gas\u00f3leo Ligero, Petr\u00f3leo Crudo, Fuel Pesado, L\u00edquidos de Alta Viscosidad, L\u00edquidos con Alto Contenido en Agua y L\u00edquidos de Ultra Alta Viscosidad.<\/li>\n<li data-zone-id=\"0\" data-line-index=\"0\" data-line=\"true\">El exclusivo dise\u00f1o de rotor helicoidal ofrece una serie de ventajas con respecto a los contadores de descargas parciales tradicionales de tipo engranaje, como la reducci\u00f3n de la ca\u00edda de presi\u00f3n, la pr\u00e1ctica eliminaci\u00f3n de las pulsaciones descendentes, una mayor tolerancia a las part\u00edculas y un mantenimiento reducido.<\/li>\n<li data-zone-id=\"0\" data-line-index=\"0\" data-line=\"true\">Tambi\u00e9n disponible en construcciones espec\u00edficas para el cliente<\/li>\n<li data-zone-id=\"0\" data-line-index=\"0\" data-line=\"true\">La pantalla LCD est\u00e1 disponible en ingl\u00e9s, espa\u00f1ol, franc\u00e9s y otros idiomas previa petici\u00f3n.<\/li>\n<li data-zone-id=\"0\" data-line-index=\"0\" data-line=\"true\">Cada caudal\u00edmetro se calibra y se le asigna un n\u00famero de serie \u00fanico que corresponde a todos los datos de calibraci\u00f3n.<\/li>\n<\/ol>\n<\/div>\n<\/div>\n<div class=\"elementor-element e-con-full e-flex e-con e-child\">\n<div class=\"elementor-widget-container\">\n<h3 class=\"elementor-heading-title elementor-size-default\">Aplicaciones:<\/h3>\n<\/div>\n<div class=\"elementor-widget-container\">\n<div>\n<ul>\n<li data-zone-id=\"0\" data-line-index=\"0\" data-line=\"true\">Petr\u00f3leo y gas<\/li>\n<li data-zone-id=\"0\" data-line-index=\"0\" data-line=\"true\">Agua y aguas residuales<\/li>\n<li data-zone-id=\"0\" data-line-index=\"0\" data-line=\"true\">Industria qu\u00edmica e inyecci\u00f3n de productos qu\u00edmicos<\/li>\n<li data-zone-id=\"0\" data-line-index=\"0\" data-line=\"true\">Generaci\u00f3n de energ\u00eda<\/li>\n<li data-zone-id=\"0\" data-line-index=\"0\" data-line=\"true\">Productos farmac\u00e9uticos<\/li>\n<li data-zone-id=\"0\" data-line-index=\"0\" data-line=\"true\">Alimentaci\u00f3n y bebidas<\/li>\n<li data-zone-id=\"0\" data-line-index=\"0\" data-line=\"true\">Pasta y papel<\/li>\n<li data-zone-id=\"0\" data-line-index=\"0\" data-line=\"true\">Metal y miner\u00eda<\/li>\n<li data-zone-id=\"0\" data-line-index=\"0\" data-line=\"true\">Aeroespacial<\/li>\n<li data-zone-id=\"0\" data-line-index=\"0\" data-line=\"true\">Pruebas hidr\u00e1ulicas<\/li>\n<\/ul>\n<\/div>\n<\/div>\n<\/div>\n<\/div>","protected":false},"excerpt":{"rendered":"<div class=\"short-description-head\">\n<div data-zone-id=\"0\" data-line-index=\"0\" data-line=\"true\">El caudal\u00edmetro de desplazamiento positivo bi-rotor cuenta con dos elementos giratorios mecanizados con precisi\u00f3n conocidos como <strong>rotores helicoidales<\/strong> que giran y se engranan dentro de la carcasa interior del contador para formar una c\u00e1mara de medici\u00f3n de volumen conocido que puede utilizarse para determinar con precisi\u00f3n el caudal volum\u00e9trico en funci\u00f3n de la velocidad de los rotores. Se utiliza en las aplicaciones m\u00e1s exigentes que requieren precisi\u00f3n, larga vida \u00fatil y robustez. Est\u00e1 disponible en dos configuraciones, registro mec\u00e1nico integral o salida electr\u00f3nica. El caudal\u00edmetro bi-rotor tiene una alta precisi\u00f3n de hasta \u00b10,1 % y una alta presi\u00f3n de proceso de hasta 110 bar (1595 psi).<\/div>\n<\/div>","protected":false},"featured_media":25729,"template":"","meta":[],"product_brand":[],"product_cat":[209,166,165],"product_tag":[],"class_list":{"0":"post-25726","1":"product","2":"type-product","3":"status-publish","4":"has-post-thumbnail","6":"product_cat-positive-displacement-flow-meters","7":"product_cat-liquid-flow-meters","8":"product_cat-oil-flow-meters","10":"first","11":"instock","12":"shipping-taxable","13":"purchasable","14":"product-type-simple"},"_links":{"self":[{"href":"https:\/\/metlaninst.com\/es\/wp-json\/wp\/v2\/product\/25726","targetHints":{"allow":["GET"]}}],"collection":[{"href":"https:\/\/metlaninst.com\/es\/wp-json\/wp\/v2\/product"}],"about":[{"href":"https:\/\/metlaninst.com\/es\/wp-json\/wp\/v2\/types\/product"}],"version-history":[{"count":8,"href":"https:\/\/metlaninst.com\/es\/wp-json\/wp\/v2\/product\/25726\/revisions"}],"predecessor-version":[{"id":27094,"href":"https:\/\/metlaninst.com\/es\/wp-json\/wp\/v2\/product\/25726\/revisions\/27094"}],"wp:featuredmedia":[{"embeddable":true,"href":"https:\/\/metlaninst.com\/es\/wp-json\/wp\/v2\/media\/25729"}],"wp:attachment":[{"href":"https:\/\/metlaninst.com\/es\/wp-json\/wp\/v2\/media?parent=25726"}],"wp:term":[{"taxonomy":"product_brand","embeddable":true,"href":"https:\/\/metlaninst.com\/es\/wp-json\/wp\/v2\/product_brand?post=25726"},{"taxonomy":"product_cat","embeddable":true,"href":"https:\/\/metlaninst.com\/es\/wp-json\/wp\/v2\/product_cat?post=25726"},{"taxonomy":"product_tag","embeddable":true,"href":"https:\/\/metlaninst.com\/es\/wp-json\/wp\/v2\/product_tag?post=25726"}],"curies":[{"name":"wp","href":"https:\/\/api.w.org\/{rel}","templated":true}]}}