{"id":26104,"date":"2024-01-16T08:06:44","date_gmt":"2024-01-16T08:06:44","guid":{"rendered":"https:\/\/www.metlaninst.com\/?post_type=product&#038;p=26104"},"modified":"2025-12-23T03:20:27","modified_gmt":"2025-12-23T03:20:27","slug":"filtros-eliminadores-de-aire-mt-lpgx","status":"publish","type":"product","link":"https:\/\/metlaninst.com\/es\/p\/filtros-eliminadores-de-aire-mt-lpgx\/","title":{"rendered":"Eliminadores de aire \/ Filtros (MT-LPGX)"},"content":{"rendered":"<div class=\"e-con-inner\">\n<div class=\"elementor-element e-con-full e-flex e-con e-child\">\n<div class=\"elementor-widget-container\">\n<h3 class=\"elementor-heading-title elementor-size-default\">Caracter\u00edsticas:<\/h3>\n<\/div>\n<div class=\"elementor-widget-container\">\n<ol>\n<li data-zone-id=\"0\" data-line-index=\"0\" data-line=\"true\">Se instala aguas arriba con el caudal\u00edmetro para garantizar que el fluido que entra en el dispositivo est\u00e1 libre de aire o gas.<\/li>\n<li data-zone-id=\"0\" data-line-index=\"0\" data-line=\"true\">Elimina el aire o gas arrastrado del fluido.<\/li>\n<li data-zone-id=\"0\" data-line-index=\"0\" data-line=\"true\">protegiendo todos los componentes del sistema aguas abajo.<\/li>\n<li data-zone-id=\"0\" data-line-index=\"0\" data-line=\"true\">Evita las imprecisiones causadas por bolsas de aire o burbujas en el fluido, que pueden alterar las mediciones de caudal.<\/li>\n<li data-zone-id=\"0\" data-line-index=\"0\" data-line=\"true\">Imprescindible en sistemas en los que es probable que se mezcle aire o gas con el fluido, como los sistemas de medici\u00f3n de caudal de combustible o productos qu\u00edmicos.<\/li>\n<li data-zone-id=\"0\" data-line-index=\"0\" data-line=\"true\">Se utiliza en aplicaciones en las que es fundamental una medici\u00f3n precisa de s\u00f3lo l\u00edquido.<\/li>\n<\/ol>\n<\/div>\n<\/div>\n<div class=\"elementor-element e-con-full e-flex e-con e-child\">\n<div class=\"elementor-widget-container\">\n<h3 class=\"elementor-heading-title elementor-size-default\">Aplicaciones:<\/h3>\n<\/div>\n<div class=\"elementor-widget-container\">\n<ul>\n<li data-zone-id=\"0\" data-line-index=\"0\" data-line=\"true\">Petr\u00f3leo y gas<\/li>\n<li data-zone-id=\"0\" data-line-index=\"0\" data-line=\"true\">Agua y aguas residuales<\/li>\n<li data-zone-id=\"0\" data-line-index=\"0\" data-line=\"true\">Industria qu\u00edmica e inyecci\u00f3n de productos qu\u00edmicos<\/li>\n<li data-zone-id=\"0\" data-line-index=\"0\" data-line=\"true\">Productos farmac\u00e9uticos<\/li>\n<li data-zone-id=\"0\" data-line-index=\"0\" data-line=\"true\">Alimentaci\u00f3n y bebidas<\/li>\n<li data-zone-id=\"0\" data-line-index=\"0\" data-line=\"true\">Transferencia de custodia<\/li>\n<\/ul>\n<\/div>\n<\/div>\n<\/div>","protected":false},"excerpt":{"rendered":"<div class=\"short-description-head\">\n<div data-zone-id=\"0\" data-line-index=\"0\" data-line=\"true\">\n<div>\n<div data-zone-id=\"0\" data-line-index=\"0\" data-line=\"true\">The air Eliminators are designed to provide separation and elimination of air and solids in metering systems. Installing air eliminators \/ strainers upstream of measurement devices (especially positive displacement flow meters) ensures accurate measurement, whilst protecting all downstream system components.<\/div>\n<\/div>\n<\/div>\n<\/div>","protected":false},"featured_media":26107,"template":"","meta":[],"product_brand":[],"product_cat":[209,165],"product_tag":[],"class_list":{"0":"post-26104","1":"product","2":"type-product","3":"status-publish","4":"has-post-thumbnail","6":"product_cat-positive-displacement-flow-meters","7":"product_cat-oil-flow-meters","9":"first","10":"instock","11":"shipping-taxable","12":"purchasable","13":"product-type-simple"},"_links":{"self":[{"href":"https:\/\/metlaninst.com\/es\/wp-json\/wp\/v2\/product\/26104","targetHints":{"allow":["GET"]}}],"collection":[{"href":"https:\/\/metlaninst.com\/es\/wp-json\/wp\/v2\/product"}],"about":[{"href":"https:\/\/metlaninst.com\/es\/wp-json\/wp\/v2\/types\/product"}],"version-history":[{"count":3,"href":"https:\/\/metlaninst.com\/es\/wp-json\/wp\/v2\/product\/26104\/revisions"}],"predecessor-version":[{"id":27698,"href":"https:\/\/metlaninst.com\/es\/wp-json\/wp\/v2\/product\/26104\/revisions\/27698"}],"wp:featuredmedia":[{"embeddable":true,"href":"https:\/\/metlaninst.com\/es\/wp-json\/wp\/v2\/media\/26107"}],"wp:attachment":[{"href":"https:\/\/metlaninst.com\/es\/wp-json\/wp\/v2\/media?parent=26104"}],"wp:term":[{"taxonomy":"product_brand","embeddable":true,"href":"https:\/\/metlaninst.com\/es\/wp-json\/wp\/v2\/product_brand?post=26104"},{"taxonomy":"product_cat","embeddable":true,"href":"https:\/\/metlaninst.com\/es\/wp-json\/wp\/v2\/product_cat?post=26104"},{"taxonomy":"product_tag","embeddable":true,"href":"https:\/\/metlaninst.com\/es\/wp-json\/wp\/v2\/product_tag?post=26104"}],"curies":[{"name":"wp","href":"https:\/\/api.w.org\/{rel}","templated":true}]}}